{"id":7730,"date":"2021-02-10T12:37:39","date_gmt":"2021-02-10T11:37:39","guid":{"rendered":"https:\/\/www.salutacoach.com\/produkt\/follow6\/"},"modified":"2022-02-18T12:00:21","modified_gmt":"2022-02-18T11:00:21","slug":"follow6","status":"publish","type":"product","link":"https:\/\/www.salutacoach.ch\/fr\/produkt\/follow6\/","title":{"rendered":"FOLLOW UP 6"},"content":{"rendered":"<ul>\n<li>6 mois<\/li>\n<li>Poursuite du coaching<\/li>\n<li>Coach sant\u00e9 personnel<\/li>\n<li>Coaching t\u00e9l\u00e9phonique r\u00e9gulier<\/li>\n<li>Possibilit\u00e9 de chat<\/li>\n<li>Utilisation de l&rsquo;application<\/li>\n<\/ul>\n","protected":false},"excerpt":{"rendered":"<p>6 mois Poursuite du coaching Coach sant\u00e9 personnel Coaching t\u00e9l\u00e9phonique r\u00e9gulier Possibilit\u00e9 de chat Utilisation de l&rsquo;application<\/p>\n","protected":false},"featured_media":0,"comment_status":"open","ping_status":"closed","template":"","meta":{"_acf_changed":false},"product_brand":[],"product_cat":[71],"product_tag":[],"class_list":{"0":"post-7730","1":"product","2":"type-product","3":"status-publish","5":"product_cat-coaching-programme-fr","6":"product_shipping_class-kostenlos-fr","8":"first","9":"instock","10":"taxable","11":"shipping-taxable","12":"purchasable","13":"product-type-simple"},"acf":[],"yoast_head":"<!-- This site is optimized with the Yoast SEO plugin v27.4 - https:\/\/yoast.com\/product\/yoast-seo-wordpress\/ -->\n<title>FOLLOW UP 6 - SalutaCoach<\/title>\n<meta name=\"robots\" content=\"index, follow, max-snippet:-1, max-image-preview:large, max-video-preview:-1\" \/>\n<link rel=\"canonical\" href=\"https:\/\/www.salutacoach.ch\/fr\/produkt\/follow6\/\" \/>\n<meta property=\"og:locale\" content=\"fr_FR\" \/>\n<meta property=\"og:type\" content=\"article\" \/>\n<meta property=\"og:title\" content=\"FOLLOW UP 6 - SalutaCoach\" \/>\n<meta property=\"og:description\" content=\"6 mois Poursuite du coaching Coach sant\u00e9 personnel Coaching t\u00e9l\u00e9phonique r\u00e9gulier Possibilit\u00e9 de chat Utilisation de l&rsquo;application\" \/>\n<meta property=\"og:url\" content=\"https:\/\/www.salutacoach.ch\/fr\/produkt\/follow6\/\" \/>\n<meta property=\"og:site_name\" content=\"SalutaCoach\" \/>\n<meta property=\"article:publisher\" content=\"https:\/\/www.facebook.com\/salutacoach\" \/>\n<meta property=\"article:modified_time\" content=\"2022-02-18T11:00:21+00:00\" \/>\n<meta name=\"twitter:card\" content=\"summary_large_image\" \/>\n<script type=\"application\/ld+json\" class=\"yoast-schema-graph\">{\"@context\":\"https:\\\/\\\/schema.org\",\"@graph\":[{\"@type\":\"WebPage\",\"@id\":\"https:\\\/\\\/www.salutacoach.ch\\\/fr\\\/produkt\\\/follow6\\\/\",\"url\":\"https:\\\/\\\/www.salutacoach.ch\\\/fr\\\/produkt\\\/follow6\\\/\",\"name\":\"FOLLOW UP 6 - SalutaCoach\",\"isPartOf\":{\"@id\":\"https:\\\/\\\/www.salutacoach.ch\\\/#website\"},\"datePublished\":\"2021-02-10T11:37:39+00:00\",\"dateModified\":\"2022-02-18T11:00:21+00:00\",\"breadcrumb\":{\"@id\":\"https:\\\/\\\/www.salutacoach.ch\\\/fr\\\/produkt\\\/follow6\\\/#breadcrumb\"},\"inLanguage\":\"fr-FR\",\"potentialAction\":[{\"@type\":\"ReadAction\",\"target\":[\"https:\\\/\\\/www.salutacoach.ch\\\/fr\\\/produkt\\\/follow6\\\/\"]}]},{\"@type\":\"BreadcrumbList\",\"@id\":\"https:\\\/\\\/www.salutacoach.ch\\\/fr\\\/produkt\\\/follow6\\\/#breadcrumb\",\"itemListElement\":[{\"@type\":\"ListItem\",\"position\":1,\"name\":\"Startseite\",\"item\":\"https:\\\/\\\/www.salutacoach.ch\\\/\"},{\"@type\":\"ListItem\",\"position\":2,\"name\":\"Shop\",\"item\":\"https:\\\/\\\/www.salutacoach.ch\\\/?page_id=1866\"},{\"@type\":\"ListItem\",\"position\":3,\"name\":\"FOLLOW UP 6\"}]},{\"@type\":\"WebSite\",\"@id\":\"https:\\\/\\\/www.salutacoach.ch\\\/#website\",\"url\":\"https:\\\/\\\/www.salutacoach.ch\\\/\",\"name\":\"SalutaCoach\",\"description\":\"Personal Health Coaching\",\"publisher\":{\"@id\":\"https:\\\/\\\/www.salutacoach.ch\\\/#organization\"},\"potentialAction\":[{\"@type\":\"SearchAction\",\"target\":{\"@type\":\"EntryPoint\",\"urlTemplate\":\"https:\\\/\\\/www.salutacoach.ch\\\/?s={search_term_string}\"},\"query-input\":{\"@type\":\"PropertyValueSpecification\",\"valueRequired\":true,\"valueName\":\"search_term_string\"}}],\"inLanguage\":\"fr-FR\"},{\"@type\":\"Organization\",\"@id\":\"https:\\\/\\\/www.salutacoach.ch\\\/#organization\",\"name\":\"Salutacoach AG\",\"url\":\"https:\\\/\\\/www.salutacoach.ch\\\/\",\"logo\":{\"@type\":\"ImageObject\",\"inLanguage\":\"fr-FR\",\"@id\":\"https:\\\/\\\/www.salutacoach.ch\\\/#\\\/schema\\\/logo\\\/image\\\/\",\"url\":\"https:\\\/\\\/www.salutacoach.ch\\\/wp-content\\\/uploads\\\/2021\\\/01\\\/saluta_logo.png\",\"contentUrl\":\"https:\\\/\\\/www.salutacoach.ch\\\/wp-content\\\/uploads\\\/2021\\\/01\\\/saluta_logo.png\",\"width\":900,\"height\":413,\"caption\":\"Salutacoach AG\"},\"image\":{\"@id\":\"https:\\\/\\\/www.salutacoach.ch\\\/#\\\/schema\\\/logo\\\/image\\\/\"},\"sameAs\":[\"https:\\\/\\\/www.facebook.com\\\/salutacoach\",\"https:\\\/\\\/www.instagram.com\\\/salutacoach\\\/\",\"https:\\\/\\\/www.linkedin.com\\\/company\\\/salutacoach-ag\"]}]}<\/script>\n<!-- \/ Yoast SEO plugin. -->","yoast_head_json":{"title":"FOLLOW UP 6 - SalutaCoach","robots":{"index":"index","follow":"follow","max-snippet":"max-snippet:-1","max-image-preview":"max-image-preview:large","max-video-preview":"max-video-preview:-1"},"canonical":"https:\/\/www.salutacoach.ch\/fr\/produkt\/follow6\/","og_locale":"fr_FR","og_type":"article","og_title":"FOLLOW UP 6 - SalutaCoach","og_description":"6 mois Poursuite du coaching Coach sant\u00e9 personnel Coaching t\u00e9l\u00e9phonique r\u00e9gulier Possibilit\u00e9 de chat Utilisation de l&rsquo;application","og_url":"https:\/\/www.salutacoach.ch\/fr\/produkt\/follow6\/","og_site_name":"SalutaCoach","article_publisher":"https:\/\/www.facebook.com\/salutacoach","article_modified_time":"2022-02-18T11:00:21+00:00","twitter_card":"summary_large_image","schema":{"@context":"https:\/\/schema.org","@graph":[{"@type":"WebPage","@id":"https:\/\/www.salutacoach.ch\/fr\/produkt\/follow6\/","url":"https:\/\/www.salutacoach.ch\/fr\/produkt\/follow6\/","name":"FOLLOW UP 6 - SalutaCoach","isPartOf":{"@id":"https:\/\/www.salutacoach.ch\/#website"},"datePublished":"2021-02-10T11:37:39+00:00","dateModified":"2022-02-18T11:00:21+00:00","breadcrumb":{"@id":"https:\/\/www.salutacoach.ch\/fr\/produkt\/follow6\/#breadcrumb"},"inLanguage":"fr-FR","potentialAction":[{"@type":"ReadAction","target":["https:\/\/www.salutacoach.ch\/fr\/produkt\/follow6\/"]}]},{"@type":"BreadcrumbList","@id":"https:\/\/www.salutacoach.ch\/fr\/produkt\/follow6\/#breadcrumb","itemListElement":[{"@type":"ListItem","position":1,"name":"Startseite","item":"https:\/\/www.salutacoach.ch\/"},{"@type":"ListItem","position":2,"name":"Shop","item":"https:\/\/www.salutacoach.ch\/?page_id=1866"},{"@type":"ListItem","position":3,"name":"FOLLOW UP 6"}]},{"@type":"WebSite","@id":"https:\/\/www.salutacoach.ch\/#website","url":"https:\/\/www.salutacoach.ch\/","name":"SalutaCoach","description":"Personal Health Coaching","publisher":{"@id":"https:\/\/www.salutacoach.ch\/#organization"},"potentialAction":[{"@type":"SearchAction","target":{"@type":"EntryPoint","urlTemplate":"https:\/\/www.salutacoach.ch\/?s={search_term_string}"},"query-input":{"@type":"PropertyValueSpecification","valueRequired":true,"valueName":"search_term_string"}}],"inLanguage":"fr-FR"},{"@type":"Organization","@id":"https:\/\/www.salutacoach.ch\/#organization","name":"Salutacoach AG","url":"https:\/\/www.salutacoach.ch\/","logo":{"@type":"ImageObject","inLanguage":"fr-FR","@id":"https:\/\/www.salutacoach.ch\/#\/schema\/logo\/image\/","url":"https:\/\/www.salutacoach.ch\/wp-content\/uploads\/2021\/01\/saluta_logo.png","contentUrl":"https:\/\/www.salutacoach.ch\/wp-content\/uploads\/2021\/01\/saluta_logo.png","width":900,"height":413,"caption":"Salutacoach AG"},"image":{"@id":"https:\/\/www.salutacoach.ch\/#\/schema\/logo\/image\/"},"sameAs":["https:\/\/www.facebook.com\/salutacoach","https:\/\/www.instagram.com\/salutacoach\/","https:\/\/www.linkedin.com\/company\/salutacoach-ag"]}]}},"_links":{"self":[{"href":"https:\/\/www.salutacoach.ch\/fr\/wp-json\/wp\/v2\/product\/7730","targetHints":{"allow":["GET"]}}],"collection":[{"href":"https:\/\/www.salutacoach.ch\/fr\/wp-json\/wp\/v2\/product"}],"about":[{"href":"https:\/\/www.salutacoach.ch\/fr\/wp-json\/wp\/v2\/types\/product"}],"replies":[{"embeddable":true,"href":"https:\/\/www.salutacoach.ch\/fr\/wp-json\/wp\/v2\/comments?post=7730"}],"wp:attachment":[{"href":"https:\/\/www.salutacoach.ch\/fr\/wp-json\/wp\/v2\/media?parent=7730"}],"wp:term":[{"taxonomy":"product_brand","embeddable":true,"href":"https:\/\/www.salutacoach.ch\/fr\/wp-json\/wp\/v2\/product_brand?post=7730"},{"taxonomy":"product_cat","embeddable":true,"href":"https:\/\/www.salutacoach.ch\/fr\/wp-json\/wp\/v2\/product_cat?post=7730"},{"taxonomy":"product_tag","embeddable":true,"href":"https:\/\/www.salutacoach.ch\/fr\/wp-json\/wp\/v2\/product_tag?post=7730"}],"curies":[{"name":"wp","href":"https:\/\/api.w.org\/{rel}","templated":true}]}}