{"id":7696,"date":"2022-01-24T08:37:53","date_gmt":"2022-01-24T07:37:53","guid":{"rendered":"https:\/\/www.salutacoach.com\/produkt\/intensive-alimentation-css\/"},"modified":"2026-02-10T17:56:36","modified_gmt":"2026-02-10T16:56:36","slug":"intensive-css","status":"publish","type":"product","link":"https:\/\/www.salutacoach.ch\/fr\/produkt\/intensive-css\/","title":{"rendered":"12 mois &#8211; Intensif (alimentation CSS)"},"content":{"rendered":"<h3>Base<\/h3>\n<p><strong>Coach personnel<\/strong><\/p>\n<ul>\n<li>Motive, soutient et trouve de nouvelles solutions<\/li>\n<li>Certifi\u00e9 acad\u00e9miquement<\/li>\n<li>Coach s\u00e9lectionn\u00e9 en fonction des besoins personnels<\/li>\n<\/ul>\n<p><strong>3 D\u00e9terminations de la situation<\/strong><\/p>\n<ul>\n<li><strong>D\u00e9marrage : <\/strong>1 Questionnaire holistique (activit\u00e9 physique, alimentation et sant\u00e9 mentale)<\/li>\n<li><strong>Milieu : <\/strong>1 bilan de comp\u00e9tences en fonction des objectifs personnels<\/li>\n<li><strong>Fin : <\/strong>1 bilan de comp\u00e9tences en fonction des objectifs personnels<\/li>\n<li>\u00c9valuation personnelle par le coach<\/li>\n<\/ul>\n<p><strong>1:1 Coaching  <\/strong><\/p>\n<ul>\n<li>environ 21 entretiens de coaching personnels<\/li>\n<li>D\u00e9veloppement de strat\u00e9gies de r\u00e9solution individuelles<\/li>\n<li>par t\u00e9l\u00e9phone ou vid\u00e9o<\/li>\n<\/ul>\n<p><strong>Journal de coaching<\/strong><\/p>\n<ul>\n<li>Documentation de l&rsquo;ensemble du processus de coaching par le coach<\/li>\n<li>Recommandations de connaissances personnalis\u00e9es<\/li>\n<li>Fournir des entra\u00eenements adapt\u00e9s, des recettes, de la litt\u00e9rature, etc.<\/li>\n<li>Aide \u00e0 la planification personnelle de l&rsquo;activit\u00e9 physique et de l&rsquo;alimentation<\/li>\n<\/ul>\n<p><strong>Application de coaching<\/strong><\/p>\n<ul>\n<li>Communication et stockage s\u00e9curis\u00e9s<\/li>\n<li>Chat : possibilit\u00e9 de prendre contact entre les coachings<\/li>\n<li>Documentation historique<\/li>\n<\/ul>\n<p><strong>Notre m\u00e9thode  <\/strong><\/p>\n<ul>\n<li>Le coaching est bas\u00e9 sur des techniques de changement de comportement scientifiquement reconnues<strong>.<\/strong><\/li>\n<li>Le coaching de sant\u00e9 personnel a \u00e9t\u00e9 d\u00e9velopp\u00e9 et test\u00e9 \u00e0 l&rsquo;universit\u00e9 de B\u00e2le.<\/li>\n<\/ul>\n","protected":false},"excerpt":{"rendered":"<p>Base Coach personnel Motive, soutient et trouve de nouvelles solutions Certifi\u00e9 acad\u00e9miquement Coach s\u00e9lectionn\u00e9 en fonction des besoins personnels 3 D\u00e9terminations de la situation D\u00e9marrage : 1 Questionnaire holistique (activit\u00e9 physique, alimentation et sant\u00e9 mentale) Milieu : 1 bilan de comp\u00e9tences en fonction des objectifs personnels Fin : 1 bilan de comp\u00e9tences en fonction des [&hellip;]<\/p>\n","protected":false},"featured_media":12295,"comment_status":"open","ping_status":"closed","template":"","meta":{"_acf_changed":false},"product_brand":[],"product_cat":[86],"product_tag":[],"class_list":{"0":"post-7696","1":"product","2":"type-product","3":"status-publish","4":"has-post-thumbnail","6":"product_cat-css-fr","7":"product_shipping_class-kostenlos-fr","9":"first","10":"instock","11":"taxable","12":"shipping-taxable","13":"purchasable","14":"product-type-simple"},"acf":[],"yoast_head":"<!-- This site is optimized with the Yoast SEO plugin v27.4 - https:\/\/yoast.com\/product\/yoast-seo-wordpress\/ -->\n<title>12 mois - Intensif (alimentation CSS) - SalutaCoach<\/title>\n<meta name=\"robots\" content=\"index, follow, max-snippet:-1, max-image-preview:large, max-video-preview:-1\" \/>\n<link rel=\"canonical\" href=\"https:\/\/www.salutacoach.ch\/fr\/produkt\/intensive-css\/\" \/>\n<meta property=\"og:locale\" content=\"fr_FR\" \/>\n<meta property=\"og:type\" content=\"article\" \/>\n<meta property=\"og:title\" content=\"12 mois - Intensif (alimentation CSS) - SalutaCoach\" \/>\n<meta property=\"og:description\" content=\"Base Coach personnel Motive, soutient et trouve de nouvelles solutions Certifi\u00e9 acad\u00e9miquement Coach s\u00e9lectionn\u00e9 en fonction des besoins personnels 3 D\u00e9terminations de la situation D\u00e9marrage : 1 Questionnaire holistique (activit\u00e9 physique, alimentation et sant\u00e9 mentale) Milieu : 1 bilan de comp\u00e9tences en fonction des objectifs personnels Fin : 1 bilan de comp\u00e9tences en fonction des [&hellip;]\" \/>\n<meta property=\"og:url\" content=\"https:\/\/www.salutacoach.ch\/fr\/produkt\/intensive-css\/\" \/>\n<meta property=\"og:site_name\" content=\"SalutaCoach\" \/>\n<meta property=\"article:publisher\" content=\"https:\/\/www.facebook.com\/salutacoach\" \/>\n<meta property=\"article:modified_time\" content=\"2026-02-10T16:56:36+00:00\" \/>\n<meta property=\"og:image\" content=\"https:\/\/www.salutacoach.ch\/wp-content\/uploads\/2021\/10\/SalutaCoach-Web-2K-Q60-55.jpg\" \/>\n\t<meta property=\"og:image:width\" content=\"2000\" \/>\n\t<meta property=\"og:image:height\" content=\"1600\" \/>\n\t<meta property=\"og:image:type\" content=\"image\/jpeg\" \/>\n<meta name=\"twitter:card\" content=\"summary_large_image\" \/>\n<meta name=\"twitter:label1\" content=\"Dur\u00e9e de lecture estim\u00e9e\" \/>\n\t<meta name=\"twitter:data1\" content=\"1 minute\" \/>\n<script type=\"application\/ld+json\" class=\"yoast-schema-graph\">{\"@context\":\"https:\\\/\\\/schema.org\",\"@graph\":[{\"@type\":\"WebPage\",\"@id\":\"https:\\\/\\\/www.salutacoach.ch\\\/fr\\\/produkt\\\/intensive-css\\\/\",\"url\":\"https:\\\/\\\/www.salutacoach.ch\\\/fr\\\/produkt\\\/intensive-css\\\/\",\"name\":\"12 mois - Intensif (alimentation CSS) - SalutaCoach\",\"isPartOf\":{\"@id\":\"https:\\\/\\\/www.salutacoach.ch\\\/#website\"},\"primaryImageOfPage\":{\"@id\":\"https:\\\/\\\/www.salutacoach.ch\\\/fr\\\/produkt\\\/intensive-css\\\/#primaryimage\"},\"image\":{\"@id\":\"https:\\\/\\\/www.salutacoach.ch\\\/fr\\\/produkt\\\/intensive-css\\\/#primaryimage\"},\"thumbnailUrl\":\"https:\\\/\\\/www.salutacoach.ch\\\/wp-content\\\/uploads\\\/2021\\\/10\\\/SalutaCoach-Web-2K-Q60-55.jpg\",\"datePublished\":\"2022-01-24T07:37:53+00:00\",\"dateModified\":\"2026-02-10T16:56:36+00:00\",\"breadcrumb\":{\"@id\":\"https:\\\/\\\/www.salutacoach.ch\\\/fr\\\/produkt\\\/intensive-css\\\/#breadcrumb\"},\"inLanguage\":\"fr-FR\",\"potentialAction\":[{\"@type\":\"ReadAction\",\"target\":[\"https:\\\/\\\/www.salutacoach.ch\\\/fr\\\/produkt\\\/intensive-css\\\/\"]}]},{\"@type\":\"ImageObject\",\"inLanguage\":\"fr-FR\",\"@id\":\"https:\\\/\\\/www.salutacoach.ch\\\/fr\\\/produkt\\\/intensive-css\\\/#primaryimage\",\"url\":\"https:\\\/\\\/www.salutacoach.ch\\\/wp-content\\\/uploads\\\/2021\\\/10\\\/SalutaCoach-Web-2K-Q60-55.jpg\",\"contentUrl\":\"https:\\\/\\\/www.salutacoach.ch\\\/wp-content\\\/uploads\\\/2021\\\/10\\\/SalutaCoach-Web-2K-Q60-55.jpg\",\"width\":2000,\"height\":1600},{\"@type\":\"BreadcrumbList\",\"@id\":\"https:\\\/\\\/www.salutacoach.ch\\\/fr\\\/produkt\\\/intensive-css\\\/#breadcrumb\",\"itemListElement\":[{\"@type\":\"ListItem\",\"position\":1,\"name\":\"Startseite\",\"item\":\"https:\\\/\\\/www.salutacoach.ch\\\/\"},{\"@type\":\"ListItem\",\"position\":2,\"name\":\"Shop\",\"item\":\"https:\\\/\\\/www.salutacoach.ch\\\/?page_id=1866\"},{\"@type\":\"ListItem\",\"position\":3,\"name\":\"12 mois &#8211; Intensif (alimentation CSS)\"}]},{\"@type\":\"WebSite\",\"@id\":\"https:\\\/\\\/www.salutacoach.ch\\\/#website\",\"url\":\"https:\\\/\\\/www.salutacoach.ch\\\/\",\"name\":\"SalutaCoach\",\"description\":\"Personal Health Coaching\",\"publisher\":{\"@id\":\"https:\\\/\\\/www.salutacoach.ch\\\/#organization\"},\"potentialAction\":[{\"@type\":\"SearchAction\",\"target\":{\"@type\":\"EntryPoint\",\"urlTemplate\":\"https:\\\/\\\/www.salutacoach.ch\\\/?s={search_term_string}\"},\"query-input\":{\"@type\":\"PropertyValueSpecification\",\"valueRequired\":true,\"valueName\":\"search_term_string\"}}],\"inLanguage\":\"fr-FR\"},{\"@type\":\"Organization\",\"@id\":\"https:\\\/\\\/www.salutacoach.ch\\\/#organization\",\"name\":\"Salutacoach AG\",\"url\":\"https:\\\/\\\/www.salutacoach.ch\\\/\",\"logo\":{\"@type\":\"ImageObject\",\"inLanguage\":\"fr-FR\",\"@id\":\"https:\\\/\\\/www.salutacoach.ch\\\/#\\\/schema\\\/logo\\\/image\\\/\",\"url\":\"https:\\\/\\\/www.salutacoach.ch\\\/wp-content\\\/uploads\\\/2021\\\/01\\\/saluta_logo.png\",\"contentUrl\":\"https:\\\/\\\/www.salutacoach.ch\\\/wp-content\\\/uploads\\\/2021\\\/01\\\/saluta_logo.png\",\"width\":900,\"height\":413,\"caption\":\"Salutacoach AG\"},\"image\":{\"@id\":\"https:\\\/\\\/www.salutacoach.ch\\\/#\\\/schema\\\/logo\\\/image\\\/\"},\"sameAs\":[\"https:\\\/\\\/www.facebook.com\\\/salutacoach\",\"https:\\\/\\\/www.instagram.com\\\/salutacoach\\\/\",\"https:\\\/\\\/www.linkedin.com\\\/company\\\/salutacoach-ag\"]}]}<\/script>\n<!-- \/ Yoast SEO plugin. -->","yoast_head_json":{"title":"12 mois - Intensif (alimentation CSS) - SalutaCoach","robots":{"index":"index","follow":"follow","max-snippet":"max-snippet:-1","max-image-preview":"max-image-preview:large","max-video-preview":"max-video-preview:-1"},"canonical":"https:\/\/www.salutacoach.ch\/fr\/produkt\/intensive-css\/","og_locale":"fr_FR","og_type":"article","og_title":"12 mois - Intensif (alimentation CSS) - SalutaCoach","og_description":"Base Coach personnel Motive, soutient et trouve de nouvelles solutions Certifi\u00e9 acad\u00e9miquement Coach s\u00e9lectionn\u00e9 en fonction des besoins personnels 3 D\u00e9terminations de la situation D\u00e9marrage : 1 Questionnaire holistique (activit\u00e9 physique, alimentation et sant\u00e9 mentale) Milieu : 1 bilan de comp\u00e9tences en fonction des objectifs personnels Fin : 1 bilan de comp\u00e9tences en fonction des [&hellip;]","og_url":"https:\/\/www.salutacoach.ch\/fr\/produkt\/intensive-css\/","og_site_name":"SalutaCoach","article_publisher":"https:\/\/www.facebook.com\/salutacoach","article_modified_time":"2026-02-10T16:56:36+00:00","og_image":[{"width":2000,"height":1600,"url":"https:\/\/www.salutacoach.ch\/wp-content\/uploads\/2021\/10\/SalutaCoach-Web-2K-Q60-55.jpg","type":"image\/jpeg"}],"twitter_card":"summary_large_image","twitter_misc":{"Dur\u00e9e de lecture estim\u00e9e":"1 minute"},"schema":{"@context":"https:\/\/schema.org","@graph":[{"@type":"WebPage","@id":"https:\/\/www.salutacoach.ch\/fr\/produkt\/intensive-css\/","url":"https:\/\/www.salutacoach.ch\/fr\/produkt\/intensive-css\/","name":"12 mois - Intensif (alimentation CSS) - SalutaCoach","isPartOf":{"@id":"https:\/\/www.salutacoach.ch\/#website"},"primaryImageOfPage":{"@id":"https:\/\/www.salutacoach.ch\/fr\/produkt\/intensive-css\/#primaryimage"},"image":{"@id":"https:\/\/www.salutacoach.ch\/fr\/produkt\/intensive-css\/#primaryimage"},"thumbnailUrl":"https:\/\/www.salutacoach.ch\/wp-content\/uploads\/2021\/10\/SalutaCoach-Web-2K-Q60-55.jpg","datePublished":"2022-01-24T07:37:53+00:00","dateModified":"2026-02-10T16:56:36+00:00","breadcrumb":{"@id":"https:\/\/www.salutacoach.ch\/fr\/produkt\/intensive-css\/#breadcrumb"},"inLanguage":"fr-FR","potentialAction":[{"@type":"ReadAction","target":["https:\/\/www.salutacoach.ch\/fr\/produkt\/intensive-css\/"]}]},{"@type":"ImageObject","inLanguage":"fr-FR","@id":"https:\/\/www.salutacoach.ch\/fr\/produkt\/intensive-css\/#primaryimage","url":"https:\/\/www.salutacoach.ch\/wp-content\/uploads\/2021\/10\/SalutaCoach-Web-2K-Q60-55.jpg","contentUrl":"https:\/\/www.salutacoach.ch\/wp-content\/uploads\/2021\/10\/SalutaCoach-Web-2K-Q60-55.jpg","width":2000,"height":1600},{"@type":"BreadcrumbList","@id":"https:\/\/www.salutacoach.ch\/fr\/produkt\/intensive-css\/#breadcrumb","itemListElement":[{"@type":"ListItem","position":1,"name":"Startseite","item":"https:\/\/www.salutacoach.ch\/"},{"@type":"ListItem","position":2,"name":"Shop","item":"https:\/\/www.salutacoach.ch\/?page_id=1866"},{"@type":"ListItem","position":3,"name":"12 mois &#8211; Intensif (alimentation CSS)"}]},{"@type":"WebSite","@id":"https:\/\/www.salutacoach.ch\/#website","url":"https:\/\/www.salutacoach.ch\/","name":"SalutaCoach","description":"Personal Health Coaching","publisher":{"@id":"https:\/\/www.salutacoach.ch\/#organization"},"potentialAction":[{"@type":"SearchAction","target":{"@type":"EntryPoint","urlTemplate":"https:\/\/www.salutacoach.ch\/?s={search_term_string}"},"query-input":{"@type":"PropertyValueSpecification","valueRequired":true,"valueName":"search_term_string"}}],"inLanguage":"fr-FR"},{"@type":"Organization","@id":"https:\/\/www.salutacoach.ch\/#organization","name":"Salutacoach AG","url":"https:\/\/www.salutacoach.ch\/","logo":{"@type":"ImageObject","inLanguage":"fr-FR","@id":"https:\/\/www.salutacoach.ch\/#\/schema\/logo\/image\/","url":"https:\/\/www.salutacoach.ch\/wp-content\/uploads\/2021\/01\/saluta_logo.png","contentUrl":"https:\/\/www.salutacoach.ch\/wp-content\/uploads\/2021\/01\/saluta_logo.png","width":900,"height":413,"caption":"Salutacoach AG"},"image":{"@id":"https:\/\/www.salutacoach.ch\/#\/schema\/logo\/image\/"},"sameAs":["https:\/\/www.facebook.com\/salutacoach","https:\/\/www.instagram.com\/salutacoach\/","https:\/\/www.linkedin.com\/company\/salutacoach-ag"]}]}},"_links":{"self":[{"href":"https:\/\/www.salutacoach.ch\/fr\/wp-json\/wp\/v2\/product\/7696","targetHints":{"allow":["GET"]}}],"collection":[{"href":"https:\/\/www.salutacoach.ch\/fr\/wp-json\/wp\/v2\/product"}],"about":[{"href":"https:\/\/www.salutacoach.ch\/fr\/wp-json\/wp\/v2\/types\/product"}],"replies":[{"embeddable":true,"href":"https:\/\/www.salutacoach.ch\/fr\/wp-json\/wp\/v2\/comments?post=7696"}],"wp:featuredmedia":[{"embeddable":true,"href":"https:\/\/www.salutacoach.ch\/fr\/wp-json\/wp\/v2\/media\/12295"}],"wp:attachment":[{"href":"https:\/\/www.salutacoach.ch\/fr\/wp-json\/wp\/v2\/media?parent=7696"}],"wp:term":[{"taxonomy":"product_brand","embeddable":true,"href":"https:\/\/www.salutacoach.ch\/fr\/wp-json\/wp\/v2\/product_brand?post=7696"},{"taxonomy":"product_cat","embeddable":true,"href":"https:\/\/www.salutacoach.ch\/fr\/wp-json\/wp\/v2\/product_cat?post=7696"},{"taxonomy":"product_tag","embeddable":true,"href":"https:\/\/www.salutacoach.ch\/fr\/wp-json\/wp\/v2\/product_tag?post=7696"}],"curies":[{"name":"wp","href":"https:\/\/api.w.org\/{rel}","templated":true}]}}