{"id":7033,"date":"2022-01-21T12:16:52","date_gmt":"2022-01-21T11:16:52","guid":{"rendered":"https:\/\/www.salutacoach.com\/?post_type=product&#038;p=7033"},"modified":"2022-02-18T11:46:18","modified_gmt":"2022-02-18T10:46:18","slug":"short-check-up","status":"publish","type":"product","link":"https:\/\/www.salutacoach.ch\/fr\/produkt\/short-check-up\/","title":{"rendered":"Starter (Coaching de sant\u00e9 personnel avec check-up court)"},"content":{"rendered":"<div class=\"avia-icon-list-container avia-builder-el-5 el_before_av_product_button avia-builder-el-first \">\n<article class=\"article-icon-entry av-iconlist-empty\">\n<div class=\"iconlist_content_wrap\">\n<header class=\"entry-content-header\">\n<ul>\n<li class=\"av_iconlist_title iconlist_title_small \">1 coaching, y compris un check-up pr\u00e9alable avec MS-Fit<\/li>\n<li class=\"av_iconlist_title iconlist_title_small \">Je souhaite maintenir un style de vie actif et sain \u00e0 long terme \u00e0 l&rsquo;aide du Personal Health Coaching.<\/li>\n<li class=\"av_iconlist_title iconlist_title_small \">Analyse de la sant\u00e9 actuelle<\/li>\n<li class=\"av_iconlist_title iconlist_title_small \">Coach sant\u00e9 personnel<\/li>\n<li class=\"av_iconlist_title iconlist_title_small \">Possibilit\u00e9 de chat<\/li>\n<li class=\"av_iconlist_title iconlist_title_small \">Utilisation de l&rsquo;application<br \/>\n<article class=\"article-icon-entry av-iconlist-empty\">\n<footer class=\"entry-footer\"><\/footer>\n<\/article>\n<\/li>\n<\/ul>\n<\/header>\n<\/div>\n<\/article>\n<\/div>\n","protected":false},"excerpt":{"rendered":"<p>1 coaching, y compris un check-up pr\u00e9alable avec MS-Fit Je souhaite maintenir un style de vie actif et sain \u00e0 long terme \u00e0 l&rsquo;aide du Personal Health Coaching. Analyse de la sant\u00e9 actuelle Coach sant\u00e9 personnel Possibilit\u00e9 de chat Utilisation de l&rsquo;application<\/p>\n","protected":false},"featured_media":7700,"comment_status":"open","ping_status":"closed","template":"","meta":{"_acf_changed":false},"product_brand":[],"product_cat":[67],"product_tag":[],"class_list":{"0":"post-7033","1":"product","2":"type-product","3":"status-publish","4":"has-post-thumbnail","6":"product_cat-checkup-coaching-fr","7":"product_shipping_class-kostenlos-fr","9":"first","10":"instock","11":"taxable","12":"shipping-taxable","13":"purchasable","14":"product-type-simple"},"acf":[],"yoast_head":"<!-- This site is optimized with the Yoast SEO plugin v27.4 - https:\/\/yoast.com\/product\/yoast-seo-wordpress\/ -->\n<title>Starter (Coaching de sant\u00e9 personnel avec check-up court) - SalutaCoach<\/title>\n<meta name=\"robots\" content=\"index, follow, max-snippet:-1, max-image-preview:large, max-video-preview:-1\" \/>\n<link rel=\"canonical\" href=\"https:\/\/www.salutacoach.ch\/fr\/produkt\/short-check-up\/\" \/>\n<meta property=\"og:locale\" content=\"fr_FR\" \/>\n<meta property=\"og:type\" content=\"article\" \/>\n<meta property=\"og:title\" content=\"Starter (Coaching de sant\u00e9 personnel avec check-up court) - SalutaCoach\" \/>\n<meta property=\"og:description\" content=\"1 coaching, y compris un check-up pr\u00e9alable avec MS-Fit Je souhaite maintenir un style de vie actif et sain \u00e0 long terme \u00e0 l&rsquo;aide du Personal Health Coaching. Analyse de la sant\u00e9 actuelle Coach sant\u00e9 personnel Possibilit\u00e9 de chat Utilisation de l&rsquo;application\" \/>\n<meta property=\"og:url\" content=\"https:\/\/www.salutacoach.ch\/fr\/produkt\/short-check-up\/\" \/>\n<meta property=\"og:site_name\" content=\"SalutaCoach\" \/>\n<meta property=\"article:publisher\" content=\"https:\/\/www.facebook.com\/salutacoach\" \/>\n<meta property=\"article:modified_time\" content=\"2022-02-18T10:46:18+00:00\" \/>\n<meta property=\"og:image\" content=\"https:\/\/www.salutacoach.ch\/wp-content\/uploads\/2021\/11\/SalutaCoach-Web-2K-Q60-99-e1636378636465.jpg\" \/>\n\t<meta property=\"og:image:width\" content=\"1500\" \/>\n\t<meta property=\"og:image:height\" content=\"1000\" \/>\n\t<meta property=\"og:image:type\" content=\"image\/jpeg\" \/>\n<meta name=\"twitter:card\" content=\"summary_large_image\" \/>\n<meta name=\"twitter:label1\" content=\"Dur\u00e9e de lecture estim\u00e9e\" \/>\n\t<meta name=\"twitter:data1\" content=\"1 minute\" \/>\n<script type=\"application\/ld+json\" class=\"yoast-schema-graph\">{\"@context\":\"https:\\\/\\\/schema.org\",\"@graph\":[{\"@type\":\"WebPage\",\"@id\":\"https:\\\/\\\/www.salutacoach.ch\\\/fr\\\/produkt\\\/short-check-up\\\/\",\"url\":\"https:\\\/\\\/www.salutacoach.ch\\\/fr\\\/produkt\\\/short-check-up\\\/\",\"name\":\"Starter (Coaching de sant\u00e9 personnel avec check-up court) - SalutaCoach\",\"isPartOf\":{\"@id\":\"https:\\\/\\\/www.salutacoach.ch\\\/#website\"},\"primaryImageOfPage\":{\"@id\":\"https:\\\/\\\/www.salutacoach.ch\\\/fr\\\/produkt\\\/short-check-up\\\/#primaryimage\"},\"image\":{\"@id\":\"https:\\\/\\\/www.salutacoach.ch\\\/fr\\\/produkt\\\/short-check-up\\\/#primaryimage\"},\"thumbnailUrl\":\"https:\\\/\\\/www.salutacoach.ch\\\/wp-content\\\/uploads\\\/2021\\\/11\\\/SalutaCoach-Web-2K-Q60-99-e1636378636465.jpg\",\"datePublished\":\"2022-01-21T11:16:52+00:00\",\"dateModified\":\"2022-02-18T10:46:18+00:00\",\"breadcrumb\":{\"@id\":\"https:\\\/\\\/www.salutacoach.ch\\\/fr\\\/produkt\\\/short-check-up\\\/#breadcrumb\"},\"inLanguage\":\"fr-FR\",\"potentialAction\":[{\"@type\":\"ReadAction\",\"target\":[\"https:\\\/\\\/www.salutacoach.ch\\\/fr\\\/produkt\\\/short-check-up\\\/\"]}]},{\"@type\":\"ImageObject\",\"inLanguage\":\"fr-FR\",\"@id\":\"https:\\\/\\\/www.salutacoach.ch\\\/fr\\\/produkt\\\/short-check-up\\\/#primaryimage\",\"url\":\"https:\\\/\\\/www.salutacoach.ch\\\/wp-content\\\/uploads\\\/2021\\\/11\\\/SalutaCoach-Web-2K-Q60-99-e1636378636465.jpg\",\"contentUrl\":\"https:\\\/\\\/www.salutacoach.ch\\\/wp-content\\\/uploads\\\/2021\\\/11\\\/SalutaCoach-Web-2K-Q60-99-e1636378636465.jpg\",\"width\":1500,\"height\":1000},{\"@type\":\"BreadcrumbList\",\"@id\":\"https:\\\/\\\/www.salutacoach.ch\\\/fr\\\/produkt\\\/short-check-up\\\/#breadcrumb\",\"itemListElement\":[{\"@type\":\"ListItem\",\"position\":1,\"name\":\"Startseite\",\"item\":\"https:\\\/\\\/www.salutacoach.ch\\\/\"},{\"@type\":\"ListItem\",\"position\":2,\"name\":\"Shop\",\"item\":\"https:\\\/\\\/www.salutacoach.ch\\\/?page_id=1866\"},{\"@type\":\"ListItem\",\"position\":3,\"name\":\"Starter (Coaching de sant\u00e9 personnel avec check-up court)\"}]},{\"@type\":\"WebSite\",\"@id\":\"https:\\\/\\\/www.salutacoach.ch\\\/#website\",\"url\":\"https:\\\/\\\/www.salutacoach.ch\\\/\",\"name\":\"SalutaCoach\",\"description\":\"Personal Health Coaching\",\"publisher\":{\"@id\":\"https:\\\/\\\/www.salutacoach.ch\\\/#organization\"},\"potentialAction\":[{\"@type\":\"SearchAction\",\"target\":{\"@type\":\"EntryPoint\",\"urlTemplate\":\"https:\\\/\\\/www.salutacoach.ch\\\/?s={search_term_string}\"},\"query-input\":{\"@type\":\"PropertyValueSpecification\",\"valueRequired\":true,\"valueName\":\"search_term_string\"}}],\"inLanguage\":\"fr-FR\"},{\"@type\":\"Organization\",\"@id\":\"https:\\\/\\\/www.salutacoach.ch\\\/#organization\",\"name\":\"Salutacoach AG\",\"url\":\"https:\\\/\\\/www.salutacoach.ch\\\/\",\"logo\":{\"@type\":\"ImageObject\",\"inLanguage\":\"fr-FR\",\"@id\":\"https:\\\/\\\/www.salutacoach.ch\\\/#\\\/schema\\\/logo\\\/image\\\/\",\"url\":\"https:\\\/\\\/www.salutacoach.ch\\\/wp-content\\\/uploads\\\/2021\\\/01\\\/saluta_logo.png\",\"contentUrl\":\"https:\\\/\\\/www.salutacoach.ch\\\/wp-content\\\/uploads\\\/2021\\\/01\\\/saluta_logo.png\",\"width\":900,\"height\":413,\"caption\":\"Salutacoach AG\"},\"image\":{\"@id\":\"https:\\\/\\\/www.salutacoach.ch\\\/#\\\/schema\\\/logo\\\/image\\\/\"},\"sameAs\":[\"https:\\\/\\\/www.facebook.com\\\/salutacoach\",\"https:\\\/\\\/www.instagram.com\\\/salutacoach\\\/\",\"https:\\\/\\\/www.linkedin.com\\\/company\\\/salutacoach-ag\"]}]}<\/script>\n<!-- \/ Yoast SEO plugin. -->","yoast_head_json":{"title":"Starter (Coaching de sant\u00e9 personnel avec check-up court) - SalutaCoach","robots":{"index":"index","follow":"follow","max-snippet":"max-snippet:-1","max-image-preview":"max-image-preview:large","max-video-preview":"max-video-preview:-1"},"canonical":"https:\/\/www.salutacoach.ch\/fr\/produkt\/short-check-up\/","og_locale":"fr_FR","og_type":"article","og_title":"Starter (Coaching de sant\u00e9 personnel avec check-up court) - SalutaCoach","og_description":"1 coaching, y compris un check-up pr\u00e9alable avec MS-Fit Je souhaite maintenir un style de vie actif et sain \u00e0 long terme \u00e0 l&rsquo;aide du Personal Health Coaching. Analyse de la sant\u00e9 actuelle Coach sant\u00e9 personnel Possibilit\u00e9 de chat Utilisation de l&rsquo;application","og_url":"https:\/\/www.salutacoach.ch\/fr\/produkt\/short-check-up\/","og_site_name":"SalutaCoach","article_publisher":"https:\/\/www.facebook.com\/salutacoach","article_modified_time":"2022-02-18T10:46:18+00:00","og_image":[{"width":1500,"height":1000,"url":"https:\/\/www.salutacoach.ch\/wp-content\/uploads\/2021\/11\/SalutaCoach-Web-2K-Q60-99-e1636378636465.jpg","type":"image\/jpeg"}],"twitter_card":"summary_large_image","twitter_misc":{"Dur\u00e9e de lecture estim\u00e9e":"1 minute"},"schema":{"@context":"https:\/\/schema.org","@graph":[{"@type":"WebPage","@id":"https:\/\/www.salutacoach.ch\/fr\/produkt\/short-check-up\/","url":"https:\/\/www.salutacoach.ch\/fr\/produkt\/short-check-up\/","name":"Starter (Coaching de sant\u00e9 personnel avec check-up court) - SalutaCoach","isPartOf":{"@id":"https:\/\/www.salutacoach.ch\/#website"},"primaryImageOfPage":{"@id":"https:\/\/www.salutacoach.ch\/fr\/produkt\/short-check-up\/#primaryimage"},"image":{"@id":"https:\/\/www.salutacoach.ch\/fr\/produkt\/short-check-up\/#primaryimage"},"thumbnailUrl":"https:\/\/www.salutacoach.ch\/wp-content\/uploads\/2021\/11\/SalutaCoach-Web-2K-Q60-99-e1636378636465.jpg","datePublished":"2022-01-21T11:16:52+00:00","dateModified":"2022-02-18T10:46:18+00:00","breadcrumb":{"@id":"https:\/\/www.salutacoach.ch\/fr\/produkt\/short-check-up\/#breadcrumb"},"inLanguage":"fr-FR","potentialAction":[{"@type":"ReadAction","target":["https:\/\/www.salutacoach.ch\/fr\/produkt\/short-check-up\/"]}]},{"@type":"ImageObject","inLanguage":"fr-FR","@id":"https:\/\/www.salutacoach.ch\/fr\/produkt\/short-check-up\/#primaryimage","url":"https:\/\/www.salutacoach.ch\/wp-content\/uploads\/2021\/11\/SalutaCoach-Web-2K-Q60-99-e1636378636465.jpg","contentUrl":"https:\/\/www.salutacoach.ch\/wp-content\/uploads\/2021\/11\/SalutaCoach-Web-2K-Q60-99-e1636378636465.jpg","width":1500,"height":1000},{"@type":"BreadcrumbList","@id":"https:\/\/www.salutacoach.ch\/fr\/produkt\/short-check-up\/#breadcrumb","itemListElement":[{"@type":"ListItem","position":1,"name":"Startseite","item":"https:\/\/www.salutacoach.ch\/"},{"@type":"ListItem","position":2,"name":"Shop","item":"https:\/\/www.salutacoach.ch\/?page_id=1866"},{"@type":"ListItem","position":3,"name":"Starter (Coaching de sant\u00e9 personnel avec check-up court)"}]},{"@type":"WebSite","@id":"https:\/\/www.salutacoach.ch\/#website","url":"https:\/\/www.salutacoach.ch\/","name":"SalutaCoach","description":"Personal Health Coaching","publisher":{"@id":"https:\/\/www.salutacoach.ch\/#organization"},"potentialAction":[{"@type":"SearchAction","target":{"@type":"EntryPoint","urlTemplate":"https:\/\/www.salutacoach.ch\/?s={search_term_string}"},"query-input":{"@type":"PropertyValueSpecification","valueRequired":true,"valueName":"search_term_string"}}],"inLanguage":"fr-FR"},{"@type":"Organization","@id":"https:\/\/www.salutacoach.ch\/#organization","name":"Salutacoach AG","url":"https:\/\/www.salutacoach.ch\/","logo":{"@type":"ImageObject","inLanguage":"fr-FR","@id":"https:\/\/www.salutacoach.ch\/#\/schema\/logo\/image\/","url":"https:\/\/www.salutacoach.ch\/wp-content\/uploads\/2021\/01\/saluta_logo.png","contentUrl":"https:\/\/www.salutacoach.ch\/wp-content\/uploads\/2021\/01\/saluta_logo.png","width":900,"height":413,"caption":"Salutacoach AG"},"image":{"@id":"https:\/\/www.salutacoach.ch\/#\/schema\/logo\/image\/"},"sameAs":["https:\/\/www.facebook.com\/salutacoach","https:\/\/www.instagram.com\/salutacoach\/","https:\/\/www.linkedin.com\/company\/salutacoach-ag"]}]}},"_links":{"self":[{"href":"https:\/\/www.salutacoach.ch\/fr\/wp-json\/wp\/v2\/product\/7033","targetHints":{"allow":["GET"]}}],"collection":[{"href":"https:\/\/www.salutacoach.ch\/fr\/wp-json\/wp\/v2\/product"}],"about":[{"href":"https:\/\/www.salutacoach.ch\/fr\/wp-json\/wp\/v2\/types\/product"}],"replies":[{"embeddable":true,"href":"https:\/\/www.salutacoach.ch\/fr\/wp-json\/wp\/v2\/comments?post=7033"}],"wp:featuredmedia":[{"embeddable":true,"href":"https:\/\/www.salutacoach.ch\/fr\/wp-json\/wp\/v2\/media\/7700"}],"wp:attachment":[{"href":"https:\/\/www.salutacoach.ch\/fr\/wp-json\/wp\/v2\/media?parent=7033"}],"wp:term":[{"taxonomy":"product_brand","embeddable":true,"href":"https:\/\/www.salutacoach.ch\/fr\/wp-json\/wp\/v2\/product_brand?post=7033"},{"taxonomy":"product_cat","embeddable":true,"href":"https:\/\/www.salutacoach.ch\/fr\/wp-json\/wp\/v2\/product_cat?post=7033"},{"taxonomy":"product_tag","embeddable":true,"href":"https:\/\/www.salutacoach.ch\/fr\/wp-json\/wp\/v2\/product_tag?post=7033"}],"curies":[{"name":"wp","href":"https:\/\/api.w.org\/{rel}","templated":true}]}}