{"id":6019,"date":"2021-01-27T13:28:17","date_gmt":"2021-01-27T12:28:17","guid":{"rendered":"https:\/\/www.salutacoach.com\/produkt\/active\/"},"modified":"2026-02-13T13:42:41","modified_gmt":"2026-02-13T12:42:41","slug":"active","status":"publish","type":"product","link":"https:\/\/www.salutacoach.ch\/fr\/produkt\/active\/","title":{"rendered":"3 mois &#8211; Active"},"content":{"rendered":"<h3>Base<\/h3>\n<p><strong>Coach personnel<\/strong><\/p>\n<ul>\n<li>Motive, soutient et trouve de nouvelles solutions<\/li>\n<li>Certifi\u00e9 acad\u00e9miquement<\/li>\n<li>Coach s\u00e9lectionn\u00e9 en fonction des besoins personnels<\/li>\n<\/ul>\n<p><strong>2 D\u00e9terminations de la situation<\/strong><\/p>\n<ul>\n<li><strong>D\u00e9marrage : <\/strong>1 Questionnaire holistique (activit\u00e9 physique, alimentation et sant\u00e9 mentale)<\/li>\n<li><strong>Fin : <\/strong>1 bilan de comp\u00e9tences en fonction des objectifs personnels<\/li>\n<li>\u00c9valuation personnelle par le coach<\/li>\n<\/ul>\n<p><strong>1:1 Coaching <\/strong><\/p>\n<ul>\n<li>environ 5 entretiens de coaching personnels<\/li>\n<li>D\u00e9veloppement de strat\u00e9gies de r\u00e9solution individuelles<\/li>\n<li>par t\u00e9l\u00e9phone ou vid\u00e9o<\/li>\n<\/ul>\n<p><strong>Journal de coaching<\/strong><\/p>\n<ul>\n<li>Documentation de l&rsquo;ensemble du processus de coaching par le coach<\/li>\n<li>Recommandations de connaissances personnalis\u00e9es<\/li>\n<li>Fournir des entra\u00eenements adapt\u00e9s, des recettes, de la litt\u00e9rature, etc.<\/li>\n<li>Aide \u00e0 la planification personnelle de l&rsquo;activit\u00e9 physique et de l&rsquo;alimentation<\/li>\n<\/ul>\n<p><strong>Application de coaching<\/strong><\/p>\n<ul>\n<li>Communication et stockage s\u00e9curis\u00e9s<\/li>\n<li>Chat : possibilit\u00e9 de prendre contact entre les coachings<\/li>\n<li>Documentation historique<\/li>\n<\/ul>\n<p><strong>Notre m\u00e9thode <\/strong><\/p>\n<ul>\n<li>Le coaching est bas\u00e9 sur des techniques de changement de comportement scientifiquement reconnues<strong>.<\/strong><\/li>\n<li>Le coaching de sant\u00e9 personnel a \u00e9t\u00e9 d\u00e9velopp\u00e9 et test\u00e9 \u00e0 l&rsquo;universit\u00e9 de B\u00e2le.<\/li>\n<\/ul>\n","protected":false},"excerpt":{"rendered":"<p>Base Coach personnel Motive, soutient et trouve de nouvelles solutions Certifi\u00e9 acad\u00e9miquement Coach s\u00e9lectionn\u00e9 en fonction des besoins personnels 2 D\u00e9terminations de la situation D\u00e9marrage : 1 Questionnaire holistique (activit\u00e9 physique, alimentation et sant\u00e9 mentale) Fin : 1 bilan de comp\u00e9tences en fonction des objectifs personnels \u00c9valuation personnelle par le coach 1:1 Coaching environ 5 [&hellip;]<\/p>\n","protected":false},"featured_media":6008,"comment_status":"open","ping_status":"closed","template":"","meta":{"_acf_changed":false},"product_brand":[],"product_cat":[71,324],"product_tag":[],"class_list":{"0":"post-6019","1":"product","2":"type-product","3":"status-publish","4":"has-post-thumbnail","6":"product_cat-coaching-programme-fr","7":"product_cat-visible-sur-app-fe","8":"product_shipping_class-kostenlos-fr","10":"first","11":"instock","12":"taxable","13":"shipping-taxable","14":"purchasable","15":"product-type-simple"},"acf":[],"yoast_head":"<!-- This site is optimized with the Yoast SEO plugin v27.4 - https:\/\/yoast.com\/product\/yoast-seo-wordpress\/ -->\n<title>3 mois - Active - SalutaCoach<\/title>\n<meta name=\"robots\" content=\"index, follow, max-snippet:-1, max-image-preview:large, max-video-preview:-1\" \/>\n<link rel=\"canonical\" href=\"https:\/\/www.salutacoach.ch\/fr\/produkt\/active\/\" \/>\n<meta property=\"og:locale\" content=\"fr_FR\" \/>\n<meta property=\"og:type\" content=\"article\" \/>\n<meta property=\"og:title\" content=\"3 mois - Active - SalutaCoach\" \/>\n<meta property=\"og:description\" content=\"Base Coach personnel Motive, soutient et trouve de nouvelles solutions Certifi\u00e9 acad\u00e9miquement Coach s\u00e9lectionn\u00e9 en fonction des besoins personnels 2 D\u00e9terminations de la situation D\u00e9marrage : 1 Questionnaire holistique (activit\u00e9 physique, alimentation et sant\u00e9 mentale) Fin : 1 bilan de comp\u00e9tences en fonction des objectifs personnels \u00c9valuation personnelle par le coach 1:1 Coaching environ 5 [&hellip;]\" \/>\n<meta property=\"og:url\" content=\"https:\/\/www.salutacoach.ch\/fr\/produkt\/active\/\" \/>\n<meta property=\"og:site_name\" content=\"SalutaCoach\" \/>\n<meta property=\"article:publisher\" content=\"https:\/\/www.facebook.com\/salutacoach\" \/>\n<meta property=\"article:modified_time\" content=\"2026-02-13T12:42:41+00:00\" \/>\n<meta property=\"og:image\" content=\"https:\/\/www.salutacoach.ch\/wp-content\/uploads\/2021\/01\/Saluta-Logo-ohne-Schriftzug.jpg\" \/>\n\t<meta property=\"og:image:width\" content=\"719\" \/>\n\t<meta property=\"og:image:height\" content=\"732\" \/>\n\t<meta property=\"og:image:type\" content=\"image\/jpeg\" \/>\n<meta name=\"twitter:card\" content=\"summary_large_image\" \/>\n<meta name=\"twitter:label1\" content=\"Dur\u00e9e de lecture estim\u00e9e\" \/>\n\t<meta name=\"twitter:data1\" content=\"1 minute\" \/>\n<script type=\"application\/ld+json\" class=\"yoast-schema-graph\">{\"@context\":\"https:\\\/\\\/schema.org\",\"@graph\":[{\"@type\":\"WebPage\",\"@id\":\"https:\\\/\\\/www.salutacoach.ch\\\/fr\\\/produkt\\\/active\\\/\",\"url\":\"https:\\\/\\\/www.salutacoach.ch\\\/fr\\\/produkt\\\/active\\\/\",\"name\":\"3 mois - Active - SalutaCoach\",\"isPartOf\":{\"@id\":\"https:\\\/\\\/www.salutacoach.ch\\\/#website\"},\"primaryImageOfPage\":{\"@id\":\"https:\\\/\\\/www.salutacoach.ch\\\/fr\\\/produkt\\\/active\\\/#primaryimage\"},\"image\":{\"@id\":\"https:\\\/\\\/www.salutacoach.ch\\\/fr\\\/produkt\\\/active\\\/#primaryimage\"},\"thumbnailUrl\":\"https:\\\/\\\/www.salutacoach.ch\\\/wp-content\\\/uploads\\\/2021\\\/01\\\/Saluta-Logo-ohne-Schriftzug.jpg\",\"datePublished\":\"2021-01-27T12:28:17+00:00\",\"dateModified\":\"2026-02-13T12:42:41+00:00\",\"breadcrumb\":{\"@id\":\"https:\\\/\\\/www.salutacoach.ch\\\/fr\\\/produkt\\\/active\\\/#breadcrumb\"},\"inLanguage\":\"fr-FR\",\"potentialAction\":[{\"@type\":\"ReadAction\",\"target\":[\"https:\\\/\\\/www.salutacoach.ch\\\/fr\\\/produkt\\\/active\\\/\"]}]},{\"@type\":\"ImageObject\",\"inLanguage\":\"fr-FR\",\"@id\":\"https:\\\/\\\/www.salutacoach.ch\\\/fr\\\/produkt\\\/active\\\/#primaryimage\",\"url\":\"https:\\\/\\\/www.salutacoach.ch\\\/wp-content\\\/uploads\\\/2021\\\/01\\\/Saluta-Logo-ohne-Schriftzug.jpg\",\"contentUrl\":\"https:\\\/\\\/www.salutacoach.ch\\\/wp-content\\\/uploads\\\/2021\\\/01\\\/Saluta-Logo-ohne-Schriftzug.jpg\",\"width\":719,\"height\":732},{\"@type\":\"BreadcrumbList\",\"@id\":\"https:\\\/\\\/www.salutacoach.ch\\\/fr\\\/produkt\\\/active\\\/#breadcrumb\",\"itemListElement\":[{\"@type\":\"ListItem\",\"position\":1,\"name\":\"Startseite\",\"item\":\"https:\\\/\\\/www.salutacoach.ch\\\/\"},{\"@type\":\"ListItem\",\"position\":2,\"name\":\"Shop\",\"item\":\"https:\\\/\\\/www.salutacoach.ch\\\/?page_id=1866\"},{\"@type\":\"ListItem\",\"position\":3,\"name\":\"3 mois &#8211; Active\"}]},{\"@type\":\"WebSite\",\"@id\":\"https:\\\/\\\/www.salutacoach.ch\\\/#website\",\"url\":\"https:\\\/\\\/www.salutacoach.ch\\\/\",\"name\":\"SalutaCoach\",\"description\":\"Personal Health Coaching\",\"publisher\":{\"@id\":\"https:\\\/\\\/www.salutacoach.ch\\\/#organization\"},\"potentialAction\":[{\"@type\":\"SearchAction\",\"target\":{\"@type\":\"EntryPoint\",\"urlTemplate\":\"https:\\\/\\\/www.salutacoach.ch\\\/?s={search_term_string}\"},\"query-input\":{\"@type\":\"PropertyValueSpecification\",\"valueRequired\":true,\"valueName\":\"search_term_string\"}}],\"inLanguage\":\"fr-FR\"},{\"@type\":\"Organization\",\"@id\":\"https:\\\/\\\/www.salutacoach.ch\\\/#organization\",\"name\":\"Salutacoach AG\",\"url\":\"https:\\\/\\\/www.salutacoach.ch\\\/\",\"logo\":{\"@type\":\"ImageObject\",\"inLanguage\":\"fr-FR\",\"@id\":\"https:\\\/\\\/www.salutacoach.ch\\\/#\\\/schema\\\/logo\\\/image\\\/\",\"url\":\"https:\\\/\\\/www.salutacoach.ch\\\/wp-content\\\/uploads\\\/2021\\\/01\\\/saluta_logo.png\",\"contentUrl\":\"https:\\\/\\\/www.salutacoach.ch\\\/wp-content\\\/uploads\\\/2021\\\/01\\\/saluta_logo.png\",\"width\":900,\"height\":413,\"caption\":\"Salutacoach AG\"},\"image\":{\"@id\":\"https:\\\/\\\/www.salutacoach.ch\\\/#\\\/schema\\\/logo\\\/image\\\/\"},\"sameAs\":[\"https:\\\/\\\/www.facebook.com\\\/salutacoach\",\"https:\\\/\\\/www.instagram.com\\\/salutacoach\\\/\",\"https:\\\/\\\/www.linkedin.com\\\/company\\\/salutacoach-ag\"]}]}<\/script>\n<!-- \/ Yoast SEO plugin. -->","yoast_head_json":{"title":"3 mois - Active - SalutaCoach","robots":{"index":"index","follow":"follow","max-snippet":"max-snippet:-1","max-image-preview":"max-image-preview:large","max-video-preview":"max-video-preview:-1"},"canonical":"https:\/\/www.salutacoach.ch\/fr\/produkt\/active\/","og_locale":"fr_FR","og_type":"article","og_title":"3 mois - Active - SalutaCoach","og_description":"Base Coach personnel Motive, soutient et trouve de nouvelles solutions Certifi\u00e9 acad\u00e9miquement Coach s\u00e9lectionn\u00e9 en fonction des besoins personnels 2 D\u00e9terminations de la situation D\u00e9marrage : 1 Questionnaire holistique (activit\u00e9 physique, alimentation et sant\u00e9 mentale) Fin : 1 bilan de comp\u00e9tences en fonction des objectifs personnels \u00c9valuation personnelle par le coach 1:1 Coaching environ 5 [&hellip;]","og_url":"https:\/\/www.salutacoach.ch\/fr\/produkt\/active\/","og_site_name":"SalutaCoach","article_publisher":"https:\/\/www.facebook.com\/salutacoach","article_modified_time":"2026-02-13T12:42:41+00:00","og_image":[{"width":719,"height":732,"url":"https:\/\/www.salutacoach.ch\/wp-content\/uploads\/2021\/01\/Saluta-Logo-ohne-Schriftzug.jpg","type":"image\/jpeg"}],"twitter_card":"summary_large_image","twitter_misc":{"Dur\u00e9e de lecture estim\u00e9e":"1 minute"},"schema":{"@context":"https:\/\/schema.org","@graph":[{"@type":"WebPage","@id":"https:\/\/www.salutacoach.ch\/fr\/produkt\/active\/","url":"https:\/\/www.salutacoach.ch\/fr\/produkt\/active\/","name":"3 mois - Active - SalutaCoach","isPartOf":{"@id":"https:\/\/www.salutacoach.ch\/#website"},"primaryImageOfPage":{"@id":"https:\/\/www.salutacoach.ch\/fr\/produkt\/active\/#primaryimage"},"image":{"@id":"https:\/\/www.salutacoach.ch\/fr\/produkt\/active\/#primaryimage"},"thumbnailUrl":"https:\/\/www.salutacoach.ch\/wp-content\/uploads\/2021\/01\/Saluta-Logo-ohne-Schriftzug.jpg","datePublished":"2021-01-27T12:28:17+00:00","dateModified":"2026-02-13T12:42:41+00:00","breadcrumb":{"@id":"https:\/\/www.salutacoach.ch\/fr\/produkt\/active\/#breadcrumb"},"inLanguage":"fr-FR","potentialAction":[{"@type":"ReadAction","target":["https:\/\/www.salutacoach.ch\/fr\/produkt\/active\/"]}]},{"@type":"ImageObject","inLanguage":"fr-FR","@id":"https:\/\/www.salutacoach.ch\/fr\/produkt\/active\/#primaryimage","url":"https:\/\/www.salutacoach.ch\/wp-content\/uploads\/2021\/01\/Saluta-Logo-ohne-Schriftzug.jpg","contentUrl":"https:\/\/www.salutacoach.ch\/wp-content\/uploads\/2021\/01\/Saluta-Logo-ohne-Schriftzug.jpg","width":719,"height":732},{"@type":"BreadcrumbList","@id":"https:\/\/www.salutacoach.ch\/fr\/produkt\/active\/#breadcrumb","itemListElement":[{"@type":"ListItem","position":1,"name":"Startseite","item":"https:\/\/www.salutacoach.ch\/"},{"@type":"ListItem","position":2,"name":"Shop","item":"https:\/\/www.salutacoach.ch\/?page_id=1866"},{"@type":"ListItem","position":3,"name":"3 mois &#8211; Active"}]},{"@type":"WebSite","@id":"https:\/\/www.salutacoach.ch\/#website","url":"https:\/\/www.salutacoach.ch\/","name":"SalutaCoach","description":"Personal Health Coaching","publisher":{"@id":"https:\/\/www.salutacoach.ch\/#organization"},"potentialAction":[{"@type":"SearchAction","target":{"@type":"EntryPoint","urlTemplate":"https:\/\/www.salutacoach.ch\/?s={search_term_string}"},"query-input":{"@type":"PropertyValueSpecification","valueRequired":true,"valueName":"search_term_string"}}],"inLanguage":"fr-FR"},{"@type":"Organization","@id":"https:\/\/www.salutacoach.ch\/#organization","name":"Salutacoach AG","url":"https:\/\/www.salutacoach.ch\/","logo":{"@type":"ImageObject","inLanguage":"fr-FR","@id":"https:\/\/www.salutacoach.ch\/#\/schema\/logo\/image\/","url":"https:\/\/www.salutacoach.ch\/wp-content\/uploads\/2021\/01\/saluta_logo.png","contentUrl":"https:\/\/www.salutacoach.ch\/wp-content\/uploads\/2021\/01\/saluta_logo.png","width":900,"height":413,"caption":"Salutacoach AG"},"image":{"@id":"https:\/\/www.salutacoach.ch\/#\/schema\/logo\/image\/"},"sameAs":["https:\/\/www.facebook.com\/salutacoach","https:\/\/www.instagram.com\/salutacoach\/","https:\/\/www.linkedin.com\/company\/salutacoach-ag"]}]}},"_links":{"self":[{"href":"https:\/\/www.salutacoach.ch\/fr\/wp-json\/wp\/v2\/product\/6019","targetHints":{"allow":["GET"]}}],"collection":[{"href":"https:\/\/www.salutacoach.ch\/fr\/wp-json\/wp\/v2\/product"}],"about":[{"href":"https:\/\/www.salutacoach.ch\/fr\/wp-json\/wp\/v2\/types\/product"}],"replies":[{"embeddable":true,"href":"https:\/\/www.salutacoach.ch\/fr\/wp-json\/wp\/v2\/comments?post=6019"}],"wp:featuredmedia":[{"embeddable":true,"href":"https:\/\/www.salutacoach.ch\/fr\/wp-json\/wp\/v2\/media\/6008"}],"wp:attachment":[{"href":"https:\/\/www.salutacoach.ch\/fr\/wp-json\/wp\/v2\/media?parent=6019"}],"wp:term":[{"taxonomy":"product_brand","embeddable":true,"href":"https:\/\/www.salutacoach.ch\/fr\/wp-json\/wp\/v2\/product_brand?post=6019"},{"taxonomy":"product_cat","embeddable":true,"href":"https:\/\/www.salutacoach.ch\/fr\/wp-json\/wp\/v2\/product_cat?post=6019"},{"taxonomy":"product_tag","embeddable":true,"href":"https:\/\/www.salutacoach.ch\/fr\/wp-json\/wp\/v2\/product_tag?post=6019"}],"curies":[{"name":"wp","href":"https:\/\/api.w.org\/{rel}","templated":true}]}}