{"id":46204,"date":"2022-11-25T15:26:35","date_gmt":"2022-11-25T14:26:35","guid":{"rendered":"https:\/\/www.salutacoach.ch\/produkt\/formation-continue-combinaison-20h-bundle\/"},"modified":"2026-02-10T17:56:20","modified_gmt":"2026-02-10T16:56:20","slug":"formation-continue-combinaison-20h-bundle","status":"publish","type":"product","link":"https:\/\/www.salutacoach.ch\/fr\/produkt\/formation-continue-combinaison-20h-bundle\/","title":{"rendered":"Formation continue Combinaison : 20h-Bundle"},"content":{"rendered":"<h3>R\u00e9servez un pack complet de formation de coach de sant\u00e9 personnel et \u00e9conomisez 10% !<\/h3>\n<p><strong>Pour \u00eatre reconnus par le RME, les th\u00e9rapeutes doivent suivre une formation continue annuelle de 20 heures. Le forfait de 20 heures comprend les prestations suivantes : <\/strong><\/p>\n<ul>\n<li>Participation au module sur place (prix original : 290 CHF)<\/li>\n<li>Participation \u00e0 4 modules en ligne (prix original : 360 CHF)<\/li>\n<\/ul>\n<p>Avec la formation continue compl\u00e8te, vous couvrez les 20 heures prescrites par le RME. Selon les directives du RME, il faut pour cela participer en direct \u00e0 chaque formation continue. <\/p>\n<p>La formation continue r\u00e9pond alors aux directives de l&rsquo;EMR.<\/p>\n<p>Pour toute question : info@salutacoach.ch<\/p>\n<p>Retour \u00e0 la formation continue : <a href=\"http:\/\/www.salutacoach.ch\/weiterbildungen\">www.salutacoach.ch\/weiterbildungen<\/a><\/p>\n<p>&nbsp;<\/p>\n<h6><strong>Pour le module sur place, la r\u00e8gle est la suivante<\/strong>: jusqu&rsquo;\u00e0 un mois avant l&rsquo;\u00e9v\u00e9nement, 50% des frais de cours sont rembours\u00e9s. Pass\u00e9 ce d\u00e9lai, le montant total sera factur\u00e9. <\/h6>\n<h6><strong>Pour les modules en ligne,<\/strong> s&rsquo;il n&rsquo;est pas possible de participer en direct \u00e0 un cours en ligne, l&rsquo;enregistrement avec les diapositives du cours est mis \u00e0 disposition. Toutefois, aucune heure de formation ne peut \u00eatre attribu\u00e9e dans ce cas. Aucun remboursement ne sera effectu\u00e9.  <\/h6>\n","protected":false},"excerpt":{"rendered":"<p>R\u00e9servez un pack complet de formation de coach de sant\u00e9 personnel et \u00e9conomisez 10% ! Pour \u00eatre reconnus par le RME, les th\u00e9rapeutes doivent suivre une formation continue annuelle de 20 heures. Le forfait de 20 heures comprend les prestations suivantes : Participation au module sur place (prix original : 290 CHF) Participation \u00e0 4 [&hellip;]<\/p>\n","protected":false},"featured_media":43524,"comment_status":"open","ping_status":"closed","template":"","meta":{"_acf_changed":false},"product_brand":[],"product_cat":[326],"product_tag":[],"class_list":{"0":"post-46204","1":"product","2":"type-product","3":"status-publish","4":"has-post-thumbnail","6":"product_cat-formation-continue","7":"product_shipping_class-kostenlos-fr","9":"first","10":"instock","11":"taxable","12":"shipping-taxable","13":"purchasable","14":"product-type-variable"},"acf":[],"yoast_head":"<!-- This site is optimized with the Yoast SEO plugin v27.4 - https:\/\/yoast.com\/product\/yoast-seo-wordpress\/ -->\n<title>Formation continue Combinaison : 20h-Bundle - SalutaCoach<\/title>\n<meta name=\"description\" content=\"Le package de formation continue Personal Health Coach r\u00e9pond aux exigences du RME de 20 heures. Il comprend 4 modules en ligne et un module sur place \u00e0 B\u00e2le.\" \/>\n<meta name=\"robots\" content=\"index, follow, max-snippet:-1, max-image-preview:large, max-video-preview:-1\" \/>\n<link rel=\"canonical\" href=\"https:\/\/www.salutacoach.ch\/fr\/produkt\/formation-continue-combinaison-20h-bundle\/\" \/>\n<meta property=\"og:locale\" content=\"fr_FR\" \/>\n<meta property=\"og:type\" content=\"article\" \/>\n<meta property=\"og:title\" content=\"Formation continue Combinaison : 20h-Bundle - SalutaCoach\" \/>\n<meta property=\"og:description\" content=\"Le package de formation continue Personal Health Coach r\u00e9pond aux exigences du RME de 20 heures. Il comprend 4 modules en ligne et un module sur place \u00e0 B\u00e2le.\" \/>\n<meta property=\"og:url\" content=\"https:\/\/www.salutacoach.ch\/fr\/produkt\/formation-continue-combinaison-20h-bundle\/\" \/>\n<meta property=\"og:site_name\" content=\"SalutaCoach\" \/>\n<meta property=\"article:publisher\" content=\"https:\/\/www.facebook.com\/salutacoach\" \/>\n<meta property=\"article:modified_time\" content=\"2026-02-10T16:56:20+00:00\" \/>\n<meta property=\"og:image\" content=\"https:\/\/www.salutacoach.ch\/wp-content\/uploads\/2025\/09\/schattenbild-des-sportlichen-madchens-das-yoga-im-feld-bei-sonnenaufgang-praktiziert-scaled.jpg\" \/>\n\t<meta property=\"og:image:width\" content=\"2560\" \/>\n\t<meta property=\"og:image:height\" content=\"1707\" \/>\n\t<meta property=\"og:image:type\" content=\"image\/jpeg\" \/>\n<meta name=\"twitter:card\" content=\"summary_large_image\" \/>\n<meta name=\"twitter:label1\" content=\"Dur\u00e9e de lecture estim\u00e9e\" \/>\n\t<meta name=\"twitter:data1\" content=\"1 minute\" \/>\n<script type=\"application\/ld+json\" class=\"yoast-schema-graph\">{\"@context\":\"https:\\\/\\\/schema.org\",\"@graph\":[{\"@type\":\"WebPage\",\"@id\":\"https:\\\/\\\/www.salutacoach.ch\\\/fr\\\/produkt\\\/formation-continue-combinaison-20h-bundle\\\/\",\"url\":\"https:\\\/\\\/www.salutacoach.ch\\\/fr\\\/produkt\\\/formation-continue-combinaison-20h-bundle\\\/\",\"name\":\"Formation continue Combinaison : 20h-Bundle - SalutaCoach\",\"isPartOf\":{\"@id\":\"https:\\\/\\\/www.salutacoach.ch\\\/#website\"},\"primaryImageOfPage\":{\"@id\":\"https:\\\/\\\/www.salutacoach.ch\\\/fr\\\/produkt\\\/formation-continue-combinaison-20h-bundle\\\/#primaryimage\"},\"image\":{\"@id\":\"https:\\\/\\\/www.salutacoach.ch\\\/fr\\\/produkt\\\/formation-continue-combinaison-20h-bundle\\\/#primaryimage\"},\"thumbnailUrl\":\"https:\\\/\\\/www.salutacoach.ch\\\/wp-content\\\/uploads\\\/2025\\\/09\\\/schattenbild-des-sportlichen-madchens-das-yoga-im-feld-bei-sonnenaufgang-praktiziert-scaled.jpg\",\"datePublished\":\"2022-11-25T14:26:35+00:00\",\"dateModified\":\"2026-02-10T16:56:20+00:00\",\"description\":\"Le package de formation continue Personal Health Coach r\u00e9pond aux exigences du RME de 20 heures. Il comprend 4 modules en ligne et un module sur place \u00e0 B\u00e2le.\",\"breadcrumb\":{\"@id\":\"https:\\\/\\\/www.salutacoach.ch\\\/fr\\\/produkt\\\/formation-continue-combinaison-20h-bundle\\\/#breadcrumb\"},\"inLanguage\":\"fr-FR\",\"potentialAction\":[{\"@type\":\"ReadAction\",\"target\":[\"https:\\\/\\\/www.salutacoach.ch\\\/fr\\\/produkt\\\/formation-continue-combinaison-20h-bundle\\\/\"]}]},{\"@type\":\"ImageObject\",\"inLanguage\":\"fr-FR\",\"@id\":\"https:\\\/\\\/www.salutacoach.ch\\\/fr\\\/produkt\\\/formation-continue-combinaison-20h-bundle\\\/#primaryimage\",\"url\":\"https:\\\/\\\/www.salutacoach.ch\\\/wp-content\\\/uploads\\\/2025\\\/09\\\/schattenbild-des-sportlichen-madchens-das-yoga-im-feld-bei-sonnenaufgang-praktiziert-scaled.jpg\",\"contentUrl\":\"https:\\\/\\\/www.salutacoach.ch\\\/wp-content\\\/uploads\\\/2025\\\/09\\\/schattenbild-des-sportlichen-madchens-das-yoga-im-feld-bei-sonnenaufgang-praktiziert-scaled.jpg\",\"width\":2560,\"height\":1707,\"caption\":\"Silhouette d'une jeune et belle sportive pratiquant le yoga dans un champ au lever du soleil.\"},{\"@type\":\"BreadcrumbList\",\"@id\":\"https:\\\/\\\/www.salutacoach.ch\\\/fr\\\/produkt\\\/formation-continue-combinaison-20h-bundle\\\/#breadcrumb\",\"itemListElement\":[{\"@type\":\"ListItem\",\"position\":1,\"name\":\"Startseite\",\"item\":\"https:\\\/\\\/www.salutacoach.ch\\\/\"},{\"@type\":\"ListItem\",\"position\":2,\"name\":\"Shop\",\"item\":\"https:\\\/\\\/www.salutacoach.ch\\\/?page_id=1866\"},{\"@type\":\"ListItem\",\"position\":3,\"name\":\"Formation continue Combinaison : 20h-Bundle\"}]},{\"@type\":\"WebSite\",\"@id\":\"https:\\\/\\\/www.salutacoach.ch\\\/#website\",\"url\":\"https:\\\/\\\/www.salutacoach.ch\\\/\",\"name\":\"SalutaCoach\",\"description\":\"Personal Health Coaching\",\"publisher\":{\"@id\":\"https:\\\/\\\/www.salutacoach.ch\\\/#organization\"},\"potentialAction\":[{\"@type\":\"SearchAction\",\"target\":{\"@type\":\"EntryPoint\",\"urlTemplate\":\"https:\\\/\\\/www.salutacoach.ch\\\/?s={search_term_string}\"},\"query-input\":{\"@type\":\"PropertyValueSpecification\",\"valueRequired\":true,\"valueName\":\"search_term_string\"}}],\"inLanguage\":\"fr-FR\"},{\"@type\":\"Organization\",\"@id\":\"https:\\\/\\\/www.salutacoach.ch\\\/#organization\",\"name\":\"Salutacoach AG\",\"url\":\"https:\\\/\\\/www.salutacoach.ch\\\/\",\"logo\":{\"@type\":\"ImageObject\",\"inLanguage\":\"fr-FR\",\"@id\":\"https:\\\/\\\/www.salutacoach.ch\\\/#\\\/schema\\\/logo\\\/image\\\/\",\"url\":\"https:\\\/\\\/www.salutacoach.ch\\\/wp-content\\\/uploads\\\/2021\\\/01\\\/saluta_logo.png\",\"contentUrl\":\"https:\\\/\\\/www.salutacoach.ch\\\/wp-content\\\/uploads\\\/2021\\\/01\\\/saluta_logo.png\",\"width\":900,\"height\":413,\"caption\":\"Salutacoach AG\"},\"image\":{\"@id\":\"https:\\\/\\\/www.salutacoach.ch\\\/#\\\/schema\\\/logo\\\/image\\\/\"},\"sameAs\":[\"https:\\\/\\\/www.facebook.com\\\/salutacoach\",\"https:\\\/\\\/www.instagram.com\\\/salutacoach\\\/\",\"https:\\\/\\\/www.linkedin.com\\\/company\\\/salutacoach-ag\"]}]}<\/script>\n<!-- \/ Yoast SEO plugin. -->","yoast_head_json":{"title":"Formation continue Combinaison : 20h-Bundle - SalutaCoach","description":"Le package de formation continue Personal Health Coach r\u00e9pond aux exigences du RME de 20 heures. Il comprend 4 modules en ligne et un module sur place \u00e0 B\u00e2le.","robots":{"index":"index","follow":"follow","max-snippet":"max-snippet:-1","max-image-preview":"max-image-preview:large","max-video-preview":"max-video-preview:-1"},"canonical":"https:\/\/www.salutacoach.ch\/fr\/produkt\/formation-continue-combinaison-20h-bundle\/","og_locale":"fr_FR","og_type":"article","og_title":"Formation continue Combinaison : 20h-Bundle - SalutaCoach","og_description":"Le package de formation continue Personal Health Coach r\u00e9pond aux exigences du RME de 20 heures. Il comprend 4 modules en ligne et un module sur place \u00e0 B\u00e2le.","og_url":"https:\/\/www.salutacoach.ch\/fr\/produkt\/formation-continue-combinaison-20h-bundle\/","og_site_name":"SalutaCoach","article_publisher":"https:\/\/www.facebook.com\/salutacoach","article_modified_time":"2026-02-10T16:56:20+00:00","og_image":[{"width":2560,"height":1707,"url":"https:\/\/www.salutacoach.ch\/wp-content\/uploads\/2025\/09\/schattenbild-des-sportlichen-madchens-das-yoga-im-feld-bei-sonnenaufgang-praktiziert-scaled.jpg","type":"image\/jpeg"}],"twitter_card":"summary_large_image","twitter_misc":{"Dur\u00e9e de lecture estim\u00e9e":"1 minute"},"schema":{"@context":"https:\/\/schema.org","@graph":[{"@type":"WebPage","@id":"https:\/\/www.salutacoach.ch\/fr\/produkt\/formation-continue-combinaison-20h-bundle\/","url":"https:\/\/www.salutacoach.ch\/fr\/produkt\/formation-continue-combinaison-20h-bundle\/","name":"Formation continue Combinaison : 20h-Bundle - SalutaCoach","isPartOf":{"@id":"https:\/\/www.salutacoach.ch\/#website"},"primaryImageOfPage":{"@id":"https:\/\/www.salutacoach.ch\/fr\/produkt\/formation-continue-combinaison-20h-bundle\/#primaryimage"},"image":{"@id":"https:\/\/www.salutacoach.ch\/fr\/produkt\/formation-continue-combinaison-20h-bundle\/#primaryimage"},"thumbnailUrl":"https:\/\/www.salutacoach.ch\/wp-content\/uploads\/2025\/09\/schattenbild-des-sportlichen-madchens-das-yoga-im-feld-bei-sonnenaufgang-praktiziert-scaled.jpg","datePublished":"2022-11-25T14:26:35+00:00","dateModified":"2026-02-10T16:56:20+00:00","description":"Le package de formation continue Personal Health Coach r\u00e9pond aux exigences du RME de 20 heures. Il comprend 4 modules en ligne et un module sur place \u00e0 B\u00e2le.","breadcrumb":{"@id":"https:\/\/www.salutacoach.ch\/fr\/produkt\/formation-continue-combinaison-20h-bundle\/#breadcrumb"},"inLanguage":"fr-FR","potentialAction":[{"@type":"ReadAction","target":["https:\/\/www.salutacoach.ch\/fr\/produkt\/formation-continue-combinaison-20h-bundle\/"]}]},{"@type":"ImageObject","inLanguage":"fr-FR","@id":"https:\/\/www.salutacoach.ch\/fr\/produkt\/formation-continue-combinaison-20h-bundle\/#primaryimage","url":"https:\/\/www.salutacoach.ch\/wp-content\/uploads\/2025\/09\/schattenbild-des-sportlichen-madchens-das-yoga-im-feld-bei-sonnenaufgang-praktiziert-scaled.jpg","contentUrl":"https:\/\/www.salutacoach.ch\/wp-content\/uploads\/2025\/09\/schattenbild-des-sportlichen-madchens-das-yoga-im-feld-bei-sonnenaufgang-praktiziert-scaled.jpg","width":2560,"height":1707,"caption":"Silhouette d'une jeune et belle sportive pratiquant le yoga dans un champ au lever du soleil."},{"@type":"BreadcrumbList","@id":"https:\/\/www.salutacoach.ch\/fr\/produkt\/formation-continue-combinaison-20h-bundle\/#breadcrumb","itemListElement":[{"@type":"ListItem","position":1,"name":"Startseite","item":"https:\/\/www.salutacoach.ch\/"},{"@type":"ListItem","position":2,"name":"Shop","item":"https:\/\/www.salutacoach.ch\/?page_id=1866"},{"@type":"ListItem","position":3,"name":"Formation continue Combinaison : 20h-Bundle"}]},{"@type":"WebSite","@id":"https:\/\/www.salutacoach.ch\/#website","url":"https:\/\/www.salutacoach.ch\/","name":"SalutaCoach","description":"Personal Health Coaching","publisher":{"@id":"https:\/\/www.salutacoach.ch\/#organization"},"potentialAction":[{"@type":"SearchAction","target":{"@type":"EntryPoint","urlTemplate":"https:\/\/www.salutacoach.ch\/?s={search_term_string}"},"query-input":{"@type":"PropertyValueSpecification","valueRequired":true,"valueName":"search_term_string"}}],"inLanguage":"fr-FR"},{"@type":"Organization","@id":"https:\/\/www.salutacoach.ch\/#organization","name":"Salutacoach AG","url":"https:\/\/www.salutacoach.ch\/","logo":{"@type":"ImageObject","inLanguage":"fr-FR","@id":"https:\/\/www.salutacoach.ch\/#\/schema\/logo\/image\/","url":"https:\/\/www.salutacoach.ch\/wp-content\/uploads\/2021\/01\/saluta_logo.png","contentUrl":"https:\/\/www.salutacoach.ch\/wp-content\/uploads\/2021\/01\/saluta_logo.png","width":900,"height":413,"caption":"Salutacoach AG"},"image":{"@id":"https:\/\/www.salutacoach.ch\/#\/schema\/logo\/image\/"},"sameAs":["https:\/\/www.facebook.com\/salutacoach","https:\/\/www.instagram.com\/salutacoach\/","https:\/\/www.linkedin.com\/company\/salutacoach-ag"]}]}},"_links":{"self":[{"href":"https:\/\/www.salutacoach.ch\/fr\/wp-json\/wp\/v2\/product\/46204","targetHints":{"allow":["GET"]}}],"collection":[{"href":"https:\/\/www.salutacoach.ch\/fr\/wp-json\/wp\/v2\/product"}],"about":[{"href":"https:\/\/www.salutacoach.ch\/fr\/wp-json\/wp\/v2\/types\/product"}],"replies":[{"embeddable":true,"href":"https:\/\/www.salutacoach.ch\/fr\/wp-json\/wp\/v2\/comments?post=46204"}],"wp:featuredmedia":[{"embeddable":true,"href":"https:\/\/www.salutacoach.ch\/fr\/wp-json\/wp\/v2\/media\/43524"}],"wp:attachment":[{"href":"https:\/\/www.salutacoach.ch\/fr\/wp-json\/wp\/v2\/media?parent=46204"}],"wp:term":[{"taxonomy":"product_brand","embeddable":true,"href":"https:\/\/www.salutacoach.ch\/fr\/wp-json\/wp\/v2\/product_brand?post=46204"},{"taxonomy":"product_cat","embeddable":true,"href":"https:\/\/www.salutacoach.ch\/fr\/wp-json\/wp\/v2\/product_cat?post=46204"},{"taxonomy":"product_tag","embeddable":true,"href":"https:\/\/www.salutacoach.ch\/fr\/wp-json\/wp\/v2\/product_tag?post=46204"}],"curies":[{"name":"wp","href":"https:\/\/api.w.org\/{rel}","templated":true}]}}