{"id":46035,"date":"2024-12-04T10:52:13","date_gmt":"2024-12-04T09:52:13","guid":{"rendered":"https:\/\/www.salutacoach.ch\/produkt\/module-en-ligne-5-techniques-dentrainement-mental-issues-du-sport-de-competition\/"},"modified":"2026-02-10T17:54:49","modified_gmt":"2026-02-10T16:54:49","slug":"module-en-ligne-5-techniques-dentrainement-mental-issues-du-sport-de-competition","status":"publish","type":"product","link":"https:\/\/www.salutacoach.ch\/fr\/produkt\/module-en-ligne-5-techniques-dentrainement-mental-issues-du-sport-de-competition\/","title":{"rendered":"Module en ligne 5 : Techniques d&rsquo;entra\u00eenement mental issues du sport de comp\u00e9tition"},"content":{"rendered":"<h3 style=\"font-size: 20px; background-color: #008f9f; display: inline-block; border-radius: 300px; margin-top: 20px; margin-bottom: 20px; padding: 10px 30px 10px 30px;\"><span style=\"color: #ffffff;\"><a style=\"color: #ffffff;\" href=\"https:\/\/salutacoach.ch\/weiterbildungen\"><strong>Retour \u00e0 la boutique<\/strong><\/a><\/span><\/h3>\n<h4>09.09.2026<\/h4>\n<h3>Contenu du module en ligne 5 :<\/h3>\n<p>Dans ce module en ligne, vous d\u00e9couvrirez des techniques cl\u00e9s de l&rsquo;entra\u00eenement mental telles qu&rsquo;elles sont utilis\u00e9es dans le sport de haut niveau :<\/p>\n<ul>\n<li>Dialogue avec soi-m\u00eame et autosuggestion<\/li>\n<li>\u00c9quipe interne<\/li>\n<li>D\u00e9tente \u00e9clair<\/li>\n<\/ul>\n<p>&nbsp;<\/p>\n<p class=\"p1\">Ces techniques peuvent contribuer efficacement \u00e0 aider les athl\u00e8tes \u00e0 g\u00e9rer la pression per\u00e7ue en termes de performances et d&rsquo;attentes. Ces techniques peuvent \u00e9galement \u00eatre appliqu\u00e9es dans la vie quotidienne personnelle ou professionnelle des non-sportifs. <\/p>\n<p>Vous recevrez des exercices concrets et d\u00e9couvrirez comment ils sont utilis\u00e9s dans le sport de haut niveau.<\/p>\n<p>&nbsp;<\/p>\n<h3><strong>Conf\u00e9renci\u00e8re :  <\/strong><\/h3>\n<p><strong>Heinz M\u00fcller, <\/strong>licenci\u00e9 \u00e8s lettres<\/p>\n<ul>\n<li class=\"p1\">Professeur de psychologie du sport et de supervision au DSBG de l&rsquo;universit\u00e9 de B\u00e2le<\/li>\n<li class=\"p1\">Coach mental dans le sport de haut niveau et dans les entreprises<\/li>\n<li class=\"p1\">Entra\u00eeneur dipl\u00f4m\u00e9 de sport d&rsquo;\u00e9lite Swiss Olympic <\/li>\n<\/ul>\n<p><a href=\"https:\/\/hm-mentalcoaching.ch\/fr\/home-fr\/\">Coaching Heinz-M\u00fcller<\/a><\/p>\n<p>&nbsp;<\/p>\n<p><img fetchpriority=\"high\" decoding=\"async\" class=\"alignnone wp-image-12532\" src=\"https:\/\/www.salutacoach.ch\/wp-content\/uploads\/2022\/06\/heinzmueller-800x800-1-300x300.jpg\" alt=\"\" width=\"227\" height=\"227\" srcset=\"https:\/\/www.salutacoach.ch\/wp-content\/uploads\/2022\/06\/heinzmueller-800x800-1-300x300.jpg 300w, https:\/\/www.salutacoach.ch\/wp-content\/uploads\/2022\/06\/heinzmueller-800x800-1-80x80.jpg 80w, https:\/\/www.salutacoach.ch\/wp-content\/uploads\/2022\/06\/heinzmueller-800x800-1-768x768.jpg 768w, https:\/\/www.salutacoach.ch\/wp-content\/uploads\/2022\/06\/heinzmueller-800x800-1-600x600.jpg 600w, https:\/\/www.salutacoach.ch\/wp-content\/uploads\/2022\/06\/heinzmueller-800x800-1-100x100.jpg 100w, https:\/\/www.salutacoach.ch\/wp-content\/uploads\/2022\/06\/heinzmueller-800x800-1.jpg 800w\" sizes=\"(max-width: 227px) 100vw, 227px\" \/><\/p>\n<p>&nbsp;<\/p>\n<p>&nbsp;<\/p>\n<p><strong>Nombre d&rsquo;heures de formation : 2,5  <\/strong><\/p>\n<p>Pour toute question : Matthias.zedi@salutacoach.ch<\/p>\n<p>&nbsp;<\/p>\n<p><strong>Conditions d&rsquo;annulation :<\/strong><\/p>\n<p>S&rsquo;il n&rsquo;est pas possible de participer en direct \u00e0 un \u00e9v\u00e9nement en ligne, l&rsquo;enregistrement et les diapositives de l&rsquo;\u00e9v\u00e9nement seront mis \u00e0 disposition. Toutefois, aucune heure de formation ne peut \u00eatre attribu\u00e9e dans ce cas.  Aucun remboursement ne sera effectu\u00e9.<\/p>\n<p>SalutaCoach AG peut apporter des modifications au programme, en raison de la maladie ou de l&rsquo;absence des professeurs. Dans ce cas, les participants en seront inform\u00e9s avant la formation. <\/p>\n","protected":false},"excerpt":{"rendered":"<p>Retour \u00e0 la boutique 09.09.2026 Contenu du module en ligne 5 : Dans ce module en ligne, vous d\u00e9couvrirez des techniques cl\u00e9s de l&rsquo;entra\u00eenement mental telles qu&rsquo;elles sont utilis\u00e9es dans le sport de haut niveau : Dialogue avec soi-m\u00eame et autosuggestion \u00c9quipe interne D\u00e9tente \u00e9clair &nbsp; Ces techniques peuvent contribuer efficacement \u00e0 aider les athl\u00e8tes [&hellip;]<\/p>\n","protected":false},"featured_media":40865,"comment_status":"open","ping_status":"closed","template":"","meta":{"_acf_changed":false},"product_brand":[],"product_cat":[326],"product_tag":[],"class_list":{"0":"post-46035","1":"product","2":"type-product","3":"status-publish","4":"has-post-thumbnail","6":"product_cat-formation-continue","7":"product_shipping_class-kostenlos-fr","9":"first","10":"instock","11":"taxable","12":"shipping-taxable","13":"purchasable","14":"product-type-simple"},"acf":[],"yoast_head":"<!-- This site is optimized with the Yoast SEO plugin v27.4 - https:\/\/yoast.com\/product\/yoast-seo-wordpress\/ -->\n<title>Module en ligne 5 : Techniques d&#039;entra\u00eenement mental issues du sport de comp\u00e9tition - SalutaCoach<\/title>\n<meta name=\"description\" content=\"Formation continue en ligne sur les techniques d&#039;entra\u00eenement mental issues du sport de comp\u00e9tition, telles que l&#039;\u00e9quipe interne, la relaxation \u00e9clair et le dialogue avec soi-m\u00eame avec Heinz M\u00fcller.\" \/>\n<meta name=\"robots\" content=\"index, follow, max-snippet:-1, max-image-preview:large, max-video-preview:-1\" \/>\n<link rel=\"canonical\" href=\"https:\/\/www.salutacoach.ch\/fr\/produkt\/module-en-ligne-5-techniques-dentrainement-mental-issues-du-sport-de-competition\/\" \/>\n<meta property=\"og:locale\" content=\"fr_FR\" \/>\n<meta property=\"og:type\" content=\"article\" \/>\n<meta property=\"og:title\" content=\"Module en ligne 5 : Techniques d&#039;entra\u00eenement mental issues du sport de comp\u00e9tition - SalutaCoach\" \/>\n<meta property=\"og:description\" content=\"Formation continue en ligne sur les techniques d&#039;entra\u00eenement mental issues du sport de comp\u00e9tition, telles que l&#039;\u00e9quipe interne, la relaxation \u00e9clair et le dialogue avec soi-m\u00eame avec Heinz M\u00fcller.\" \/>\n<meta property=\"og:url\" content=\"https:\/\/www.salutacoach.ch\/fr\/produkt\/module-en-ligne-5-techniques-dentrainement-mental-issues-du-sport-de-competition\/\" \/>\n<meta property=\"og:site_name\" content=\"SalutaCoach\" \/>\n<meta property=\"article:publisher\" content=\"https:\/\/www.facebook.com\/salutacoach\" \/>\n<meta property=\"article:modified_time\" content=\"2026-02-10T16:54:49+00:00\" \/>\n<meta property=\"og:image\" content=\"https:\/\/www.salutacoach.ch\/wp-content\/uploads\/2025\/06\/adult-female-illustrator-working-tablet-device-scaled-e1729610793807.jpg\" \/>\n\t<meta property=\"og:image:width\" content=\"1706\" \/>\n\t<meta property=\"og:image:height\" content=\"1344\" \/>\n\t<meta property=\"og:image:type\" content=\"image\/jpeg\" \/>\n<meta name=\"twitter:card\" content=\"summary_large_image\" \/>\n<meta name=\"twitter:label1\" content=\"Dur\u00e9e de lecture estim\u00e9e\" \/>\n\t<meta name=\"twitter:data1\" content=\"1 minute\" \/>\n<script type=\"application\/ld+json\" class=\"yoast-schema-graph\">{\"@context\":\"https:\\\/\\\/schema.org\",\"@graph\":[{\"@type\":\"WebPage\",\"@id\":\"https:\\\/\\\/www.salutacoach.ch\\\/fr\\\/produkt\\\/module-en-ligne-5-techniques-dentrainement-mental-issues-du-sport-de-competition\\\/\",\"url\":\"https:\\\/\\\/www.salutacoach.ch\\\/fr\\\/produkt\\\/module-en-ligne-5-techniques-dentrainement-mental-issues-du-sport-de-competition\\\/\",\"name\":\"Module en ligne 5 : Techniques d'entra\u00eenement mental issues du sport de comp\u00e9tition - SalutaCoach\",\"isPartOf\":{\"@id\":\"https:\\\/\\\/www.salutacoach.ch\\\/#website\"},\"primaryImageOfPage\":{\"@id\":\"https:\\\/\\\/www.salutacoach.ch\\\/fr\\\/produkt\\\/module-en-ligne-5-techniques-dentrainement-mental-issues-du-sport-de-competition\\\/#primaryimage\"},\"image\":{\"@id\":\"https:\\\/\\\/www.salutacoach.ch\\\/fr\\\/produkt\\\/module-en-ligne-5-techniques-dentrainement-mental-issues-du-sport-de-competition\\\/#primaryimage\"},\"thumbnailUrl\":\"https:\\\/\\\/www.salutacoach.ch\\\/wp-content\\\/uploads\\\/2025\\\/06\\\/adult-female-illustrator-working-tablet-device-scaled-e1729610793807.jpg\",\"datePublished\":\"2024-12-04T09:52:13+00:00\",\"dateModified\":\"2026-02-10T16:54:49+00:00\",\"description\":\"Formation continue en ligne sur les techniques d'entra\u00eenement mental issues du sport de comp\u00e9tition, telles que l'\u00e9quipe interne, la relaxation \u00e9clair et le dialogue avec soi-m\u00eame avec Heinz M\u00fcller.\",\"breadcrumb\":{\"@id\":\"https:\\\/\\\/www.salutacoach.ch\\\/fr\\\/produkt\\\/module-en-ligne-5-techniques-dentrainement-mental-issues-du-sport-de-competition\\\/#breadcrumb\"},\"inLanguage\":\"fr-FR\",\"potentialAction\":[{\"@type\":\"ReadAction\",\"target\":[\"https:\\\/\\\/www.salutacoach.ch\\\/fr\\\/produkt\\\/module-en-ligne-5-techniques-dentrainement-mental-issues-du-sport-de-competition\\\/\"]}]},{\"@type\":\"ImageObject\",\"inLanguage\":\"fr-FR\",\"@id\":\"https:\\\/\\\/www.salutacoach.ch\\\/fr\\\/produkt\\\/module-en-ligne-5-techniques-dentrainement-mental-issues-du-sport-de-competition\\\/#primaryimage\",\"url\":\"https:\\\/\\\/www.salutacoach.ch\\\/wp-content\\\/uploads\\\/2025\\\/06\\\/adult-female-illustrator-working-tablet-device-scaled-e1729610793807.jpg\",\"contentUrl\":\"https:\\\/\\\/www.salutacoach.ch\\\/wp-content\\\/uploads\\\/2025\\\/06\\\/adult-female-illustrator-working-tablet-device-scaled-e1729610793807.jpg\",\"width\":1706,\"height\":1344},{\"@type\":\"BreadcrumbList\",\"@id\":\"https:\\\/\\\/www.salutacoach.ch\\\/fr\\\/produkt\\\/module-en-ligne-5-techniques-dentrainement-mental-issues-du-sport-de-competition\\\/#breadcrumb\",\"itemListElement\":[{\"@type\":\"ListItem\",\"position\":1,\"name\":\"Startseite\",\"item\":\"https:\\\/\\\/www.salutacoach.ch\\\/\"},{\"@type\":\"ListItem\",\"position\":2,\"name\":\"Shop\",\"item\":\"https:\\\/\\\/www.salutacoach.ch\\\/?page_id=1866\"},{\"@type\":\"ListItem\",\"position\":3,\"name\":\"Module en ligne 5 : Techniques d&rsquo;entra\u00eenement mental issues du sport de comp\u00e9tition\"}]},{\"@type\":\"WebSite\",\"@id\":\"https:\\\/\\\/www.salutacoach.ch\\\/#website\",\"url\":\"https:\\\/\\\/www.salutacoach.ch\\\/\",\"name\":\"SalutaCoach\",\"description\":\"Personal Health Coaching\",\"publisher\":{\"@id\":\"https:\\\/\\\/www.salutacoach.ch\\\/#organization\"},\"potentialAction\":[{\"@type\":\"SearchAction\",\"target\":{\"@type\":\"EntryPoint\",\"urlTemplate\":\"https:\\\/\\\/www.salutacoach.ch\\\/?s={search_term_string}\"},\"query-input\":{\"@type\":\"PropertyValueSpecification\",\"valueRequired\":true,\"valueName\":\"search_term_string\"}}],\"inLanguage\":\"fr-FR\"},{\"@type\":\"Organization\",\"@id\":\"https:\\\/\\\/www.salutacoach.ch\\\/#organization\",\"name\":\"Salutacoach AG\",\"url\":\"https:\\\/\\\/www.salutacoach.ch\\\/\",\"logo\":{\"@type\":\"ImageObject\",\"inLanguage\":\"fr-FR\",\"@id\":\"https:\\\/\\\/www.salutacoach.ch\\\/#\\\/schema\\\/logo\\\/image\\\/\",\"url\":\"https:\\\/\\\/www.salutacoach.ch\\\/wp-content\\\/uploads\\\/2021\\\/01\\\/saluta_logo.png\",\"contentUrl\":\"https:\\\/\\\/www.salutacoach.ch\\\/wp-content\\\/uploads\\\/2021\\\/01\\\/saluta_logo.png\",\"width\":900,\"height\":413,\"caption\":\"Salutacoach AG\"},\"image\":{\"@id\":\"https:\\\/\\\/www.salutacoach.ch\\\/#\\\/schema\\\/logo\\\/image\\\/\"},\"sameAs\":[\"https:\\\/\\\/www.facebook.com\\\/salutacoach\",\"https:\\\/\\\/www.instagram.com\\\/salutacoach\\\/\",\"https:\\\/\\\/www.linkedin.com\\\/company\\\/salutacoach-ag\"]}]}<\/script>\n<!-- \/ Yoast SEO plugin. -->","yoast_head_json":{"title":"Module en ligne 5 : Techniques d'entra\u00eenement mental issues du sport de comp\u00e9tition - SalutaCoach","description":"Formation continue en ligne sur les techniques d'entra\u00eenement mental issues du sport de comp\u00e9tition, telles que l'\u00e9quipe interne, la relaxation \u00e9clair et le dialogue avec soi-m\u00eame avec Heinz M\u00fcller.","robots":{"index":"index","follow":"follow","max-snippet":"max-snippet:-1","max-image-preview":"max-image-preview:large","max-video-preview":"max-video-preview:-1"},"canonical":"https:\/\/www.salutacoach.ch\/fr\/produkt\/module-en-ligne-5-techniques-dentrainement-mental-issues-du-sport-de-competition\/","og_locale":"fr_FR","og_type":"article","og_title":"Module en ligne 5 : Techniques d'entra\u00eenement mental issues du sport de comp\u00e9tition - SalutaCoach","og_description":"Formation continue en ligne sur les techniques d'entra\u00eenement mental issues du sport de comp\u00e9tition, telles que l'\u00e9quipe interne, la relaxation \u00e9clair et le dialogue avec soi-m\u00eame avec Heinz M\u00fcller.","og_url":"https:\/\/www.salutacoach.ch\/fr\/produkt\/module-en-ligne-5-techniques-dentrainement-mental-issues-du-sport-de-competition\/","og_site_name":"SalutaCoach","article_publisher":"https:\/\/www.facebook.com\/salutacoach","article_modified_time":"2026-02-10T16:54:49+00:00","og_image":[{"width":1706,"height":1344,"url":"https:\/\/www.salutacoach.ch\/wp-content\/uploads\/2025\/06\/adult-female-illustrator-working-tablet-device-scaled-e1729610793807.jpg","type":"image\/jpeg"}],"twitter_card":"summary_large_image","twitter_misc":{"Dur\u00e9e de lecture estim\u00e9e":"1 minute"},"schema":{"@context":"https:\/\/schema.org","@graph":[{"@type":"WebPage","@id":"https:\/\/www.salutacoach.ch\/fr\/produkt\/module-en-ligne-5-techniques-dentrainement-mental-issues-du-sport-de-competition\/","url":"https:\/\/www.salutacoach.ch\/fr\/produkt\/module-en-ligne-5-techniques-dentrainement-mental-issues-du-sport-de-competition\/","name":"Module en ligne 5 : Techniques d'entra\u00eenement mental issues du sport de comp\u00e9tition - SalutaCoach","isPartOf":{"@id":"https:\/\/www.salutacoach.ch\/#website"},"primaryImageOfPage":{"@id":"https:\/\/www.salutacoach.ch\/fr\/produkt\/module-en-ligne-5-techniques-dentrainement-mental-issues-du-sport-de-competition\/#primaryimage"},"image":{"@id":"https:\/\/www.salutacoach.ch\/fr\/produkt\/module-en-ligne-5-techniques-dentrainement-mental-issues-du-sport-de-competition\/#primaryimage"},"thumbnailUrl":"https:\/\/www.salutacoach.ch\/wp-content\/uploads\/2025\/06\/adult-female-illustrator-working-tablet-device-scaled-e1729610793807.jpg","datePublished":"2024-12-04T09:52:13+00:00","dateModified":"2026-02-10T16:54:49+00:00","description":"Formation continue en ligne sur les techniques d'entra\u00eenement mental issues du sport de comp\u00e9tition, telles que l'\u00e9quipe interne, la relaxation \u00e9clair et le dialogue avec soi-m\u00eame avec Heinz M\u00fcller.","breadcrumb":{"@id":"https:\/\/www.salutacoach.ch\/fr\/produkt\/module-en-ligne-5-techniques-dentrainement-mental-issues-du-sport-de-competition\/#breadcrumb"},"inLanguage":"fr-FR","potentialAction":[{"@type":"ReadAction","target":["https:\/\/www.salutacoach.ch\/fr\/produkt\/module-en-ligne-5-techniques-dentrainement-mental-issues-du-sport-de-competition\/"]}]},{"@type":"ImageObject","inLanguage":"fr-FR","@id":"https:\/\/www.salutacoach.ch\/fr\/produkt\/module-en-ligne-5-techniques-dentrainement-mental-issues-du-sport-de-competition\/#primaryimage","url":"https:\/\/www.salutacoach.ch\/wp-content\/uploads\/2025\/06\/adult-female-illustrator-working-tablet-device-scaled-e1729610793807.jpg","contentUrl":"https:\/\/www.salutacoach.ch\/wp-content\/uploads\/2025\/06\/adult-female-illustrator-working-tablet-device-scaled-e1729610793807.jpg","width":1706,"height":1344},{"@type":"BreadcrumbList","@id":"https:\/\/www.salutacoach.ch\/fr\/produkt\/module-en-ligne-5-techniques-dentrainement-mental-issues-du-sport-de-competition\/#breadcrumb","itemListElement":[{"@type":"ListItem","position":1,"name":"Startseite","item":"https:\/\/www.salutacoach.ch\/"},{"@type":"ListItem","position":2,"name":"Shop","item":"https:\/\/www.salutacoach.ch\/?page_id=1866"},{"@type":"ListItem","position":3,"name":"Module en ligne 5 : Techniques d&rsquo;entra\u00eenement mental issues du sport de comp\u00e9tition"}]},{"@type":"WebSite","@id":"https:\/\/www.salutacoach.ch\/#website","url":"https:\/\/www.salutacoach.ch\/","name":"SalutaCoach","description":"Personal Health Coaching","publisher":{"@id":"https:\/\/www.salutacoach.ch\/#organization"},"potentialAction":[{"@type":"SearchAction","target":{"@type":"EntryPoint","urlTemplate":"https:\/\/www.salutacoach.ch\/?s={search_term_string}"},"query-input":{"@type":"PropertyValueSpecification","valueRequired":true,"valueName":"search_term_string"}}],"inLanguage":"fr-FR"},{"@type":"Organization","@id":"https:\/\/www.salutacoach.ch\/#organization","name":"Salutacoach AG","url":"https:\/\/www.salutacoach.ch\/","logo":{"@type":"ImageObject","inLanguage":"fr-FR","@id":"https:\/\/www.salutacoach.ch\/#\/schema\/logo\/image\/","url":"https:\/\/www.salutacoach.ch\/wp-content\/uploads\/2021\/01\/saluta_logo.png","contentUrl":"https:\/\/www.salutacoach.ch\/wp-content\/uploads\/2021\/01\/saluta_logo.png","width":900,"height":413,"caption":"Salutacoach AG"},"image":{"@id":"https:\/\/www.salutacoach.ch\/#\/schema\/logo\/image\/"},"sameAs":["https:\/\/www.facebook.com\/salutacoach","https:\/\/www.instagram.com\/salutacoach\/","https:\/\/www.linkedin.com\/company\/salutacoach-ag"]}]}},"_links":{"self":[{"href":"https:\/\/www.salutacoach.ch\/fr\/wp-json\/wp\/v2\/product\/46035","targetHints":{"allow":["GET"]}}],"collection":[{"href":"https:\/\/www.salutacoach.ch\/fr\/wp-json\/wp\/v2\/product"}],"about":[{"href":"https:\/\/www.salutacoach.ch\/fr\/wp-json\/wp\/v2\/types\/product"}],"replies":[{"embeddable":true,"href":"https:\/\/www.salutacoach.ch\/fr\/wp-json\/wp\/v2\/comments?post=46035"}],"wp:featuredmedia":[{"embeddable":true,"href":"https:\/\/www.salutacoach.ch\/fr\/wp-json\/wp\/v2\/media\/40865"}],"wp:attachment":[{"href":"https:\/\/www.salutacoach.ch\/fr\/wp-json\/wp\/v2\/media?parent=46035"}],"wp:term":[{"taxonomy":"product_brand","embeddable":true,"href":"https:\/\/www.salutacoach.ch\/fr\/wp-json\/wp\/v2\/product_brand?post=46035"},{"taxonomy":"product_cat","embeddable":true,"href":"https:\/\/www.salutacoach.ch\/fr\/wp-json\/wp\/v2\/product_cat?post=46035"},{"taxonomy":"product_tag","embeddable":true,"href":"https:\/\/www.salutacoach.ch\/fr\/wp-json\/wp\/v2\/product_tag?post=46035"}],"curies":[{"name":"wp","href":"https:\/\/api.w.org\/{rel}","templated":true}]}}