{"id":46020,"date":"2025-12-08T08:29:54","date_gmt":"2025-12-08T07:29:54","guid":{"rendered":"https:\/\/www.salutacoach.ch\/produkt\/enregistrements-des-modules-en-ligne-2025-focus-womens-health\/"},"modified":"2026-02-10T17:51:05","modified_gmt":"2026-02-10T16:51:05","slug":"enregistrements-des-modules-en-ligne-2025-focus-womens-health","status":"publish","type":"product","link":"https:\/\/www.salutacoach.ch\/fr\/produkt\/enregistrements-des-modules-en-ligne-2025-focus-womens-health\/","title":{"rendered":"Enregistrements des modules en ligne 2025 | Focus Women&rsquo;s Health"},"content":{"rendered":"<p>Les femmes ne sont pas des \u00ab\u00a0petits hommes\u00a0\u00bb. Le potentiel des interventions sp\u00e9cifiques au genre se d\u00e9ploie de plus en plus &#8211; non seulement dans le sport, mais aussi dans la th\u00e9rapie. N\u00e9anmoins, les chiffres montrent que ce potentiel est loin d&rsquo;\u00eatre \u00e9puis\u00e9. Les th\u00e8mes tels que les approches d&rsquo;entra\u00eenement bas\u00e9es sur le cycle et les besoins sp\u00e9cifiques li\u00e9s \u00e0 la m\u00e9nopause re\u00e7oivent souvent trop peu d&rsquo;attention dans les formations initiales et continues. Avec notre formation continue en 2025, nous sommes intervenus pr\u00e9cis\u00e9ment \u00e0 ce niveau et avons fourni des aper\u00e7us fond\u00e9s sur les th\u00e8mes importants, souvent n\u00e9glig\u00e9s, qui soutiennent au mieux les femmes dans leur sant\u00e9.    <\/p>\n<p>Nous sommes heureux de mettre \u00e0 disposition les enregistrements des webinaires en ligne.<\/p>\n<p><strong>ATTENTION : En achetant l&rsquo;enregistrement, nous ne cr\u00e9ons pas de certificat et les heures de formation continue ne correspondent pas aux normes du RME. <\/strong><\/p>\n","protected":false},"excerpt":{"rendered":"<p>Les femmes ne sont pas des \u00ab\u00a0petits hommes\u00a0\u00bb. Le potentiel des interventions sp\u00e9cifiques au genre se d\u00e9ploie de plus en plus &#8211; non seulement dans le sport, mais aussi dans la th\u00e9rapie. N\u00e9anmoins, les chiffres montrent que ce potentiel est loin d&rsquo;\u00eatre \u00e9puis\u00e9. Les th\u00e8mes tels que les approches d&rsquo;entra\u00eenement bas\u00e9es sur le cycle et [&hellip;]<\/p>\n","protected":false},"featured_media":40828,"comment_status":"open","ping_status":"closed","template":"","meta":{"_acf_changed":false},"product_brand":[],"product_cat":[326],"product_tag":[],"class_list":{"0":"post-46020","1":"product","2":"type-product","3":"status-publish","4":"has-post-thumbnail","6":"product_cat-formation-continue","7":"product_shipping_class-kostenlos-fr","9":"first","10":"instock","11":"taxable","12":"shipping-taxable","13":"purchasable","14":"product-type-variable"},"acf":[],"yoast_head":"<!-- This site is optimized with the Yoast SEO plugin v27.4 - https:\/\/yoast.com\/product\/yoast-seo-wordpress\/ -->\n<title>Enregistrements des modules en ligne 2025 | Focus Women&#039;s Health - SalutaCoach<\/title>\n<meta name=\"description\" content=\"Les approches sexosp\u00e9cifiques dans la formation et la th\u00e9rapie sont encore trop peu utilis\u00e9es. Notre formation continue 2025 fournit des connaissances approfondies sur le cycle menstruel, la m\u00e9nopause et d&#039;autres sujets relatifs aux femmes - pour une promotion globale de la sant\u00e9.\" \/>\n<meta name=\"robots\" content=\"index, follow, max-snippet:-1, max-image-preview:large, max-video-preview:-1\" \/>\n<link rel=\"canonical\" href=\"https:\/\/www.salutacoach.ch\/fr\/produkt\/enregistrements-des-modules-en-ligne-2025-focus-womens-health\/\" \/>\n<meta property=\"og:locale\" content=\"fr_FR\" \/>\n<meta property=\"og:type\" content=\"article\" \/>\n<meta property=\"og:title\" content=\"Enregistrements des modules en ligne 2025 | Focus Women&#039;s Health - SalutaCoach\" \/>\n<meta property=\"og:description\" content=\"Les approches sexosp\u00e9cifiques dans la formation et la th\u00e9rapie sont encore trop peu utilis\u00e9es. Notre formation continue 2025 fournit des connaissances approfondies sur le cycle menstruel, la m\u00e9nopause et d&#039;autres sujets relatifs aux femmes - pour une promotion globale de la sant\u00e9.\" \/>\n<meta property=\"og:url\" content=\"https:\/\/www.salutacoach.ch\/fr\/produkt\/enregistrements-des-modules-en-ligne-2025-focus-womens-health\/\" \/>\n<meta property=\"og:site_name\" content=\"SalutaCoach\" \/>\n<meta property=\"article:publisher\" content=\"https:\/\/www.facebook.com\/salutacoach\" \/>\n<meta property=\"article:modified_time\" content=\"2026-02-10T16:51:05+00:00\" \/>\n<meta property=\"og:image\" content=\"https:\/\/www.salutacoach.ch\/wp-content\/uploads\/2025\/06\/from-girl-ocean-scaled.jpg\" \/>\n\t<meta property=\"og:image:width\" content=\"2560\" \/>\n\t<meta property=\"og:image:height\" content=\"1703\" \/>\n\t<meta property=\"og:image:type\" content=\"image\/jpeg\" \/>\n<meta name=\"twitter:card\" content=\"summary_large_image\" \/>\n<meta name=\"twitter:label1\" content=\"Dur\u00e9e de lecture estim\u00e9e\" \/>\n\t<meta name=\"twitter:data1\" content=\"1 minute\" \/>\n<script type=\"application\/ld+json\" class=\"yoast-schema-graph\">{\"@context\":\"https:\\\/\\\/schema.org\",\"@graph\":[{\"@type\":\"WebPage\",\"@id\":\"https:\\\/\\\/www.salutacoach.ch\\\/fr\\\/produkt\\\/enregistrements-des-modules-en-ligne-2025-focus-womens-health\\\/\",\"url\":\"https:\\\/\\\/www.salutacoach.ch\\\/fr\\\/produkt\\\/enregistrements-des-modules-en-ligne-2025-focus-womens-health\\\/\",\"name\":\"Enregistrements des modules en ligne 2025 | Focus Women's Health - SalutaCoach\",\"isPartOf\":{\"@id\":\"https:\\\/\\\/www.salutacoach.ch\\\/#website\"},\"primaryImageOfPage\":{\"@id\":\"https:\\\/\\\/www.salutacoach.ch\\\/fr\\\/produkt\\\/enregistrements-des-modules-en-ligne-2025-focus-womens-health\\\/#primaryimage\"},\"image\":{\"@id\":\"https:\\\/\\\/www.salutacoach.ch\\\/fr\\\/produkt\\\/enregistrements-des-modules-en-ligne-2025-focus-womens-health\\\/#primaryimage\"},\"thumbnailUrl\":\"https:\\\/\\\/www.salutacoach.ch\\\/wp-content\\\/uploads\\\/2025\\\/06\\\/from-girl-ocean-scaled.jpg\",\"datePublished\":\"2025-12-08T07:29:54+00:00\",\"dateModified\":\"2026-02-10T16:51:05+00:00\",\"description\":\"Les approches sexosp\u00e9cifiques dans la formation et la th\u00e9rapie sont encore trop peu utilis\u00e9es. Notre formation continue 2025 fournit des connaissances approfondies sur le cycle menstruel, la m\u00e9nopause et d'autres sujets relatifs aux femmes - pour une promotion globale de la sant\u00e9.\",\"breadcrumb\":{\"@id\":\"https:\\\/\\\/www.salutacoach.ch\\\/fr\\\/produkt\\\/enregistrements-des-modules-en-ligne-2025-focus-womens-health\\\/#breadcrumb\"},\"inLanguage\":\"fr-FR\",\"potentialAction\":[{\"@type\":\"ReadAction\",\"target\":[\"https:\\\/\\\/www.salutacoach.ch\\\/fr\\\/produkt\\\/enregistrements-des-modules-en-ligne-2025-focus-womens-health\\\/\"]}]},{\"@type\":\"ImageObject\",\"inLanguage\":\"fr-FR\",\"@id\":\"https:\\\/\\\/www.salutacoach.ch\\\/fr\\\/produkt\\\/enregistrements-des-modules-en-ligne-2025-focus-womens-health\\\/#primaryimage\",\"url\":\"https:\\\/\\\/www.salutacoach.ch\\\/wp-content\\\/uploads\\\/2025\\\/06\\\/from-girl-ocean-scaled.jpg\",\"contentUrl\":\"https:\\\/\\\/www.salutacoach.ch\\\/wp-content\\\/uploads\\\/2025\\\/06\\\/from-girl-ocean-scaled.jpg\",\"width\":2560,\"height\":1703},{\"@type\":\"BreadcrumbList\",\"@id\":\"https:\\\/\\\/www.salutacoach.ch\\\/fr\\\/produkt\\\/enregistrements-des-modules-en-ligne-2025-focus-womens-health\\\/#breadcrumb\",\"itemListElement\":[{\"@type\":\"ListItem\",\"position\":1,\"name\":\"Startseite\",\"item\":\"https:\\\/\\\/www.salutacoach.ch\\\/\"},{\"@type\":\"ListItem\",\"position\":2,\"name\":\"Shop\",\"item\":\"https:\\\/\\\/www.salutacoach.ch\\\/?page_id=1866\"},{\"@type\":\"ListItem\",\"position\":3,\"name\":\"Enregistrements des modules en ligne 2025 | Focus Women&rsquo;s Health\"}]},{\"@type\":\"WebSite\",\"@id\":\"https:\\\/\\\/www.salutacoach.ch\\\/#website\",\"url\":\"https:\\\/\\\/www.salutacoach.ch\\\/\",\"name\":\"SalutaCoach\",\"description\":\"Personal Health Coaching\",\"publisher\":{\"@id\":\"https:\\\/\\\/www.salutacoach.ch\\\/#organization\"},\"potentialAction\":[{\"@type\":\"SearchAction\",\"target\":{\"@type\":\"EntryPoint\",\"urlTemplate\":\"https:\\\/\\\/www.salutacoach.ch\\\/?s={search_term_string}\"},\"query-input\":{\"@type\":\"PropertyValueSpecification\",\"valueRequired\":true,\"valueName\":\"search_term_string\"}}],\"inLanguage\":\"fr-FR\"},{\"@type\":\"Organization\",\"@id\":\"https:\\\/\\\/www.salutacoach.ch\\\/#organization\",\"name\":\"Salutacoach AG\",\"url\":\"https:\\\/\\\/www.salutacoach.ch\\\/\",\"logo\":{\"@type\":\"ImageObject\",\"inLanguage\":\"fr-FR\",\"@id\":\"https:\\\/\\\/www.salutacoach.ch\\\/#\\\/schema\\\/logo\\\/image\\\/\",\"url\":\"https:\\\/\\\/www.salutacoach.ch\\\/wp-content\\\/uploads\\\/2021\\\/01\\\/saluta_logo.png\",\"contentUrl\":\"https:\\\/\\\/www.salutacoach.ch\\\/wp-content\\\/uploads\\\/2021\\\/01\\\/saluta_logo.png\",\"width\":900,\"height\":413,\"caption\":\"Salutacoach AG\"},\"image\":{\"@id\":\"https:\\\/\\\/www.salutacoach.ch\\\/#\\\/schema\\\/logo\\\/image\\\/\"},\"sameAs\":[\"https:\\\/\\\/www.facebook.com\\\/salutacoach\",\"https:\\\/\\\/www.instagram.com\\\/salutacoach\\\/\",\"https:\\\/\\\/www.linkedin.com\\\/company\\\/salutacoach-ag\"]}]}<\/script>\n<!-- \/ Yoast SEO plugin. -->","yoast_head_json":{"title":"Enregistrements des modules en ligne 2025 | Focus Women's Health - SalutaCoach","description":"Les approches sexosp\u00e9cifiques dans la formation et la th\u00e9rapie sont encore trop peu utilis\u00e9es. Notre formation continue 2025 fournit des connaissances approfondies sur le cycle menstruel, la m\u00e9nopause et d'autres sujets relatifs aux femmes - pour une promotion globale de la sant\u00e9.","robots":{"index":"index","follow":"follow","max-snippet":"max-snippet:-1","max-image-preview":"max-image-preview:large","max-video-preview":"max-video-preview:-1"},"canonical":"https:\/\/www.salutacoach.ch\/fr\/produkt\/enregistrements-des-modules-en-ligne-2025-focus-womens-health\/","og_locale":"fr_FR","og_type":"article","og_title":"Enregistrements des modules en ligne 2025 | Focus Women's Health - SalutaCoach","og_description":"Les approches sexosp\u00e9cifiques dans la formation et la th\u00e9rapie sont encore trop peu utilis\u00e9es. Notre formation continue 2025 fournit des connaissances approfondies sur le cycle menstruel, la m\u00e9nopause et d'autres sujets relatifs aux femmes - pour une promotion globale de la sant\u00e9.","og_url":"https:\/\/www.salutacoach.ch\/fr\/produkt\/enregistrements-des-modules-en-ligne-2025-focus-womens-health\/","og_site_name":"SalutaCoach","article_publisher":"https:\/\/www.facebook.com\/salutacoach","article_modified_time":"2026-02-10T16:51:05+00:00","og_image":[{"width":2560,"height":1703,"url":"https:\/\/www.salutacoach.ch\/wp-content\/uploads\/2025\/06\/from-girl-ocean-scaled.jpg","type":"image\/jpeg"}],"twitter_card":"summary_large_image","twitter_misc":{"Dur\u00e9e de lecture estim\u00e9e":"1 minute"},"schema":{"@context":"https:\/\/schema.org","@graph":[{"@type":"WebPage","@id":"https:\/\/www.salutacoach.ch\/fr\/produkt\/enregistrements-des-modules-en-ligne-2025-focus-womens-health\/","url":"https:\/\/www.salutacoach.ch\/fr\/produkt\/enregistrements-des-modules-en-ligne-2025-focus-womens-health\/","name":"Enregistrements des modules en ligne 2025 | Focus Women's Health - SalutaCoach","isPartOf":{"@id":"https:\/\/www.salutacoach.ch\/#website"},"primaryImageOfPage":{"@id":"https:\/\/www.salutacoach.ch\/fr\/produkt\/enregistrements-des-modules-en-ligne-2025-focus-womens-health\/#primaryimage"},"image":{"@id":"https:\/\/www.salutacoach.ch\/fr\/produkt\/enregistrements-des-modules-en-ligne-2025-focus-womens-health\/#primaryimage"},"thumbnailUrl":"https:\/\/www.salutacoach.ch\/wp-content\/uploads\/2025\/06\/from-girl-ocean-scaled.jpg","datePublished":"2025-12-08T07:29:54+00:00","dateModified":"2026-02-10T16:51:05+00:00","description":"Les approches sexosp\u00e9cifiques dans la formation et la th\u00e9rapie sont encore trop peu utilis\u00e9es. Notre formation continue 2025 fournit des connaissances approfondies sur le cycle menstruel, la m\u00e9nopause et d'autres sujets relatifs aux femmes - pour une promotion globale de la sant\u00e9.","breadcrumb":{"@id":"https:\/\/www.salutacoach.ch\/fr\/produkt\/enregistrements-des-modules-en-ligne-2025-focus-womens-health\/#breadcrumb"},"inLanguage":"fr-FR","potentialAction":[{"@type":"ReadAction","target":["https:\/\/www.salutacoach.ch\/fr\/produkt\/enregistrements-des-modules-en-ligne-2025-focus-womens-health\/"]}]},{"@type":"ImageObject","inLanguage":"fr-FR","@id":"https:\/\/www.salutacoach.ch\/fr\/produkt\/enregistrements-des-modules-en-ligne-2025-focus-womens-health\/#primaryimage","url":"https:\/\/www.salutacoach.ch\/wp-content\/uploads\/2025\/06\/from-girl-ocean-scaled.jpg","contentUrl":"https:\/\/www.salutacoach.ch\/wp-content\/uploads\/2025\/06\/from-girl-ocean-scaled.jpg","width":2560,"height":1703},{"@type":"BreadcrumbList","@id":"https:\/\/www.salutacoach.ch\/fr\/produkt\/enregistrements-des-modules-en-ligne-2025-focus-womens-health\/#breadcrumb","itemListElement":[{"@type":"ListItem","position":1,"name":"Startseite","item":"https:\/\/www.salutacoach.ch\/"},{"@type":"ListItem","position":2,"name":"Shop","item":"https:\/\/www.salutacoach.ch\/?page_id=1866"},{"@type":"ListItem","position":3,"name":"Enregistrements des modules en ligne 2025 | Focus Women&rsquo;s Health"}]},{"@type":"WebSite","@id":"https:\/\/www.salutacoach.ch\/#website","url":"https:\/\/www.salutacoach.ch\/","name":"SalutaCoach","description":"Personal Health Coaching","publisher":{"@id":"https:\/\/www.salutacoach.ch\/#organization"},"potentialAction":[{"@type":"SearchAction","target":{"@type":"EntryPoint","urlTemplate":"https:\/\/www.salutacoach.ch\/?s={search_term_string}"},"query-input":{"@type":"PropertyValueSpecification","valueRequired":true,"valueName":"search_term_string"}}],"inLanguage":"fr-FR"},{"@type":"Organization","@id":"https:\/\/www.salutacoach.ch\/#organization","name":"Salutacoach AG","url":"https:\/\/www.salutacoach.ch\/","logo":{"@type":"ImageObject","inLanguage":"fr-FR","@id":"https:\/\/www.salutacoach.ch\/#\/schema\/logo\/image\/","url":"https:\/\/www.salutacoach.ch\/wp-content\/uploads\/2021\/01\/saluta_logo.png","contentUrl":"https:\/\/www.salutacoach.ch\/wp-content\/uploads\/2021\/01\/saluta_logo.png","width":900,"height":413,"caption":"Salutacoach AG"},"image":{"@id":"https:\/\/www.salutacoach.ch\/#\/schema\/logo\/image\/"},"sameAs":["https:\/\/www.facebook.com\/salutacoach","https:\/\/www.instagram.com\/salutacoach\/","https:\/\/www.linkedin.com\/company\/salutacoach-ag"]}]}},"_links":{"self":[{"href":"https:\/\/www.salutacoach.ch\/fr\/wp-json\/wp\/v2\/product\/46020","targetHints":{"allow":["GET"]}}],"collection":[{"href":"https:\/\/www.salutacoach.ch\/fr\/wp-json\/wp\/v2\/product"}],"about":[{"href":"https:\/\/www.salutacoach.ch\/fr\/wp-json\/wp\/v2\/types\/product"}],"replies":[{"embeddable":true,"href":"https:\/\/www.salutacoach.ch\/fr\/wp-json\/wp\/v2\/comments?post=46020"}],"wp:featuredmedia":[{"embeddable":true,"href":"https:\/\/www.salutacoach.ch\/fr\/wp-json\/wp\/v2\/media\/40828"}],"wp:attachment":[{"href":"https:\/\/www.salutacoach.ch\/fr\/wp-json\/wp\/v2\/media?parent=46020"}],"wp:term":[{"taxonomy":"product_brand","embeddable":true,"href":"https:\/\/www.salutacoach.ch\/fr\/wp-json\/wp\/v2\/product_brand?post=46020"},{"taxonomy":"product_cat","embeddable":true,"href":"https:\/\/www.salutacoach.ch\/fr\/wp-json\/wp\/v2\/product_cat?post=46020"},{"taxonomy":"product_tag","embeddable":true,"href":"https:\/\/www.salutacoach.ch\/fr\/wp-json\/wp\/v2\/product_tag?post=46020"}],"curies":[{"name":"wp","href":"https:\/\/api.w.org\/{rel}","templated":true}]}}