{"id":42823,"date":"2025-04-28T16:25:40","date_gmt":"2025-04-28T14:25:40","guid":{"rendered":"https:\/\/www.salutacoach.ch\/produkt\/coaching-kompass\/"},"modified":"2026-02-10T17:54:51","modified_gmt":"2026-02-10T16:54:51","slug":"coaching-kompass","status":"publish","type":"product","link":"https:\/\/www.salutacoach.ch\/fr\/produkt\/coaching-kompass\/","title":{"rendered":"Coaching Kompass"},"content":{"rendered":"<div class=\"page\" title=\"Page 4\">\n<div class=\"layoutArea\">\n<div class=\"column\">\n<p class=\"\" data-start=\"280\" data-end=\"352\"><strong data-start=\"280\" data-end=\"352\">Kompass Coaching &#8211; votre chemin individuel vers une sant\u00e9 durable<\/strong><\/p>\n<p class=\"\" data-start=\"354\" data-end=\"592\">Avec le package <em data-start=\"362\" data-end=\"380\">Kompass Coaching<\/em>, vous recevez :<br data-start=\"399\" data-end=\"402\">\u2714\ufe0f <strong>1x Boussole de sant\u00e9<\/strong><br data-start=\"440\" data-end=\"443\">\u2714\ufe0f <strong data-start=\"446\" data-end=\"479\">Contr\u00f4le de l&rsquo;alimentation ou du sommeil<\/strong>, y compris une lettre de recommandation individuelle<br data-start=\"520\" data-end=\"523\">\u2714\ufe0f <strong data-start=\"526\" data-end=\"560\">1 heure d&rsquo;entretien personnel<\/strong> avec un coach de sant\u00e9 personnel <\/p>\n<p class=\"\" data-start=\"619\" data-end=\"638\"><strong data-start=\"619\" data-end=\"636\">Votre avantage :<\/strong><\/p>\n<ul data-start=\"639\" data-end=\"1097\">\n<li class=\"\" data-start=\"639\" data-end=\"737\">\n<p class=\"\" data-start=\"641\" data-end=\"737\"><strong data-start=\"641\" data-end=\"658\">Globale :<\/strong> activit\u00e9 physique, alimentation, sommeil et sant\u00e9 mentale &#8211; tous les domaines sont pris en compte.<\/p>\n<\/li>\n<li class=\"\" data-start=\"738\" data-end=\"853\">\n<p class=\"\" data-start=\"740\" data-end=\"853\"><strong data-start=\"740\" data-end=\"756\">Individuel :<\/strong> identifiez vos besoins et ressources personnels et d\u00e9veloppez vos propres solutions adapt\u00e9es.<\/p>\n<\/li>\n<li class=\"\" data-start=\"854\" data-end=\"958\">\n<p class=\"\" data-start=\"856\" data-end=\"958\"><strong data-start=\"856\" data-end=\"871\">Durable :<\/strong> renforcez vos comp\u00e9tences en mati\u00e8re de sant\u00e9 et \u00e9tablissez des habitudes saines \u00e0 long terme.<\/p>\n<\/li>\n<li class=\"\" data-start=\"959\" data-end=\"1097\">\n<p class=\"\" data-start=\"961\" data-end=\"1097\"><strong data-start=\"961\" data-end=\"991\">Des m\u00e9thodes fond\u00e9es sur la science :<\/strong> Nos m\u00e9thodes sont bas\u00e9es sur les connaissances actuelles en mati\u00e8re de recherche sur la sant\u00e9 et de sciences comportementales.<\/p>\n<\/li>\n<\/ul>\n<p class=\"\" data-start=\"1101\" data-end=\"1302\">La <strong data-start=\"1130\" data-end=\"1152\">Boussole de sant\u00e9<\/strong> vous accompagne de mani\u00e8re flexible sur la voie d&rsquo;un style de vie plus sain &#8211; de mani\u00e8re autonome ou en \u00e9troite collaboration avec votre coach de sant\u00e9 personnel. Dans le cadre du <strong data-start=\"1318\" data-end=\"1352\">bilan alimentaire ou du bilan du sommeil<\/strong>, vous analysez facilement et confortablement vos habitudes actuelles. Lors de votre <strong>entretien de coaching 1:1<\/strong>, vous discutez de changements cibl\u00e9s qui peuvent \u00eatre mis en \u0153uvre facilement et durablement.  <\/p>\n<p class=\"\" data-start=\"1540\" data-end=\"1608\"><strong data-start=\"1540\" data-end=\"1608\">Commencez d\u00e8s maintenant &#8211; et faites passer votre sant\u00e9 au niveau sup\u00e9rieur !<\/strong><\/p>\n<\/div>\n<\/div>\n<\/div>\n","protected":false},"excerpt":{"rendered":"<p>Atteindre un mode de vie sain avec le coaching Kompass &#8211; flexible et adapt\u00e9 \u00e0 vos besoins.<\/p>\n","protected":false},"featured_media":39433,"comment_status":"closed","ping_status":"closed","template":"","meta":{"_acf_changed":false},"product_brand":[],"product_cat":[330],"product_tag":[],"class_list":{"0":"post-42823","1":"product","2":"type-product","3":"status-publish","4":"has-post-thumbnail","6":"product_cat-boussole-de-sante","7":"product_shipping_class-envoi-postal-jusqua-2kg","9":"first","10":"instock","11":"taxable","12":"shipping-taxable","13":"purchasable","14":"product-type-simple"},"acf":[],"yoast_head":"<!-- This site is optimized with the Yoast SEO plugin v27.4 - https:\/\/yoast.com\/product\/yoast-seo-wordpress\/ -->\n<title>Coaching Kompass - SalutaCoach<\/title>\n<meta name=\"description\" content=\"Avec le coaching Boussole, vous recevez la Boussole de sant\u00e9, 1 heure de coaching de sant\u00e9 personnel 1:1 et un CHECK de nutrition ou de sommeil.\" \/>\n<meta name=\"robots\" content=\"index, follow, max-snippet:-1, max-image-preview:large, max-video-preview:-1\" \/>\n<link rel=\"canonical\" href=\"https:\/\/www.salutacoach.ch\/fr\/produkt\/coaching-kompass\/\" \/>\n<meta property=\"og:locale\" content=\"fr_FR\" \/>\n<meta property=\"og:type\" content=\"article\" \/>\n<meta property=\"og:title\" content=\"Coaching Kompass - SalutaCoach\" \/>\n<meta property=\"og:description\" content=\"Avec le coaching Boussole, vous recevez la Boussole de sant\u00e9, 1 heure de coaching de sant\u00e9 personnel 1:1 et un CHECK de nutrition ou de sommeil.\" \/>\n<meta property=\"og:url\" content=\"https:\/\/www.salutacoach.ch\/fr\/produkt\/coaching-kompass\/\" \/>\n<meta property=\"og:site_name\" content=\"SalutaCoach\" \/>\n<meta property=\"article:publisher\" content=\"https:\/\/www.facebook.com\/salutacoach\" \/>\n<meta property=\"article:modified_time\" content=\"2026-02-10T16:54:51+00:00\" \/>\n<meta property=\"og:image\" content=\"https:\/\/www.salutacoach.ch\/wp-content\/uploads\/2025\/04\/Titelbild.png\" \/>\n\t<meta property=\"og:image:width\" content=\"1112\" \/>\n\t<meta property=\"og:image:height\" content=\"1564\" \/>\n\t<meta property=\"og:image:type\" content=\"image\/png\" \/>\n<meta name=\"twitter:card\" content=\"summary_large_image\" \/>\n<meta name=\"twitter:label1\" content=\"Dur\u00e9e de lecture estim\u00e9e\" \/>\n\t<meta name=\"twitter:data1\" content=\"1 minute\" \/>\n<script type=\"application\/ld+json\" class=\"yoast-schema-graph\">{\"@context\":\"https:\\\/\\\/schema.org\",\"@graph\":[{\"@type\":\"WebPage\",\"@id\":\"https:\\\/\\\/www.salutacoach.ch\\\/fr\\\/produkt\\\/coaching-kompass\\\/\",\"url\":\"https:\\\/\\\/www.salutacoach.ch\\\/fr\\\/produkt\\\/coaching-kompass\\\/\",\"name\":\"Coaching Kompass - SalutaCoach\",\"isPartOf\":{\"@id\":\"https:\\\/\\\/www.salutacoach.ch\\\/#website\"},\"primaryImageOfPage\":{\"@id\":\"https:\\\/\\\/www.salutacoach.ch\\\/fr\\\/produkt\\\/coaching-kompass\\\/#primaryimage\"},\"image\":{\"@id\":\"https:\\\/\\\/www.salutacoach.ch\\\/fr\\\/produkt\\\/coaching-kompass\\\/#primaryimage\"},\"thumbnailUrl\":\"https:\\\/\\\/www.salutacoach.ch\\\/wp-content\\\/uploads\\\/2025\\\/04\\\/Titelbild.png\",\"datePublished\":\"2025-04-28T14:25:40+00:00\",\"dateModified\":\"2026-02-10T16:54:51+00:00\",\"description\":\"Avec le coaching Boussole, vous recevez la Boussole de sant\u00e9, 1 heure de coaching de sant\u00e9 personnel 1:1 et un CHECK de nutrition ou de sommeil.\",\"breadcrumb\":{\"@id\":\"https:\\\/\\\/www.salutacoach.ch\\\/fr\\\/produkt\\\/coaching-kompass\\\/#breadcrumb\"},\"inLanguage\":\"fr-FR\",\"potentialAction\":[{\"@type\":\"ReadAction\",\"target\":[\"https:\\\/\\\/www.salutacoach.ch\\\/fr\\\/produkt\\\/coaching-kompass\\\/\"]}]},{\"@type\":\"ImageObject\",\"inLanguage\":\"fr-FR\",\"@id\":\"https:\\\/\\\/www.salutacoach.ch\\\/fr\\\/produkt\\\/coaching-kompass\\\/#primaryimage\",\"url\":\"https:\\\/\\\/www.salutacoach.ch\\\/wp-content\\\/uploads\\\/2025\\\/04\\\/Titelbild.png\",\"contentUrl\":\"https:\\\/\\\/www.salutacoach.ch\\\/wp-content\\\/uploads\\\/2025\\\/04\\\/Titelbild.png\",\"width\":1112,\"height\":1564,\"caption\":\"Boussole de sant\u00e9\"},{\"@type\":\"BreadcrumbList\",\"@id\":\"https:\\\/\\\/www.salutacoach.ch\\\/fr\\\/produkt\\\/coaching-kompass\\\/#breadcrumb\",\"itemListElement\":[{\"@type\":\"ListItem\",\"position\":1,\"name\":\"Startseite\",\"item\":\"https:\\\/\\\/www.salutacoach.ch\\\/\"},{\"@type\":\"ListItem\",\"position\":2,\"name\":\"Shop\",\"item\":\"https:\\\/\\\/www.salutacoach.ch\\\/?page_id=1866\"},{\"@type\":\"ListItem\",\"position\":3,\"name\":\"Coaching Kompass\"}]},{\"@type\":\"WebSite\",\"@id\":\"https:\\\/\\\/www.salutacoach.ch\\\/#website\",\"url\":\"https:\\\/\\\/www.salutacoach.ch\\\/\",\"name\":\"SalutaCoach\",\"description\":\"Personal Health Coaching\",\"publisher\":{\"@id\":\"https:\\\/\\\/www.salutacoach.ch\\\/#organization\"},\"potentialAction\":[{\"@type\":\"SearchAction\",\"target\":{\"@type\":\"EntryPoint\",\"urlTemplate\":\"https:\\\/\\\/www.salutacoach.ch\\\/?s={search_term_string}\"},\"query-input\":{\"@type\":\"PropertyValueSpecification\",\"valueRequired\":true,\"valueName\":\"search_term_string\"}}],\"inLanguage\":\"fr-FR\"},{\"@type\":\"Organization\",\"@id\":\"https:\\\/\\\/www.salutacoach.ch\\\/#organization\",\"name\":\"Salutacoach AG\",\"url\":\"https:\\\/\\\/www.salutacoach.ch\\\/\",\"logo\":{\"@type\":\"ImageObject\",\"inLanguage\":\"fr-FR\",\"@id\":\"https:\\\/\\\/www.salutacoach.ch\\\/#\\\/schema\\\/logo\\\/image\\\/\",\"url\":\"https:\\\/\\\/www.salutacoach.ch\\\/wp-content\\\/uploads\\\/2021\\\/01\\\/saluta_logo.png\",\"contentUrl\":\"https:\\\/\\\/www.salutacoach.ch\\\/wp-content\\\/uploads\\\/2021\\\/01\\\/saluta_logo.png\",\"width\":900,\"height\":413,\"caption\":\"Salutacoach AG\"},\"image\":{\"@id\":\"https:\\\/\\\/www.salutacoach.ch\\\/#\\\/schema\\\/logo\\\/image\\\/\"},\"sameAs\":[\"https:\\\/\\\/www.facebook.com\\\/salutacoach\",\"https:\\\/\\\/www.instagram.com\\\/salutacoach\\\/\",\"https:\\\/\\\/www.linkedin.com\\\/company\\\/salutacoach-ag\"]}]}<\/script>\n<!-- \/ Yoast SEO plugin. -->","yoast_head_json":{"title":"Coaching Kompass - SalutaCoach","description":"Avec le coaching Boussole, vous recevez la Boussole de sant\u00e9, 1 heure de coaching de sant\u00e9 personnel 1:1 et un CHECK de nutrition ou de sommeil.","robots":{"index":"index","follow":"follow","max-snippet":"max-snippet:-1","max-image-preview":"max-image-preview:large","max-video-preview":"max-video-preview:-1"},"canonical":"https:\/\/www.salutacoach.ch\/fr\/produkt\/coaching-kompass\/","og_locale":"fr_FR","og_type":"article","og_title":"Coaching Kompass - SalutaCoach","og_description":"Avec le coaching Boussole, vous recevez la Boussole de sant\u00e9, 1 heure de coaching de sant\u00e9 personnel 1:1 et un CHECK de nutrition ou de sommeil.","og_url":"https:\/\/www.salutacoach.ch\/fr\/produkt\/coaching-kompass\/","og_site_name":"SalutaCoach","article_publisher":"https:\/\/www.facebook.com\/salutacoach","article_modified_time":"2026-02-10T16:54:51+00:00","og_image":[{"width":1112,"height":1564,"url":"https:\/\/www.salutacoach.ch\/wp-content\/uploads\/2025\/04\/Titelbild.png","type":"image\/png"}],"twitter_card":"summary_large_image","twitter_misc":{"Dur\u00e9e de lecture estim\u00e9e":"1 minute"},"schema":{"@context":"https:\/\/schema.org","@graph":[{"@type":"WebPage","@id":"https:\/\/www.salutacoach.ch\/fr\/produkt\/coaching-kompass\/","url":"https:\/\/www.salutacoach.ch\/fr\/produkt\/coaching-kompass\/","name":"Coaching Kompass - SalutaCoach","isPartOf":{"@id":"https:\/\/www.salutacoach.ch\/#website"},"primaryImageOfPage":{"@id":"https:\/\/www.salutacoach.ch\/fr\/produkt\/coaching-kompass\/#primaryimage"},"image":{"@id":"https:\/\/www.salutacoach.ch\/fr\/produkt\/coaching-kompass\/#primaryimage"},"thumbnailUrl":"https:\/\/www.salutacoach.ch\/wp-content\/uploads\/2025\/04\/Titelbild.png","datePublished":"2025-04-28T14:25:40+00:00","dateModified":"2026-02-10T16:54:51+00:00","description":"Avec le coaching Boussole, vous recevez la Boussole de sant\u00e9, 1 heure de coaching de sant\u00e9 personnel 1:1 et un CHECK de nutrition ou de sommeil.","breadcrumb":{"@id":"https:\/\/www.salutacoach.ch\/fr\/produkt\/coaching-kompass\/#breadcrumb"},"inLanguage":"fr-FR","potentialAction":[{"@type":"ReadAction","target":["https:\/\/www.salutacoach.ch\/fr\/produkt\/coaching-kompass\/"]}]},{"@type":"ImageObject","inLanguage":"fr-FR","@id":"https:\/\/www.salutacoach.ch\/fr\/produkt\/coaching-kompass\/#primaryimage","url":"https:\/\/www.salutacoach.ch\/wp-content\/uploads\/2025\/04\/Titelbild.png","contentUrl":"https:\/\/www.salutacoach.ch\/wp-content\/uploads\/2025\/04\/Titelbild.png","width":1112,"height":1564,"caption":"Boussole de sant\u00e9"},{"@type":"BreadcrumbList","@id":"https:\/\/www.salutacoach.ch\/fr\/produkt\/coaching-kompass\/#breadcrumb","itemListElement":[{"@type":"ListItem","position":1,"name":"Startseite","item":"https:\/\/www.salutacoach.ch\/"},{"@type":"ListItem","position":2,"name":"Shop","item":"https:\/\/www.salutacoach.ch\/?page_id=1866"},{"@type":"ListItem","position":3,"name":"Coaching Kompass"}]},{"@type":"WebSite","@id":"https:\/\/www.salutacoach.ch\/#website","url":"https:\/\/www.salutacoach.ch\/","name":"SalutaCoach","description":"Personal Health Coaching","publisher":{"@id":"https:\/\/www.salutacoach.ch\/#organization"},"potentialAction":[{"@type":"SearchAction","target":{"@type":"EntryPoint","urlTemplate":"https:\/\/www.salutacoach.ch\/?s={search_term_string}"},"query-input":{"@type":"PropertyValueSpecification","valueRequired":true,"valueName":"search_term_string"}}],"inLanguage":"fr-FR"},{"@type":"Organization","@id":"https:\/\/www.salutacoach.ch\/#organization","name":"Salutacoach AG","url":"https:\/\/www.salutacoach.ch\/","logo":{"@type":"ImageObject","inLanguage":"fr-FR","@id":"https:\/\/www.salutacoach.ch\/#\/schema\/logo\/image\/","url":"https:\/\/www.salutacoach.ch\/wp-content\/uploads\/2021\/01\/saluta_logo.png","contentUrl":"https:\/\/www.salutacoach.ch\/wp-content\/uploads\/2021\/01\/saluta_logo.png","width":900,"height":413,"caption":"Salutacoach AG"},"image":{"@id":"https:\/\/www.salutacoach.ch\/#\/schema\/logo\/image\/"},"sameAs":["https:\/\/www.facebook.com\/salutacoach","https:\/\/www.instagram.com\/salutacoach\/","https:\/\/www.linkedin.com\/company\/salutacoach-ag"]}]}},"_links":{"self":[{"href":"https:\/\/www.salutacoach.ch\/fr\/wp-json\/wp\/v2\/product\/42823","targetHints":{"allow":["GET"]}}],"collection":[{"href":"https:\/\/www.salutacoach.ch\/fr\/wp-json\/wp\/v2\/product"}],"about":[{"href":"https:\/\/www.salutacoach.ch\/fr\/wp-json\/wp\/v2\/types\/product"}],"replies":[{"embeddable":true,"href":"https:\/\/www.salutacoach.ch\/fr\/wp-json\/wp\/v2\/comments?post=42823"}],"wp:featuredmedia":[{"embeddable":true,"href":"https:\/\/www.salutacoach.ch\/fr\/wp-json\/wp\/v2\/media\/39433"}],"wp:attachment":[{"href":"https:\/\/www.salutacoach.ch\/fr\/wp-json\/wp\/v2\/media?parent=42823"}],"wp:term":[{"taxonomy":"product_brand","embeddable":true,"href":"https:\/\/www.salutacoach.ch\/fr\/wp-json\/wp\/v2\/product_brand?post=42823"},{"taxonomy":"product_cat","embeddable":true,"href":"https:\/\/www.salutacoach.ch\/fr\/wp-json\/wp\/v2\/product_cat?post=42823"},{"taxonomy":"product_tag","embeddable":true,"href":"https:\/\/www.salutacoach.ch\/fr\/wp-json\/wp\/v2\/product_tag?post=42823"}],"curies":[{"name":"wp","href":"https:\/\/api.w.org\/{rel}","templated":true}]}}