{"id":42819,"date":"2025-04-28T15:04:56","date_gmt":"2025-04-28T13:04:56","guid":{"rendered":"https:\/\/www.salutacoach.ch\/produkt\/boussole-de-sante-numerique\/"},"modified":"2026-02-10T17:55:51","modified_gmt":"2026-02-10T16:55:51","slug":"boussole-de-sante-numerique","status":"publish","type":"product","link":"https:\/\/www.salutacoach.ch\/fr\/produkt\/boussole-de-sante-numerique\/","title":{"rendered":"Boussole de sant\u00e9 num\u00e9rique"},"content":{"rendered":"<div class=\"page\" title=\"Page 4\">\n<div class=\"layoutArea\">\n<div class=\"column\">\n<p class=\"\" data-start=\"293\" data-end=\"348\"><strong data-start=\"293\" data-end=\"348\">Votre chemin vers un mode de vie sain commence ici.<\/strong><\/p>\n<p class=\"\" data-start=\"350\" data-end=\"490\">La <strong data-start=\"354\" data-end=\"371\">Boussole de sant\u00e9<\/strong> vous montre comment aborder les changements de mani\u00e8re positive et d\u00e9velopper des habitudes saines qui dureront \u00e0 long terme.<\/p>\n<p class=\"\" data-start=\"492\" data-end=\"744\">Il vous offre la possibilit\u00e9 d&rsquo;organiser votre style de vie de mani\u00e8re flexible et individuelle &#8211; exactement adapt\u00e9e \u00e0 vos objectifs personnels.<br data-start=\"625\" data-end=\"628\">Que ce soit de mani\u00e8re autonome \u00e0 l&rsquo;aide de ce journal ou accompagn\u00e9 d&rsquo;un coach de sant\u00e9 personnel, c&rsquo;est vous qui d\u00e9cidez de la voie \u00e0 suivre. En achetant le Compas Sant\u00e9, vous b\u00e9n\u00e9ficiez en plus de 15 minutes gratuites de Personal Health Coaching. <\/p>\n<p class=\"\" data-start=\"872\" data-end=\"951\"><strong>Apr\u00e8s votre commande, vous recevrez un lien de t\u00e9l\u00e9chargement direct par e-mail.<\/strong><\/p>\n<hr>\n<p>&nbsp;<\/p>\n<ul>\n<li>Vous souhaitez commander la Boussole de sant\u00e9 pour <strong>votre entreprise<\/strong>?<\/li>\n<li>Vous \u00eates un <strong data-start=\"237\" data-end=\"262\">coach de sant\u00e9 personnel<\/strong> et vous souhaitez utiliser la Boussole de sant\u00e9 dans votre travail ?\n<p class=\"\" data-start=\"365\" data-end=\"618\">\ud83d\udc49 Alors profitez de <strong data-start=\"388\" data-end=\"432\">conditions sp\u00e9ciales pour la revente<\/strong> ainsi que de <strong data-start=\"451\" data-end=\"469\">remises<\/strong> int\u00e9ressantes sur <strong data-start=\"451\" data-end=\"469\">volume<\/strong> pour vos coachings, ateliers ou cours. Contactez-nous pour une offre personnalis\u00e9e <\/p>\n<\/li>\n<\/ul>\n<hr>\n<p data-start=\"872\" data-end=\"951\"><em>L&rsquo;acquisition de la boussole de sant\u00e9 est exclusivement r\u00e9serv\u00e9e \u00e0 un usage personnel. Toute revente, transfert commercial ou envoi \u00e0 des tiers est interdit sans l&rsquo;accord \u00e9crit explicite de SalutaCoach. <\/em><\/p>\n<\/div>\n<\/div>\n<\/div>\n","protected":false},"excerpt":{"rendered":"<p>Le SalutaKompass vous offre la possibilit\u00e9 d&rsquo;atteindre un mode de vie sain, de mani\u00e8re flexible et adapt\u00e9e \u00e0 vos besoins.<\/p>\n","protected":false},"featured_media":39727,"comment_status":"closed","ping_status":"closed","template":"","meta":{"_acf_changed":false},"product_brand":[],"product_cat":[330],"product_tag":[],"class_list":{"0":"post-42819","1":"product","2":"type-product","3":"status-publish","4":"has-post-thumbnail","6":"product_cat-boussole-de-sante","7":"product_shipping_class-kostenlos-fr","9":"first","10":"instock","11":"sale","12":"taxable","13":"shipping-taxable","14":"purchasable","15":"product-type-simple"},"acf":[],"yoast_head":"<!-- This site is optimized with the Yoast SEO plugin v27.4 - https:\/\/yoast.com\/product\/yoast-seo-wordpress\/ -->\n<title>Boussole de sant\u00e9 num\u00e9rique - SalutaCoach<\/title>\n<meta name=\"description\" content=\"Votre journal de coaching personnel pour un mode de vie sain. Le SalutaKompass vous montre comment aborder les changements de mani\u00e8re positive et vous guide vers des habitudes saines qui resteront \u00e0 long terme.\" \/>\n<meta name=\"robots\" content=\"index, follow, max-snippet:-1, max-image-preview:large, max-video-preview:-1\" \/>\n<link rel=\"canonical\" href=\"https:\/\/www.salutacoach.ch\/fr\/produkt\/boussole-de-sante-numerique\/\" \/>\n<meta property=\"og:locale\" content=\"fr_FR\" \/>\n<meta property=\"og:type\" content=\"article\" \/>\n<meta property=\"og:title\" content=\"Boussole de sant\u00e9 num\u00e9rique - SalutaCoach\" \/>\n<meta property=\"og:description\" content=\"Votre journal de coaching personnel pour un mode de vie sain. Le SalutaKompass vous montre comment aborder les changements de mani\u00e8re positive et vous guide vers des habitudes saines qui resteront \u00e0 long terme.\" \/>\n<meta property=\"og:url\" content=\"https:\/\/www.salutacoach.ch\/fr\/produkt\/boussole-de-sante-numerique\/\" \/>\n<meta property=\"og:site_name\" content=\"SalutaCoach\" \/>\n<meta property=\"article:publisher\" content=\"https:\/\/www.facebook.com\/salutacoach\" \/>\n<meta property=\"article:modified_time\" content=\"2026-02-10T16:55:51+00:00\" \/>\n<meta property=\"og:image\" content=\"https:\/\/www.salutacoach.ch\/wp-content\/uploads\/2025\/04\/2-1.png\" \/>\n\t<meta property=\"og:image:width\" content=\"3438\" \/>\n\t<meta property=\"og:image:height\" content=\"2680\" \/>\n\t<meta property=\"og:image:type\" content=\"image\/png\" \/>\n<meta name=\"twitter:card\" content=\"summary_large_image\" \/>\n<meta name=\"twitter:label1\" content=\"Dur\u00e9e de lecture estim\u00e9e\" \/>\n\t<meta name=\"twitter:data1\" content=\"1 minute\" \/>\n<script type=\"application\/ld+json\" class=\"yoast-schema-graph\">{\"@context\":\"https:\\\/\\\/schema.org\",\"@graph\":[{\"@type\":\"WebPage\",\"@id\":\"https:\\\/\\\/www.salutacoach.ch\\\/fr\\\/produkt\\\/boussole-de-sante-numerique\\\/\",\"url\":\"https:\\\/\\\/www.salutacoach.ch\\\/fr\\\/produkt\\\/boussole-de-sante-numerique\\\/\",\"name\":\"Boussole de sant\u00e9 num\u00e9rique - SalutaCoach\",\"isPartOf\":{\"@id\":\"https:\\\/\\\/www.salutacoach.ch\\\/#website\"},\"primaryImageOfPage\":{\"@id\":\"https:\\\/\\\/www.salutacoach.ch\\\/fr\\\/produkt\\\/boussole-de-sante-numerique\\\/#primaryimage\"},\"image\":{\"@id\":\"https:\\\/\\\/www.salutacoach.ch\\\/fr\\\/produkt\\\/boussole-de-sante-numerique\\\/#primaryimage\"},\"thumbnailUrl\":\"https:\\\/\\\/www.salutacoach.ch\\\/wp-content\\\/uploads\\\/2025\\\/04\\\/2-1.png\",\"datePublished\":\"2025-04-28T13:04:56+00:00\",\"dateModified\":\"2026-02-10T16:55:51+00:00\",\"description\":\"Votre journal de coaching personnel pour un mode de vie sain. Le SalutaKompass vous montre comment aborder les changements de mani\u00e8re positive et vous guide vers des habitudes saines qui resteront \u00e0 long terme.\",\"breadcrumb\":{\"@id\":\"https:\\\/\\\/www.salutacoach.ch\\\/fr\\\/produkt\\\/boussole-de-sante-numerique\\\/#breadcrumb\"},\"inLanguage\":\"fr-FR\",\"potentialAction\":[{\"@type\":\"ReadAction\",\"target\":[\"https:\\\/\\\/www.salutacoach.ch\\\/fr\\\/produkt\\\/boussole-de-sante-numerique\\\/\"]}]},{\"@type\":\"ImageObject\",\"inLanguage\":\"fr-FR\",\"@id\":\"https:\\\/\\\/www.salutacoach.ch\\\/fr\\\/produkt\\\/boussole-de-sante-numerique\\\/#primaryimage\",\"url\":\"https:\\\/\\\/www.salutacoach.ch\\\/wp-content\\\/uploads\\\/2025\\\/04\\\/2-1.png\",\"contentUrl\":\"https:\\\/\\\/www.salutacoach.ch\\\/wp-content\\\/uploads\\\/2025\\\/04\\\/2-1.png\",\"width\":3438,\"height\":2680},{\"@type\":\"BreadcrumbList\",\"@id\":\"https:\\\/\\\/www.salutacoach.ch\\\/fr\\\/produkt\\\/boussole-de-sante-numerique\\\/#breadcrumb\",\"itemListElement\":[{\"@type\":\"ListItem\",\"position\":1,\"name\":\"Startseite\",\"item\":\"https:\\\/\\\/www.salutacoach.ch\\\/\"},{\"@type\":\"ListItem\",\"position\":2,\"name\":\"Shop\",\"item\":\"https:\\\/\\\/www.salutacoach.ch\\\/?page_id=1866\"},{\"@type\":\"ListItem\",\"position\":3,\"name\":\"Boussole de sant\u00e9 num\u00e9rique\"}]},{\"@type\":\"WebSite\",\"@id\":\"https:\\\/\\\/www.salutacoach.ch\\\/#website\",\"url\":\"https:\\\/\\\/www.salutacoach.ch\\\/\",\"name\":\"SalutaCoach\",\"description\":\"Personal Health Coaching\",\"publisher\":{\"@id\":\"https:\\\/\\\/www.salutacoach.ch\\\/#organization\"},\"potentialAction\":[{\"@type\":\"SearchAction\",\"target\":{\"@type\":\"EntryPoint\",\"urlTemplate\":\"https:\\\/\\\/www.salutacoach.ch\\\/?s={search_term_string}\"},\"query-input\":{\"@type\":\"PropertyValueSpecification\",\"valueRequired\":true,\"valueName\":\"search_term_string\"}}],\"inLanguage\":\"fr-FR\"},{\"@type\":\"Organization\",\"@id\":\"https:\\\/\\\/www.salutacoach.ch\\\/#organization\",\"name\":\"Salutacoach AG\",\"url\":\"https:\\\/\\\/www.salutacoach.ch\\\/\",\"logo\":{\"@type\":\"ImageObject\",\"inLanguage\":\"fr-FR\",\"@id\":\"https:\\\/\\\/www.salutacoach.ch\\\/#\\\/schema\\\/logo\\\/image\\\/\",\"url\":\"https:\\\/\\\/www.salutacoach.ch\\\/wp-content\\\/uploads\\\/2021\\\/01\\\/saluta_logo.png\",\"contentUrl\":\"https:\\\/\\\/www.salutacoach.ch\\\/wp-content\\\/uploads\\\/2021\\\/01\\\/saluta_logo.png\",\"width\":900,\"height\":413,\"caption\":\"Salutacoach AG\"},\"image\":{\"@id\":\"https:\\\/\\\/www.salutacoach.ch\\\/#\\\/schema\\\/logo\\\/image\\\/\"},\"sameAs\":[\"https:\\\/\\\/www.facebook.com\\\/salutacoach\",\"https:\\\/\\\/www.instagram.com\\\/salutacoach\\\/\",\"https:\\\/\\\/www.linkedin.com\\\/company\\\/salutacoach-ag\"]}]}<\/script>\n<!-- \/ Yoast SEO plugin. -->","yoast_head_json":{"title":"Boussole de sant\u00e9 num\u00e9rique - SalutaCoach","description":"Votre journal de coaching personnel pour un mode de vie sain. Le SalutaKompass vous montre comment aborder les changements de mani\u00e8re positive et vous guide vers des habitudes saines qui resteront \u00e0 long terme.","robots":{"index":"index","follow":"follow","max-snippet":"max-snippet:-1","max-image-preview":"max-image-preview:large","max-video-preview":"max-video-preview:-1"},"canonical":"https:\/\/www.salutacoach.ch\/fr\/produkt\/boussole-de-sante-numerique\/","og_locale":"fr_FR","og_type":"article","og_title":"Boussole de sant\u00e9 num\u00e9rique - SalutaCoach","og_description":"Votre journal de coaching personnel pour un mode de vie sain. Le SalutaKompass vous montre comment aborder les changements de mani\u00e8re positive et vous guide vers des habitudes saines qui resteront \u00e0 long terme.","og_url":"https:\/\/www.salutacoach.ch\/fr\/produkt\/boussole-de-sante-numerique\/","og_site_name":"SalutaCoach","article_publisher":"https:\/\/www.facebook.com\/salutacoach","article_modified_time":"2026-02-10T16:55:51+00:00","og_image":[{"width":3438,"height":2680,"url":"https:\/\/www.salutacoach.ch\/wp-content\/uploads\/2025\/04\/2-1.png","type":"image\/png"}],"twitter_card":"summary_large_image","twitter_misc":{"Dur\u00e9e de lecture estim\u00e9e":"1 minute"},"schema":{"@context":"https:\/\/schema.org","@graph":[{"@type":"WebPage","@id":"https:\/\/www.salutacoach.ch\/fr\/produkt\/boussole-de-sante-numerique\/","url":"https:\/\/www.salutacoach.ch\/fr\/produkt\/boussole-de-sante-numerique\/","name":"Boussole de sant\u00e9 num\u00e9rique - SalutaCoach","isPartOf":{"@id":"https:\/\/www.salutacoach.ch\/#website"},"primaryImageOfPage":{"@id":"https:\/\/www.salutacoach.ch\/fr\/produkt\/boussole-de-sante-numerique\/#primaryimage"},"image":{"@id":"https:\/\/www.salutacoach.ch\/fr\/produkt\/boussole-de-sante-numerique\/#primaryimage"},"thumbnailUrl":"https:\/\/www.salutacoach.ch\/wp-content\/uploads\/2025\/04\/2-1.png","datePublished":"2025-04-28T13:04:56+00:00","dateModified":"2026-02-10T16:55:51+00:00","description":"Votre journal de coaching personnel pour un mode de vie sain. Le SalutaKompass vous montre comment aborder les changements de mani\u00e8re positive et vous guide vers des habitudes saines qui resteront \u00e0 long terme.","breadcrumb":{"@id":"https:\/\/www.salutacoach.ch\/fr\/produkt\/boussole-de-sante-numerique\/#breadcrumb"},"inLanguage":"fr-FR","potentialAction":[{"@type":"ReadAction","target":["https:\/\/www.salutacoach.ch\/fr\/produkt\/boussole-de-sante-numerique\/"]}]},{"@type":"ImageObject","inLanguage":"fr-FR","@id":"https:\/\/www.salutacoach.ch\/fr\/produkt\/boussole-de-sante-numerique\/#primaryimage","url":"https:\/\/www.salutacoach.ch\/wp-content\/uploads\/2025\/04\/2-1.png","contentUrl":"https:\/\/www.salutacoach.ch\/wp-content\/uploads\/2025\/04\/2-1.png","width":3438,"height":2680},{"@type":"BreadcrumbList","@id":"https:\/\/www.salutacoach.ch\/fr\/produkt\/boussole-de-sante-numerique\/#breadcrumb","itemListElement":[{"@type":"ListItem","position":1,"name":"Startseite","item":"https:\/\/www.salutacoach.ch\/"},{"@type":"ListItem","position":2,"name":"Shop","item":"https:\/\/www.salutacoach.ch\/?page_id=1866"},{"@type":"ListItem","position":3,"name":"Boussole de sant\u00e9 num\u00e9rique"}]},{"@type":"WebSite","@id":"https:\/\/www.salutacoach.ch\/#website","url":"https:\/\/www.salutacoach.ch\/","name":"SalutaCoach","description":"Personal Health Coaching","publisher":{"@id":"https:\/\/www.salutacoach.ch\/#organization"},"potentialAction":[{"@type":"SearchAction","target":{"@type":"EntryPoint","urlTemplate":"https:\/\/www.salutacoach.ch\/?s={search_term_string}"},"query-input":{"@type":"PropertyValueSpecification","valueRequired":true,"valueName":"search_term_string"}}],"inLanguage":"fr-FR"},{"@type":"Organization","@id":"https:\/\/www.salutacoach.ch\/#organization","name":"Salutacoach AG","url":"https:\/\/www.salutacoach.ch\/","logo":{"@type":"ImageObject","inLanguage":"fr-FR","@id":"https:\/\/www.salutacoach.ch\/#\/schema\/logo\/image\/","url":"https:\/\/www.salutacoach.ch\/wp-content\/uploads\/2021\/01\/saluta_logo.png","contentUrl":"https:\/\/www.salutacoach.ch\/wp-content\/uploads\/2021\/01\/saluta_logo.png","width":900,"height":413,"caption":"Salutacoach AG"},"image":{"@id":"https:\/\/www.salutacoach.ch\/#\/schema\/logo\/image\/"},"sameAs":["https:\/\/www.facebook.com\/salutacoach","https:\/\/www.instagram.com\/salutacoach\/","https:\/\/www.linkedin.com\/company\/salutacoach-ag"]}]}},"_links":{"self":[{"href":"https:\/\/www.salutacoach.ch\/fr\/wp-json\/wp\/v2\/product\/42819","targetHints":{"allow":["GET"]}}],"collection":[{"href":"https:\/\/www.salutacoach.ch\/fr\/wp-json\/wp\/v2\/product"}],"about":[{"href":"https:\/\/www.salutacoach.ch\/fr\/wp-json\/wp\/v2\/types\/product"}],"replies":[{"embeddable":true,"href":"https:\/\/www.salutacoach.ch\/fr\/wp-json\/wp\/v2\/comments?post=42819"}],"wp:featuredmedia":[{"embeddable":true,"href":"https:\/\/www.salutacoach.ch\/fr\/wp-json\/wp\/v2\/media\/39727"}],"wp:attachment":[{"href":"https:\/\/www.salutacoach.ch\/fr\/wp-json\/wp\/v2\/media?parent=42819"}],"wp:term":[{"taxonomy":"product_brand","embeddable":true,"href":"https:\/\/www.salutacoach.ch\/fr\/wp-json\/wp\/v2\/product_brand?post=42819"},{"taxonomy":"product_cat","embeddable":true,"href":"https:\/\/www.salutacoach.ch\/fr\/wp-json\/wp\/v2\/product_cat?post=42819"},{"taxonomy":"product_tag","embeddable":true,"href":"https:\/\/www.salutacoach.ch\/fr\/wp-json\/wp\/v2\/product_tag?post=42819"}],"curies":[{"name":"wp","href":"https:\/\/api.w.org\/{rel}","templated":true}]}}