{"id":37181,"date":"2023-01-09T11:51:02","date_gmt":"2023-01-09T10:51:02","guid":{"rendered":"https:\/\/www.salutacoach.ch\/produkt\/analyse-inbody\/"},"modified":"2026-02-10T17:54:45","modified_gmt":"2026-02-10T16:54:45","slug":"analyse-inbody","status":"publish","type":"product","link":"https:\/\/www.salutacoach.ch\/fr\/produkt\/analyse-inbody\/","title":{"rendered":"Analyse InBody"},"content":{"rendered":"<h4><strong>Analyse InBody, y compris une br\u00e8ve discussion sur place* (20&prime;) <\/strong><\/h4>\n<p><strong>Analyse de la composition corporelle (InBody)<\/strong><\/p>\n<ul>\n<li>R\u00e9alisation par un(e) scientifique du sport et un(e) coach de sant\u00e9 personnel(le) qualifi\u00e9(e)<\/li>\n<li>Mesure du poids, de la masse musculaire segmentaire et du taux de graisse dans les bras, les jambes et le tronc<\/li>\n<li>Analyse de l&rsquo;eau corporelle, du pourcentage de graisse corporelle et du m\u00e9tabolisme de base<\/li>\n<li>Document d\u2019\u00e9valuation de 2 pages avec valeurs normatives<\/li>\n<\/ul>\n<p><strong>Coaching court<\/strong><\/p>\n<ul>\n<li>Discussion et explication des r\u00e9sultats avec une ou un Personal Health Coach certifi\u00e9<\/li>\n<li>conseils et astuces individuels pour l&rsquo;optimisation de la composition corporelle<\/li>\n<\/ul>\n<p><strong>Dates<\/strong><\/p>\n<ul>\n<li>En accord avec votre coach personnel de sant\u00e9 ou alternativement au 0800 190 190 \/ info@salutacoach.ch<\/li>\n<li>Lieu* : Le check-up a lieu \u00e0 l&rsquo;Aeschenplatz 6, 4052 B\u00e2le.<\/li>\n<\/ul>\n","protected":false},"excerpt":{"rendered":"<p>Analyse InBody, y compris une br\u00e8ve discussion sur place* (20&prime;) Analyse de la composition corporelle (InBody) R\u00e9alisation par un(e) scientifique du sport et un(e) coach de sant\u00e9 personnel(le) qualifi\u00e9(e) Mesure du poids, de la masse musculaire segmentaire et du taux de graisse dans les bras, les jambes et le tronc Analyse de l&rsquo;eau corporelle, du [&hellip;]<\/p>\n","protected":false},"featured_media":17715,"comment_status":"closed","ping_status":"closed","template":"","meta":{"_acf_changed":false},"product_brand":[],"product_cat":[67],"product_tag":[],"class_list":{"0":"post-37181","1":"product","2":"type-product","3":"status-publish","4":"has-post-thumbnail","6":"product_cat-checkup-coaching-fr","8":"first","9":"instock","10":"taxable","11":"shipping-taxable","12":"purchasable","13":"product-type-simple"},"acf":[],"yoast_head":"<!-- This site is optimized with the Yoast SEO plugin v27.4 - https:\/\/yoast.com\/product\/yoast-seo-wordpress\/ -->\n<title>Analyse InBody - SalutaCoach<\/title>\n<meta name=\"robots\" content=\"index, follow, max-snippet:-1, max-image-preview:large, max-video-preview:-1\" \/>\n<link rel=\"canonical\" href=\"https:\/\/www.salutacoach.ch\/fr\/produkt\/analyse-inbody\/\" \/>\n<meta property=\"og:locale\" content=\"fr_FR\" \/>\n<meta property=\"og:type\" content=\"article\" \/>\n<meta property=\"og:title\" content=\"Analyse InBody - SalutaCoach\" \/>\n<meta property=\"og:description\" content=\"Analyse InBody, y compris une br\u00e8ve discussion sur place* (20&prime;) Analyse de la composition corporelle (InBody) R\u00e9alisation par un(e) scientifique du sport et un(e) coach de sant\u00e9 personnel(le) qualifi\u00e9(e) Mesure du poids, de la masse musculaire segmentaire et du taux de graisse dans les bras, les jambes et le tronc Analyse de l&rsquo;eau corporelle, du [&hellip;]\" \/>\n<meta property=\"og:url\" content=\"https:\/\/www.salutacoach.ch\/fr\/produkt\/analyse-inbody\/\" \/>\n<meta property=\"og:site_name\" content=\"SalutaCoach\" \/>\n<meta property=\"article:publisher\" content=\"https:\/\/www.facebook.com\/salutacoach\" \/>\n<meta property=\"article:modified_time\" content=\"2026-02-10T16:54:45+00:00\" \/>\n<meta property=\"og:image\" content=\"https:\/\/www.salutacoach.ch\/wp-content\/uploads\/2023\/01\/IB770_45degree_left-1.png\" \/>\n\t<meta property=\"og:image:width\" content=\"593\" \/>\n\t<meta property=\"og:image:height\" content=\"917\" \/>\n\t<meta property=\"og:image:type\" content=\"image\/png\" \/>\n<meta name=\"twitter:card\" content=\"summary_large_image\" \/>\n<meta name=\"twitter:label1\" content=\"Dur\u00e9e de lecture estim\u00e9e\" \/>\n\t<meta name=\"twitter:data1\" content=\"1 minute\" \/>\n<script type=\"application\/ld+json\" class=\"yoast-schema-graph\">{\"@context\":\"https:\\\/\\\/schema.org\",\"@graph\":[{\"@type\":\"WebPage\",\"@id\":\"https:\\\/\\\/www.salutacoach.ch\\\/fr\\\/produkt\\\/analyse-inbody\\\/\",\"url\":\"https:\\\/\\\/www.salutacoach.ch\\\/fr\\\/produkt\\\/analyse-inbody\\\/\",\"name\":\"Analyse InBody - SalutaCoach\",\"isPartOf\":{\"@id\":\"https:\\\/\\\/www.salutacoach.ch\\\/#website\"},\"primaryImageOfPage\":{\"@id\":\"https:\\\/\\\/www.salutacoach.ch\\\/fr\\\/produkt\\\/analyse-inbody\\\/#primaryimage\"},\"image\":{\"@id\":\"https:\\\/\\\/www.salutacoach.ch\\\/fr\\\/produkt\\\/analyse-inbody\\\/#primaryimage\"},\"thumbnailUrl\":\"https:\\\/\\\/www.salutacoach.ch\\\/wp-content\\\/uploads\\\/2023\\\/01\\\/IB770_45degree_left-1.png\",\"datePublished\":\"2023-01-09T10:51:02+00:00\",\"dateModified\":\"2026-02-10T16:54:45+00:00\",\"breadcrumb\":{\"@id\":\"https:\\\/\\\/www.salutacoach.ch\\\/fr\\\/produkt\\\/analyse-inbody\\\/#breadcrumb\"},\"inLanguage\":\"fr-FR\",\"potentialAction\":[{\"@type\":\"ReadAction\",\"target\":[\"https:\\\/\\\/www.salutacoach.ch\\\/fr\\\/produkt\\\/analyse-inbody\\\/\"]}]},{\"@type\":\"ImageObject\",\"inLanguage\":\"fr-FR\",\"@id\":\"https:\\\/\\\/www.salutacoach.ch\\\/fr\\\/produkt\\\/analyse-inbody\\\/#primaryimage\",\"url\":\"https:\\\/\\\/www.salutacoach.ch\\\/wp-content\\\/uploads\\\/2023\\\/01\\\/IB770_45degree_left-1.png\",\"contentUrl\":\"https:\\\/\\\/www.salutacoach.ch\\\/wp-content\\\/uploads\\\/2023\\\/01\\\/IB770_45degree_left-1.png\",\"width\":593,\"height\":917,\"caption\":\"Balance InBody pour mesurer le taux de graisse et de muscle du corps\"},{\"@type\":\"BreadcrumbList\",\"@id\":\"https:\\\/\\\/www.salutacoach.ch\\\/fr\\\/produkt\\\/analyse-inbody\\\/#breadcrumb\",\"itemListElement\":[{\"@type\":\"ListItem\",\"position\":1,\"name\":\"Startseite\",\"item\":\"https:\\\/\\\/www.salutacoach.ch\\\/\"},{\"@type\":\"ListItem\",\"position\":2,\"name\":\"Shop\",\"item\":\"https:\\\/\\\/www.salutacoach.ch\\\/?page_id=1866\"},{\"@type\":\"ListItem\",\"position\":3,\"name\":\"Analyse InBody\"}]},{\"@type\":\"WebSite\",\"@id\":\"https:\\\/\\\/www.salutacoach.ch\\\/#website\",\"url\":\"https:\\\/\\\/www.salutacoach.ch\\\/\",\"name\":\"SalutaCoach\",\"description\":\"Personal Health Coaching\",\"publisher\":{\"@id\":\"https:\\\/\\\/www.salutacoach.ch\\\/#organization\"},\"potentialAction\":[{\"@type\":\"SearchAction\",\"target\":{\"@type\":\"EntryPoint\",\"urlTemplate\":\"https:\\\/\\\/www.salutacoach.ch\\\/?s={search_term_string}\"},\"query-input\":{\"@type\":\"PropertyValueSpecification\",\"valueRequired\":true,\"valueName\":\"search_term_string\"}}],\"inLanguage\":\"fr-FR\"},{\"@type\":\"Organization\",\"@id\":\"https:\\\/\\\/www.salutacoach.ch\\\/#organization\",\"name\":\"Salutacoach AG\",\"url\":\"https:\\\/\\\/www.salutacoach.ch\\\/\",\"logo\":{\"@type\":\"ImageObject\",\"inLanguage\":\"fr-FR\",\"@id\":\"https:\\\/\\\/www.salutacoach.ch\\\/#\\\/schema\\\/logo\\\/image\\\/\",\"url\":\"https:\\\/\\\/www.salutacoach.ch\\\/wp-content\\\/uploads\\\/2021\\\/01\\\/saluta_logo.png\",\"contentUrl\":\"https:\\\/\\\/www.salutacoach.ch\\\/wp-content\\\/uploads\\\/2021\\\/01\\\/saluta_logo.png\",\"width\":900,\"height\":413,\"caption\":\"Salutacoach AG\"},\"image\":{\"@id\":\"https:\\\/\\\/www.salutacoach.ch\\\/#\\\/schema\\\/logo\\\/image\\\/\"},\"sameAs\":[\"https:\\\/\\\/www.facebook.com\\\/salutacoach\",\"https:\\\/\\\/www.instagram.com\\\/salutacoach\\\/\",\"https:\\\/\\\/www.linkedin.com\\\/company\\\/salutacoach-ag\"]}]}<\/script>\n<!-- \/ Yoast SEO plugin. -->","yoast_head_json":{"title":"Analyse InBody - SalutaCoach","robots":{"index":"index","follow":"follow","max-snippet":"max-snippet:-1","max-image-preview":"max-image-preview:large","max-video-preview":"max-video-preview:-1"},"canonical":"https:\/\/www.salutacoach.ch\/fr\/produkt\/analyse-inbody\/","og_locale":"fr_FR","og_type":"article","og_title":"Analyse InBody - SalutaCoach","og_description":"Analyse InBody, y compris une br\u00e8ve discussion sur place* (20&prime;) Analyse de la composition corporelle (InBody) R\u00e9alisation par un(e) scientifique du sport et un(e) coach de sant\u00e9 personnel(le) qualifi\u00e9(e) Mesure du poids, de la masse musculaire segmentaire et du taux de graisse dans les bras, les jambes et le tronc Analyse de l&rsquo;eau corporelle, du [&hellip;]","og_url":"https:\/\/www.salutacoach.ch\/fr\/produkt\/analyse-inbody\/","og_site_name":"SalutaCoach","article_publisher":"https:\/\/www.facebook.com\/salutacoach","article_modified_time":"2026-02-10T16:54:45+00:00","og_image":[{"width":593,"height":917,"url":"https:\/\/www.salutacoach.ch\/wp-content\/uploads\/2023\/01\/IB770_45degree_left-1.png","type":"image\/png"}],"twitter_card":"summary_large_image","twitter_misc":{"Dur\u00e9e de lecture estim\u00e9e":"1 minute"},"schema":{"@context":"https:\/\/schema.org","@graph":[{"@type":"WebPage","@id":"https:\/\/www.salutacoach.ch\/fr\/produkt\/analyse-inbody\/","url":"https:\/\/www.salutacoach.ch\/fr\/produkt\/analyse-inbody\/","name":"Analyse InBody - SalutaCoach","isPartOf":{"@id":"https:\/\/www.salutacoach.ch\/#website"},"primaryImageOfPage":{"@id":"https:\/\/www.salutacoach.ch\/fr\/produkt\/analyse-inbody\/#primaryimage"},"image":{"@id":"https:\/\/www.salutacoach.ch\/fr\/produkt\/analyse-inbody\/#primaryimage"},"thumbnailUrl":"https:\/\/www.salutacoach.ch\/wp-content\/uploads\/2023\/01\/IB770_45degree_left-1.png","datePublished":"2023-01-09T10:51:02+00:00","dateModified":"2026-02-10T16:54:45+00:00","breadcrumb":{"@id":"https:\/\/www.salutacoach.ch\/fr\/produkt\/analyse-inbody\/#breadcrumb"},"inLanguage":"fr-FR","potentialAction":[{"@type":"ReadAction","target":["https:\/\/www.salutacoach.ch\/fr\/produkt\/analyse-inbody\/"]}]},{"@type":"ImageObject","inLanguage":"fr-FR","@id":"https:\/\/www.salutacoach.ch\/fr\/produkt\/analyse-inbody\/#primaryimage","url":"https:\/\/www.salutacoach.ch\/wp-content\/uploads\/2023\/01\/IB770_45degree_left-1.png","contentUrl":"https:\/\/www.salutacoach.ch\/wp-content\/uploads\/2023\/01\/IB770_45degree_left-1.png","width":593,"height":917,"caption":"Balance InBody pour mesurer le taux de graisse et de muscle du corps"},{"@type":"BreadcrumbList","@id":"https:\/\/www.salutacoach.ch\/fr\/produkt\/analyse-inbody\/#breadcrumb","itemListElement":[{"@type":"ListItem","position":1,"name":"Startseite","item":"https:\/\/www.salutacoach.ch\/"},{"@type":"ListItem","position":2,"name":"Shop","item":"https:\/\/www.salutacoach.ch\/?page_id=1866"},{"@type":"ListItem","position":3,"name":"Analyse InBody"}]},{"@type":"WebSite","@id":"https:\/\/www.salutacoach.ch\/#website","url":"https:\/\/www.salutacoach.ch\/","name":"SalutaCoach","description":"Personal Health Coaching","publisher":{"@id":"https:\/\/www.salutacoach.ch\/#organization"},"potentialAction":[{"@type":"SearchAction","target":{"@type":"EntryPoint","urlTemplate":"https:\/\/www.salutacoach.ch\/?s={search_term_string}"},"query-input":{"@type":"PropertyValueSpecification","valueRequired":true,"valueName":"search_term_string"}}],"inLanguage":"fr-FR"},{"@type":"Organization","@id":"https:\/\/www.salutacoach.ch\/#organization","name":"Salutacoach AG","url":"https:\/\/www.salutacoach.ch\/","logo":{"@type":"ImageObject","inLanguage":"fr-FR","@id":"https:\/\/www.salutacoach.ch\/#\/schema\/logo\/image\/","url":"https:\/\/www.salutacoach.ch\/wp-content\/uploads\/2021\/01\/saluta_logo.png","contentUrl":"https:\/\/www.salutacoach.ch\/wp-content\/uploads\/2021\/01\/saluta_logo.png","width":900,"height":413,"caption":"Salutacoach AG"},"image":{"@id":"https:\/\/www.salutacoach.ch\/#\/schema\/logo\/image\/"},"sameAs":["https:\/\/www.facebook.com\/salutacoach","https:\/\/www.instagram.com\/salutacoach\/","https:\/\/www.linkedin.com\/company\/salutacoach-ag"]}]}},"_links":{"self":[{"href":"https:\/\/www.salutacoach.ch\/fr\/wp-json\/wp\/v2\/product\/37181","targetHints":{"allow":["GET"]}}],"collection":[{"href":"https:\/\/www.salutacoach.ch\/fr\/wp-json\/wp\/v2\/product"}],"about":[{"href":"https:\/\/www.salutacoach.ch\/fr\/wp-json\/wp\/v2\/types\/product"}],"replies":[{"embeddable":true,"href":"https:\/\/www.salutacoach.ch\/fr\/wp-json\/wp\/v2\/comments?post=37181"}],"wp:featuredmedia":[{"embeddable":true,"href":"https:\/\/www.salutacoach.ch\/fr\/wp-json\/wp\/v2\/media\/17715"}],"wp:attachment":[{"href":"https:\/\/www.salutacoach.ch\/fr\/wp-json\/wp\/v2\/media?parent=37181"}],"wp:term":[{"taxonomy":"product_brand","embeddable":true,"href":"https:\/\/www.salutacoach.ch\/fr\/wp-json\/wp\/v2\/product_brand?post=37181"},{"taxonomy":"product_cat","embeddable":true,"href":"https:\/\/www.salutacoach.ch\/fr\/wp-json\/wp\/v2\/product_cat?post=37181"},{"taxonomy":"product_tag","embeddable":true,"href":"https:\/\/www.salutacoach.ch\/fr\/wp-json\/wp\/v2\/product_tag?post=37181"}],"curies":[{"name":"wp","href":"https:\/\/api.w.org\/{rel}","templated":true}]}}