{"id":37157,"date":"2022-08-02T10:10:07","date_gmt":"2022-08-02T08:10:07","guid":{"rendered":"https:\/\/www.salutacoach.ch\/produkt\/coaching-a-la-demande\/"},"modified":"2026-02-13T10:12:54","modified_gmt":"2026-02-13T09:12:54","slug":"coaching-a-la-demande","status":"publish","type":"product","link":"https:\/\/www.salutacoach.ch\/fr\/produkt\/coaching-a-la-demande\/","title":{"rendered":"Coaching \u00e0 la demande"},"content":{"rendered":"<ul class=\"avia-icon-list avia-icon-list-left av-iconlist-small avia_animate_when_almost_visible avia-iconlist-animate avia_start_animation\">\n<li>\n<article class=\"article-icon-entry av-iconlist-empty\">\n<div class=\"iconlist_content_wrap\">\n<header class=\"entry-content-header\">\n<div class=\"av_iconlist_title iconlist_title_small \">1 entretien de coaching<\/div>\n<\/header>\n<\/div>\n<footer class=\"entry-footer\"><\/footer>\n<\/article>\n<\/li>\n<li>\n<article class=\"article-icon-entry av-iconlist-empty\">\n<div class=\"iconlist_content_wrap\">\n<header class=\"entry-content-header\">\n<div class=\"av_iconlist_title iconlist_title_small \">Sur demande pendant le processus de coaching ou apr\u00e8s un programme de coaching<\/div>\n<\/header>\n<\/div>\n<footer class=\"entry-footer\"><\/footer>\n<\/article>\n<\/li>\n<\/ul>\n<article class=\"article-icon-entry av-iconlist-empty\">\n<div class=\"iconlist_content_wrap\">\n<header class=\"entry-content-header\">\n<ul>\n<li class=\"av_iconlist_title iconlist_title_small \">Coach sant\u00e9 personnel<\/li>\n<li>Plate-forme de coaching<\/li>\n<li class=\"av_iconlist_title iconlist_title_small \">Possibilit\u00e9 de chat<\/li>\n<li>60 minutes<\/li>\n<\/ul>\n<\/header>\n<\/div>\n<\/article>\n<div class=\"iconlist_content_wrap\"><\/div>\n<article class=\"article-icon-entry av-iconlist-empty\">\n<div class=\"iconlist_content_wrap\">\n<header class=\"entry-content-header\"> <\/header>\n<\/div>\n<\/article>\n","protected":false},"excerpt":{"rendered":"<p>1 entretien de coaching Sur demande pendant le processus de coaching ou apr\u00e8s un programme de coaching Coach sant\u00e9 personnel Plate-forme de coaching Possibilit\u00e9 de chat 60 minutes<\/p>\n","protected":false},"featured_media":46582,"comment_status":"open","ping_status":"closed","template":"","meta":{"_acf_changed":false},"product_brand":[],"product_cat":[71,324],"product_tag":[],"class_list":{"0":"post-37157","1":"product","2":"type-product","3":"status-publish","4":"has-post-thumbnail","6":"product_cat-coaching-programme-fr","7":"product_cat-visible-sur-app-fe","8":"product_shipping_class-kostenlos-fr","10":"first","11":"instock","12":"taxable","13":"shipping-taxable","14":"purchasable","15":"product-type-simple"},"acf":[],"yoast_head":"<!-- This site is optimized with the Yoast SEO plugin v27.4 - https:\/\/yoast.com\/product\/yoast-seo-wordpress\/ -->\n<title>Coaching \u00e0 la demande - SalutaCoach<\/title>\n<meta name=\"robots\" content=\"index, follow, max-snippet:-1, max-image-preview:large, max-video-preview:-1\" \/>\n<link rel=\"canonical\" href=\"https:\/\/www.salutacoach.ch\/fr\/produkt\/coaching-a-la-demande\/\" \/>\n<meta property=\"og:locale\" content=\"fr_FR\" \/>\n<meta property=\"og:type\" content=\"article\" \/>\n<meta property=\"og:title\" content=\"Coaching \u00e0 la demande - SalutaCoach\" \/>\n<meta property=\"og:description\" content=\"1 entretien de coaching Sur demande pendant le processus de coaching ou apr\u00e8s un programme de coaching Coach sant\u00e9 personnel Plate-forme de coaching Possibilit\u00e9 de chat 60 minutes\" \/>\n<meta property=\"og:url\" content=\"https:\/\/www.salutacoach.ch\/fr\/produkt\/coaching-a-la-demande\/\" \/>\n<meta property=\"og:site_name\" content=\"SalutaCoach\" \/>\n<meta property=\"article:publisher\" content=\"https:\/\/www.facebook.com\/salutacoach\" \/>\n<meta property=\"article:modified_time\" content=\"2026-02-13T09:12:54+00:00\" \/>\n<meta property=\"og:image\" content=\"https:\/\/www.salutacoach.ch\/wp-content\/uploads\/2026\/02\/SalutaCoach_Gross-17-scaled-1.jpg\" \/>\n\t<meta property=\"og:image:width\" content=\"1707\" \/>\n\t<meta property=\"og:image:height\" content=\"2560\" \/>\n\t<meta property=\"og:image:type\" content=\"image\/jpeg\" \/>\n<meta name=\"twitter:card\" content=\"summary_large_image\" \/>\n<script type=\"application\/ld+json\" class=\"yoast-schema-graph\">{\"@context\":\"https:\\\/\\\/schema.org\",\"@graph\":[{\"@type\":\"WebPage\",\"@id\":\"https:\\\/\\\/www.salutacoach.ch\\\/fr\\\/produkt\\\/coaching-a-la-demande\\\/\",\"url\":\"https:\\\/\\\/www.salutacoach.ch\\\/fr\\\/produkt\\\/coaching-a-la-demande\\\/\",\"name\":\"Coaching \u00e0 la demande - SalutaCoach\",\"isPartOf\":{\"@id\":\"https:\\\/\\\/www.salutacoach.ch\\\/#website\"},\"primaryImageOfPage\":{\"@id\":\"https:\\\/\\\/www.salutacoach.ch\\\/fr\\\/produkt\\\/coaching-a-la-demande\\\/#primaryimage\"},\"image\":{\"@id\":\"https:\\\/\\\/www.salutacoach.ch\\\/fr\\\/produkt\\\/coaching-a-la-demande\\\/#primaryimage\"},\"thumbnailUrl\":\"https:\\\/\\\/www.salutacoach.ch\\\/wp-content\\\/uploads\\\/2026\\\/02\\\/SalutaCoach_Gross-17-scaled-1.jpg\",\"datePublished\":\"2022-08-02T08:10:07+00:00\",\"dateModified\":\"2026-02-13T09:12:54+00:00\",\"breadcrumb\":{\"@id\":\"https:\\\/\\\/www.salutacoach.ch\\\/fr\\\/produkt\\\/coaching-a-la-demande\\\/#breadcrumb\"},\"inLanguage\":\"fr-FR\",\"potentialAction\":[{\"@type\":\"ReadAction\",\"target\":[\"https:\\\/\\\/www.salutacoach.ch\\\/fr\\\/produkt\\\/coaching-a-la-demande\\\/\"]}]},{\"@type\":\"ImageObject\",\"inLanguage\":\"fr-FR\",\"@id\":\"https:\\\/\\\/www.salutacoach.ch\\\/fr\\\/produkt\\\/coaching-a-la-demande\\\/#primaryimage\",\"url\":\"https:\\\/\\\/www.salutacoach.ch\\\/wp-content\\\/uploads\\\/2026\\\/02\\\/SalutaCoach_Gross-17-scaled-1.jpg\",\"contentUrl\":\"https:\\\/\\\/www.salutacoach.ch\\\/wp-content\\\/uploads\\\/2026\\\/02\\\/SalutaCoach_Gross-17-scaled-1.jpg\",\"width\":1707,\"height\":2560},{\"@type\":\"BreadcrumbList\",\"@id\":\"https:\\\/\\\/www.salutacoach.ch\\\/fr\\\/produkt\\\/coaching-a-la-demande\\\/#breadcrumb\",\"itemListElement\":[{\"@type\":\"ListItem\",\"position\":1,\"name\":\"Startseite\",\"item\":\"https:\\\/\\\/www.salutacoach.ch\\\/\"},{\"@type\":\"ListItem\",\"position\":2,\"name\":\"Shop\",\"item\":\"https:\\\/\\\/www.salutacoach.ch\\\/?page_id=1866\"},{\"@type\":\"ListItem\",\"position\":3,\"name\":\"Coaching \u00e0 la demande\"}]},{\"@type\":\"WebSite\",\"@id\":\"https:\\\/\\\/www.salutacoach.ch\\\/#website\",\"url\":\"https:\\\/\\\/www.salutacoach.ch\\\/\",\"name\":\"SalutaCoach\",\"description\":\"Personal Health Coaching\",\"publisher\":{\"@id\":\"https:\\\/\\\/www.salutacoach.ch\\\/#organization\"},\"potentialAction\":[{\"@type\":\"SearchAction\",\"target\":{\"@type\":\"EntryPoint\",\"urlTemplate\":\"https:\\\/\\\/www.salutacoach.ch\\\/?s={search_term_string}\"},\"query-input\":{\"@type\":\"PropertyValueSpecification\",\"valueRequired\":true,\"valueName\":\"search_term_string\"}}],\"inLanguage\":\"fr-FR\"},{\"@type\":\"Organization\",\"@id\":\"https:\\\/\\\/www.salutacoach.ch\\\/#organization\",\"name\":\"Salutacoach AG\",\"url\":\"https:\\\/\\\/www.salutacoach.ch\\\/\",\"logo\":{\"@type\":\"ImageObject\",\"inLanguage\":\"fr-FR\",\"@id\":\"https:\\\/\\\/www.salutacoach.ch\\\/#\\\/schema\\\/logo\\\/image\\\/\",\"url\":\"https:\\\/\\\/www.salutacoach.ch\\\/wp-content\\\/uploads\\\/2021\\\/01\\\/saluta_logo.png\",\"contentUrl\":\"https:\\\/\\\/www.salutacoach.ch\\\/wp-content\\\/uploads\\\/2021\\\/01\\\/saluta_logo.png\",\"width\":900,\"height\":413,\"caption\":\"Salutacoach AG\"},\"image\":{\"@id\":\"https:\\\/\\\/www.salutacoach.ch\\\/#\\\/schema\\\/logo\\\/image\\\/\"},\"sameAs\":[\"https:\\\/\\\/www.facebook.com\\\/salutacoach\",\"https:\\\/\\\/www.instagram.com\\\/salutacoach\\\/\",\"https:\\\/\\\/www.linkedin.com\\\/company\\\/salutacoach-ag\"]}]}<\/script>\n<!-- \/ Yoast SEO plugin. -->","yoast_head_json":{"title":"Coaching \u00e0 la demande - SalutaCoach","robots":{"index":"index","follow":"follow","max-snippet":"max-snippet:-1","max-image-preview":"max-image-preview:large","max-video-preview":"max-video-preview:-1"},"canonical":"https:\/\/www.salutacoach.ch\/fr\/produkt\/coaching-a-la-demande\/","og_locale":"fr_FR","og_type":"article","og_title":"Coaching \u00e0 la demande - SalutaCoach","og_description":"1 entretien de coaching Sur demande pendant le processus de coaching ou apr\u00e8s un programme de coaching Coach sant\u00e9 personnel Plate-forme de coaching Possibilit\u00e9 de chat 60 minutes","og_url":"https:\/\/www.salutacoach.ch\/fr\/produkt\/coaching-a-la-demande\/","og_site_name":"SalutaCoach","article_publisher":"https:\/\/www.facebook.com\/salutacoach","article_modified_time":"2026-02-13T09:12:54+00:00","og_image":[{"width":1707,"height":2560,"url":"https:\/\/www.salutacoach.ch\/wp-content\/uploads\/2026\/02\/SalutaCoach_Gross-17-scaled-1.jpg","type":"image\/jpeg"}],"twitter_card":"summary_large_image","schema":{"@context":"https:\/\/schema.org","@graph":[{"@type":"WebPage","@id":"https:\/\/www.salutacoach.ch\/fr\/produkt\/coaching-a-la-demande\/","url":"https:\/\/www.salutacoach.ch\/fr\/produkt\/coaching-a-la-demande\/","name":"Coaching \u00e0 la demande - SalutaCoach","isPartOf":{"@id":"https:\/\/www.salutacoach.ch\/#website"},"primaryImageOfPage":{"@id":"https:\/\/www.salutacoach.ch\/fr\/produkt\/coaching-a-la-demande\/#primaryimage"},"image":{"@id":"https:\/\/www.salutacoach.ch\/fr\/produkt\/coaching-a-la-demande\/#primaryimage"},"thumbnailUrl":"https:\/\/www.salutacoach.ch\/wp-content\/uploads\/2026\/02\/SalutaCoach_Gross-17-scaled-1.jpg","datePublished":"2022-08-02T08:10:07+00:00","dateModified":"2026-02-13T09:12:54+00:00","breadcrumb":{"@id":"https:\/\/www.salutacoach.ch\/fr\/produkt\/coaching-a-la-demande\/#breadcrumb"},"inLanguage":"fr-FR","potentialAction":[{"@type":"ReadAction","target":["https:\/\/www.salutacoach.ch\/fr\/produkt\/coaching-a-la-demande\/"]}]},{"@type":"ImageObject","inLanguage":"fr-FR","@id":"https:\/\/www.salutacoach.ch\/fr\/produkt\/coaching-a-la-demande\/#primaryimage","url":"https:\/\/www.salutacoach.ch\/wp-content\/uploads\/2026\/02\/SalutaCoach_Gross-17-scaled-1.jpg","contentUrl":"https:\/\/www.salutacoach.ch\/wp-content\/uploads\/2026\/02\/SalutaCoach_Gross-17-scaled-1.jpg","width":1707,"height":2560},{"@type":"BreadcrumbList","@id":"https:\/\/www.salutacoach.ch\/fr\/produkt\/coaching-a-la-demande\/#breadcrumb","itemListElement":[{"@type":"ListItem","position":1,"name":"Startseite","item":"https:\/\/www.salutacoach.ch\/"},{"@type":"ListItem","position":2,"name":"Shop","item":"https:\/\/www.salutacoach.ch\/?page_id=1866"},{"@type":"ListItem","position":3,"name":"Coaching \u00e0 la demande"}]},{"@type":"WebSite","@id":"https:\/\/www.salutacoach.ch\/#website","url":"https:\/\/www.salutacoach.ch\/","name":"SalutaCoach","description":"Personal Health Coaching","publisher":{"@id":"https:\/\/www.salutacoach.ch\/#organization"},"potentialAction":[{"@type":"SearchAction","target":{"@type":"EntryPoint","urlTemplate":"https:\/\/www.salutacoach.ch\/?s={search_term_string}"},"query-input":{"@type":"PropertyValueSpecification","valueRequired":true,"valueName":"search_term_string"}}],"inLanguage":"fr-FR"},{"@type":"Organization","@id":"https:\/\/www.salutacoach.ch\/#organization","name":"Salutacoach AG","url":"https:\/\/www.salutacoach.ch\/","logo":{"@type":"ImageObject","inLanguage":"fr-FR","@id":"https:\/\/www.salutacoach.ch\/#\/schema\/logo\/image\/","url":"https:\/\/www.salutacoach.ch\/wp-content\/uploads\/2021\/01\/saluta_logo.png","contentUrl":"https:\/\/www.salutacoach.ch\/wp-content\/uploads\/2021\/01\/saluta_logo.png","width":900,"height":413,"caption":"Salutacoach AG"},"image":{"@id":"https:\/\/www.salutacoach.ch\/#\/schema\/logo\/image\/"},"sameAs":["https:\/\/www.facebook.com\/salutacoach","https:\/\/www.instagram.com\/salutacoach\/","https:\/\/www.linkedin.com\/company\/salutacoach-ag"]}]}},"_links":{"self":[{"href":"https:\/\/www.salutacoach.ch\/fr\/wp-json\/wp\/v2\/product\/37157","targetHints":{"allow":["GET"]}}],"collection":[{"href":"https:\/\/www.salutacoach.ch\/fr\/wp-json\/wp\/v2\/product"}],"about":[{"href":"https:\/\/www.salutacoach.ch\/fr\/wp-json\/wp\/v2\/types\/product"}],"replies":[{"embeddable":true,"href":"https:\/\/www.salutacoach.ch\/fr\/wp-json\/wp\/v2\/comments?post=37157"}],"wp:featuredmedia":[{"embeddable":true,"href":"https:\/\/www.salutacoach.ch\/fr\/wp-json\/wp\/v2\/media\/46582"}],"wp:attachment":[{"href":"https:\/\/www.salutacoach.ch\/fr\/wp-json\/wp\/v2\/media?parent=37157"}],"wp:term":[{"taxonomy":"product_brand","embeddable":true,"href":"https:\/\/www.salutacoach.ch\/fr\/wp-json\/wp\/v2\/product_brand?post=37157"},{"taxonomy":"product_cat","embeddable":true,"href":"https:\/\/www.salutacoach.ch\/fr\/wp-json\/wp\/v2\/product_cat?post=37157"},{"taxonomy":"product_tag","embeddable":true,"href":"https:\/\/www.salutacoach.ch\/fr\/wp-json\/wp\/v2\/product_tag?post=37157"}],"curies":[{"name":"wp","href":"https:\/\/api.w.org\/{rel}","templated":true}]}}