{"id":37150,"date":"2024-06-25T11:38:17","date_gmt":"2024-06-25T09:38:17","guid":{"rendered":"https:\/\/www.salutacoach.ch\/produkt\/starter-nutrition\/"},"modified":"2026-02-10T17:57:47","modified_gmt":"2026-02-10T16:57:47","slug":"starter-nutrition","status":"publish","type":"product","link":"https:\/\/www.salutacoach.ch\/fr\/produkt\/starter-nutrition\/","title":{"rendered":"Starter &#8211; Nutrition (Check)"},"content":{"rendered":"<h3>Documentation nutritionnelle<\/h3>\n<ul>\n<li>Veillez \u00e0 indiquer votre num\u00e9ro WhatsApp lors de la commande.<\/li>\n<li>Apr\u00e8s l&rsquo;e-mail de confirmation, vous recevrez par WhatsApp le d\u00e9roulement exact de la documentation nutritionnelle pendant une journ\u00e9e de travail.<\/li>\n<li>Vous r\u00e9alisez la documentation nutritionnelle de mani\u00e8re individuelle.<\/li>\n<\/ul>\n<p>&nbsp;<\/p>\n<h3>Entretien d&rsquo;analyse<\/h3>\n<p><strong>Choix de la date<\/strong><\/p>\n<ul>\n<li>Une fois la documentation nutritionnelle termin\u00e9e, vous choisissez un rendez-vous qui vous convient. Vous recevrez le lien de votre coach. <\/li>\n<\/ul>\n<p><strong>1:1 Coaching  <\/strong><\/p>\n<ul>\n<li>max. 45 minutes d&rsquo;appel <\/li>\n<li>D\u00e9veloppement de strat\u00e9gies de r\u00e9solution individuelles<\/li>\n<li>par vid\u00e9o<\/li>\n<\/ul>\n<p><strong>Coach personnel<\/strong><\/p>\n<ul>\n<li>Analyse votre alimentation<\/li>\n<li>Motiver, soutenir le changement<\/li>\n<li>Certifi\u00e9 acad\u00e9miquement<\/li>\n<\/ul>\n<p><strong>Mat\u00e9riel d&rsquo;information<\/strong><\/p>\n<ul>\n<li>Recommandations de connaissances personnalis\u00e9es<\/li>\n<li>Fournir des produits adapt\u00e9s.<\/li>\n<\/ul>\n<p><strong>Notre m\u00e9thode  <\/strong><\/p>\n<ul>\n<li>Le coaching est bas\u00e9 sur des techniques de changement de comportement scientifiquement reconnues<strong>.<\/strong><\/li>\n<li>Le coaching de sant\u00e9 personnel a \u00e9t\u00e9 d\u00e9velopp\u00e9 et test\u00e9 \u00e0 l&rsquo;universit\u00e9 de B\u00e2le.<\/li>\n<\/ul>\n","protected":false},"excerpt":{"rendered":"<p>Documentation nutritionnelle Veillez \u00e0 indiquer votre num\u00e9ro WhatsApp lors de la commande. Apr\u00e8s l&rsquo;e-mail de confirmation, vous recevrez par WhatsApp le d\u00e9roulement exact de la documentation nutritionnelle pendant une journ\u00e9e de travail. Vous r\u00e9alisez la documentation nutritionnelle de mani\u00e8re individuelle. &nbsp; Entretien d&rsquo;analyse Choix de la date Une fois la documentation nutritionnelle termin\u00e9e, vous choisissez [&hellip;]<\/p>\n","protected":false},"featured_media":28250,"comment_status":"open","ping_status":"closed","template":"","meta":{"_acf_changed":false},"product_brand":[],"product_cat":[67],"product_tag":[],"class_list":{"0":"post-37150","1":"product","2":"type-product","3":"status-publish","4":"has-post-thumbnail","6":"product_cat-checkup-coaching-fr","7":"product_shipping_class-kostenlos-fr","9":"first","10":"instock","11":"taxable","12":"shipping-taxable","13":"purchasable","14":"product-type-simple"},"acf":[],"yoast_head":"<!-- This site is optimized with the Yoast SEO plugin v27.4 - https:\/\/yoast.com\/product\/yoast-seo-wordpress\/ -->\n<title>Starter - Nutrition (Check) - SalutaCoach<\/title>\n<meta name=\"robots\" content=\"index, follow, max-snippet:-1, max-image-preview:large, max-video-preview:-1\" \/>\n<link rel=\"canonical\" href=\"https:\/\/www.salutacoach.ch\/fr\/produkt\/starter-nutrition\/\" \/>\n<meta property=\"og:locale\" content=\"fr_FR\" \/>\n<meta property=\"og:type\" content=\"article\" \/>\n<meta property=\"og:title\" content=\"Starter - Nutrition (Check) - SalutaCoach\" \/>\n<meta property=\"og:description\" content=\"Documentation nutritionnelle Veillez \u00e0 indiquer votre num\u00e9ro WhatsApp lors de la commande. Apr\u00e8s l&rsquo;e-mail de confirmation, vous recevrez par WhatsApp le d\u00e9roulement exact de la documentation nutritionnelle pendant une journ\u00e9e de travail. Vous r\u00e9alisez la documentation nutritionnelle de mani\u00e8re individuelle. &nbsp; Entretien d&rsquo;analyse Choix de la date Une fois la documentation nutritionnelle termin\u00e9e, vous choisissez [&hellip;]\" \/>\n<meta property=\"og:url\" content=\"https:\/\/www.salutacoach.ch\/fr\/produkt\/starter-nutrition\/\" \/>\n<meta property=\"og:site_name\" content=\"SalutaCoach\" \/>\n<meta property=\"article:publisher\" content=\"https:\/\/www.facebook.com\/salutacoach\" \/>\n<meta property=\"article:modified_time\" content=\"2026-02-10T16:57:47+00:00\" \/>\n<meta property=\"og:image\" content=\"https:\/\/www.salutacoach.ch\/wp-content\/uploads\/2021\/12\/SalutaCoach_Nadine_Hi-scaled.jpg\" \/>\n\t<meta property=\"og:image:width\" content=\"2560\" \/>\n\t<meta property=\"og:image:height\" content=\"1707\" \/>\n\t<meta property=\"og:image:type\" content=\"image\/jpeg\" \/>\n<meta name=\"twitter:card\" content=\"summary_large_image\" \/>\n<meta name=\"twitter:label1\" content=\"Dur\u00e9e de lecture estim\u00e9e\" \/>\n\t<meta name=\"twitter:data1\" content=\"1 minute\" \/>\n<script type=\"application\/ld+json\" class=\"yoast-schema-graph\">{\"@context\":\"https:\\\/\\\/schema.org\",\"@graph\":[{\"@type\":\"WebPage\",\"@id\":\"https:\\\/\\\/www.salutacoach.ch\\\/fr\\\/produkt\\\/starter-nutrition\\\/\",\"url\":\"https:\\\/\\\/www.salutacoach.ch\\\/fr\\\/produkt\\\/starter-nutrition\\\/\",\"name\":\"Starter - Nutrition (Check) - SalutaCoach\",\"isPartOf\":{\"@id\":\"https:\\\/\\\/www.salutacoach.ch\\\/#website\"},\"primaryImageOfPage\":{\"@id\":\"https:\\\/\\\/www.salutacoach.ch\\\/fr\\\/produkt\\\/starter-nutrition\\\/#primaryimage\"},\"image\":{\"@id\":\"https:\\\/\\\/www.salutacoach.ch\\\/fr\\\/produkt\\\/starter-nutrition\\\/#primaryimage\"},\"thumbnailUrl\":\"https:\\\/\\\/www.salutacoach.ch\\\/wp-content\\\/uploads\\\/2021\\\/12\\\/SalutaCoach_Nadine_Hi-scaled.jpg\",\"datePublished\":\"2024-06-25T09:38:17+00:00\",\"dateModified\":\"2026-02-10T16:57:47+00:00\",\"breadcrumb\":{\"@id\":\"https:\\\/\\\/www.salutacoach.ch\\\/fr\\\/produkt\\\/starter-nutrition\\\/#breadcrumb\"},\"inLanguage\":\"fr-FR\",\"potentialAction\":[{\"@type\":\"ReadAction\",\"target\":[\"https:\\\/\\\/www.salutacoach.ch\\\/fr\\\/produkt\\\/starter-nutrition\\\/\"]}]},{\"@type\":\"ImageObject\",\"inLanguage\":\"fr-FR\",\"@id\":\"https:\\\/\\\/www.salutacoach.ch\\\/fr\\\/produkt\\\/starter-nutrition\\\/#primaryimage\",\"url\":\"https:\\\/\\\/www.salutacoach.ch\\\/wp-content\\\/uploads\\\/2021\\\/12\\\/SalutaCoach_Nadine_Hi-scaled.jpg\",\"contentUrl\":\"https:\\\/\\\/www.salutacoach.ch\\\/wp-content\\\/uploads\\\/2021\\\/12\\\/SalutaCoach_Nadine_Hi-scaled.jpg\",\"width\":2560,\"height\":1707},{\"@type\":\"BreadcrumbList\",\"@id\":\"https:\\\/\\\/www.salutacoach.ch\\\/fr\\\/produkt\\\/starter-nutrition\\\/#breadcrumb\",\"itemListElement\":[{\"@type\":\"ListItem\",\"position\":1,\"name\":\"Startseite\",\"item\":\"https:\\\/\\\/www.salutacoach.ch\\\/\"},{\"@type\":\"ListItem\",\"position\":2,\"name\":\"Shop\",\"item\":\"https:\\\/\\\/www.salutacoach.ch\\\/?page_id=1866\"},{\"@type\":\"ListItem\",\"position\":3,\"name\":\"Starter &#8211; Nutrition (Check)\"}]},{\"@type\":\"WebSite\",\"@id\":\"https:\\\/\\\/www.salutacoach.ch\\\/#website\",\"url\":\"https:\\\/\\\/www.salutacoach.ch\\\/\",\"name\":\"SalutaCoach\",\"description\":\"Personal Health Coaching\",\"publisher\":{\"@id\":\"https:\\\/\\\/www.salutacoach.ch\\\/#organization\"},\"potentialAction\":[{\"@type\":\"SearchAction\",\"target\":{\"@type\":\"EntryPoint\",\"urlTemplate\":\"https:\\\/\\\/www.salutacoach.ch\\\/?s={search_term_string}\"},\"query-input\":{\"@type\":\"PropertyValueSpecification\",\"valueRequired\":true,\"valueName\":\"search_term_string\"}}],\"inLanguage\":\"fr-FR\"},{\"@type\":\"Organization\",\"@id\":\"https:\\\/\\\/www.salutacoach.ch\\\/#organization\",\"name\":\"Salutacoach AG\",\"url\":\"https:\\\/\\\/www.salutacoach.ch\\\/\",\"logo\":{\"@type\":\"ImageObject\",\"inLanguage\":\"fr-FR\",\"@id\":\"https:\\\/\\\/www.salutacoach.ch\\\/#\\\/schema\\\/logo\\\/image\\\/\",\"url\":\"https:\\\/\\\/www.salutacoach.ch\\\/wp-content\\\/uploads\\\/2021\\\/01\\\/saluta_logo.png\",\"contentUrl\":\"https:\\\/\\\/www.salutacoach.ch\\\/wp-content\\\/uploads\\\/2021\\\/01\\\/saluta_logo.png\",\"width\":900,\"height\":413,\"caption\":\"Salutacoach AG\"},\"image\":{\"@id\":\"https:\\\/\\\/www.salutacoach.ch\\\/#\\\/schema\\\/logo\\\/image\\\/\"},\"sameAs\":[\"https:\\\/\\\/www.facebook.com\\\/salutacoach\",\"https:\\\/\\\/www.instagram.com\\\/salutacoach\\\/\",\"https:\\\/\\\/www.linkedin.com\\\/company\\\/salutacoach-ag\"]}]}<\/script>\n<!-- \/ Yoast SEO plugin. -->","yoast_head_json":{"title":"Starter - Nutrition (Check) - SalutaCoach","robots":{"index":"index","follow":"follow","max-snippet":"max-snippet:-1","max-image-preview":"max-image-preview:large","max-video-preview":"max-video-preview:-1"},"canonical":"https:\/\/www.salutacoach.ch\/fr\/produkt\/starter-nutrition\/","og_locale":"fr_FR","og_type":"article","og_title":"Starter - Nutrition (Check) - SalutaCoach","og_description":"Documentation nutritionnelle Veillez \u00e0 indiquer votre num\u00e9ro WhatsApp lors de la commande. Apr\u00e8s l&rsquo;e-mail de confirmation, vous recevrez par WhatsApp le d\u00e9roulement exact de la documentation nutritionnelle pendant une journ\u00e9e de travail. Vous r\u00e9alisez la documentation nutritionnelle de mani\u00e8re individuelle. &nbsp; Entretien d&rsquo;analyse Choix de la date Une fois la documentation nutritionnelle termin\u00e9e, vous choisissez [&hellip;]","og_url":"https:\/\/www.salutacoach.ch\/fr\/produkt\/starter-nutrition\/","og_site_name":"SalutaCoach","article_publisher":"https:\/\/www.facebook.com\/salutacoach","article_modified_time":"2026-02-10T16:57:47+00:00","og_image":[{"width":2560,"height":1707,"url":"https:\/\/www.salutacoach.ch\/wp-content\/uploads\/2021\/12\/SalutaCoach_Nadine_Hi-scaled.jpg","type":"image\/jpeg"}],"twitter_card":"summary_large_image","twitter_misc":{"Dur\u00e9e de lecture estim\u00e9e":"1 minute"},"schema":{"@context":"https:\/\/schema.org","@graph":[{"@type":"WebPage","@id":"https:\/\/www.salutacoach.ch\/fr\/produkt\/starter-nutrition\/","url":"https:\/\/www.salutacoach.ch\/fr\/produkt\/starter-nutrition\/","name":"Starter - Nutrition (Check) - SalutaCoach","isPartOf":{"@id":"https:\/\/www.salutacoach.ch\/#website"},"primaryImageOfPage":{"@id":"https:\/\/www.salutacoach.ch\/fr\/produkt\/starter-nutrition\/#primaryimage"},"image":{"@id":"https:\/\/www.salutacoach.ch\/fr\/produkt\/starter-nutrition\/#primaryimage"},"thumbnailUrl":"https:\/\/www.salutacoach.ch\/wp-content\/uploads\/2021\/12\/SalutaCoach_Nadine_Hi-scaled.jpg","datePublished":"2024-06-25T09:38:17+00:00","dateModified":"2026-02-10T16:57:47+00:00","breadcrumb":{"@id":"https:\/\/www.salutacoach.ch\/fr\/produkt\/starter-nutrition\/#breadcrumb"},"inLanguage":"fr-FR","potentialAction":[{"@type":"ReadAction","target":["https:\/\/www.salutacoach.ch\/fr\/produkt\/starter-nutrition\/"]}]},{"@type":"ImageObject","inLanguage":"fr-FR","@id":"https:\/\/www.salutacoach.ch\/fr\/produkt\/starter-nutrition\/#primaryimage","url":"https:\/\/www.salutacoach.ch\/wp-content\/uploads\/2021\/12\/SalutaCoach_Nadine_Hi-scaled.jpg","contentUrl":"https:\/\/www.salutacoach.ch\/wp-content\/uploads\/2021\/12\/SalutaCoach_Nadine_Hi-scaled.jpg","width":2560,"height":1707},{"@type":"BreadcrumbList","@id":"https:\/\/www.salutacoach.ch\/fr\/produkt\/starter-nutrition\/#breadcrumb","itemListElement":[{"@type":"ListItem","position":1,"name":"Startseite","item":"https:\/\/www.salutacoach.ch\/"},{"@type":"ListItem","position":2,"name":"Shop","item":"https:\/\/www.salutacoach.ch\/?page_id=1866"},{"@type":"ListItem","position":3,"name":"Starter &#8211; Nutrition (Check)"}]},{"@type":"WebSite","@id":"https:\/\/www.salutacoach.ch\/#website","url":"https:\/\/www.salutacoach.ch\/","name":"SalutaCoach","description":"Personal Health Coaching","publisher":{"@id":"https:\/\/www.salutacoach.ch\/#organization"},"potentialAction":[{"@type":"SearchAction","target":{"@type":"EntryPoint","urlTemplate":"https:\/\/www.salutacoach.ch\/?s={search_term_string}"},"query-input":{"@type":"PropertyValueSpecification","valueRequired":true,"valueName":"search_term_string"}}],"inLanguage":"fr-FR"},{"@type":"Organization","@id":"https:\/\/www.salutacoach.ch\/#organization","name":"Salutacoach AG","url":"https:\/\/www.salutacoach.ch\/","logo":{"@type":"ImageObject","inLanguage":"fr-FR","@id":"https:\/\/www.salutacoach.ch\/#\/schema\/logo\/image\/","url":"https:\/\/www.salutacoach.ch\/wp-content\/uploads\/2021\/01\/saluta_logo.png","contentUrl":"https:\/\/www.salutacoach.ch\/wp-content\/uploads\/2021\/01\/saluta_logo.png","width":900,"height":413,"caption":"Salutacoach AG"},"image":{"@id":"https:\/\/www.salutacoach.ch\/#\/schema\/logo\/image\/"},"sameAs":["https:\/\/www.facebook.com\/salutacoach","https:\/\/www.instagram.com\/salutacoach\/","https:\/\/www.linkedin.com\/company\/salutacoach-ag"]}]}},"_links":{"self":[{"href":"https:\/\/www.salutacoach.ch\/fr\/wp-json\/wp\/v2\/product\/37150","targetHints":{"allow":["GET"]}}],"collection":[{"href":"https:\/\/www.salutacoach.ch\/fr\/wp-json\/wp\/v2\/product"}],"about":[{"href":"https:\/\/www.salutacoach.ch\/fr\/wp-json\/wp\/v2\/types\/product"}],"replies":[{"embeddable":true,"href":"https:\/\/www.salutacoach.ch\/fr\/wp-json\/wp\/v2\/comments?post=37150"}],"wp:featuredmedia":[{"embeddable":true,"href":"https:\/\/www.salutacoach.ch\/fr\/wp-json\/wp\/v2\/media\/28250"}],"wp:attachment":[{"href":"https:\/\/www.salutacoach.ch\/fr\/wp-json\/wp\/v2\/media?parent=37150"}],"wp:term":[{"taxonomy":"product_brand","embeddable":true,"href":"https:\/\/www.salutacoach.ch\/fr\/wp-json\/wp\/v2\/product_brand?post=37150"},{"taxonomy":"product_cat","embeddable":true,"href":"https:\/\/www.salutacoach.ch\/fr\/wp-json\/wp\/v2\/product_cat?post=37150"},{"taxonomy":"product_tag","embeddable":true,"href":"https:\/\/www.salutacoach.ch\/fr\/wp-json\/wp\/v2\/product_tag?post=37150"}],"curies":[{"name":"wp","href":"https:\/\/api.w.org\/{rel}","templated":true}]}}