{"id":37145,"date":"2024-05-28T14:45:18","date_gmt":"2024-05-28T12:45:18","guid":{"rendered":"https:\/\/www.salutacoach.ch\/produkt\/healthychat-motivation-personnelle-directement-de-votre-coach\/"},"modified":"2026-02-13T13:41:47","modified_gmt":"2026-02-13T12:41:47","slug":"healthychat-motivation-personnelle-directement-de-votre-coach","status":"publish","type":"product","link":"https:\/\/www.salutacoach.ch\/fr\/produkt\/healthychat-motivation-personnelle-directement-de-votre-coach\/","title":{"rendered":"HealthyChat : motivation personnelle, directement de votre coach."},"content":{"rendered":"<ul>\n<li>Accompagnement \u00e9crit de trois mois par des <a href=\"https:\/\/www.salutacoach.ch\/fr\/contacter-un-coach\/\" target=\"_blank\" rel=\"noopener\">SalutaCoaches<\/a><\/li>\n<li>Questions individuelles, r\u00e9ponses personnelles<\/li>\n<li>Messages de motivation r\u00e9guliers<\/li>\n<li>Choisissez le coach qui vous convient le mieux<\/li>\n<\/ul>\n","protected":false},"excerpt":{"rendered":"<p>Accompagnement \u00e9crit de trois mois par des SalutaCoaches Questions individuelles, r\u00e9ponses personnelles Messages de motivation r\u00e9guliers Choisissez le coach qui vous convient le mieux<\/p>\n","protected":false},"featured_media":31196,"comment_status":"closed","ping_status":"closed","template":"","meta":{"_acf_changed":false},"product_brand":[],"product_cat":[71,324],"product_tag":[],"class_list":{"0":"post-37145","1":"product","2":"type-product","3":"status-publish","4":"has-post-thumbnail","6":"product_cat-coaching-programme-fr","7":"product_cat-visible-sur-app-fe","9":"first","10":"instock","11":"taxable","12":"shipping-taxable","13":"purchasable","14":"product-type-simple"},"acf":[],"yoast_head":"<!-- This site is optimized with the Yoast SEO plugin v27.4 - https:\/\/yoast.com\/product\/yoast-seo-wordpress\/ -->\n<title>HealthyChat : motivation personnelle, directement de votre coach. - SalutaCoach<\/title>\n<meta name=\"description\" content=\"Recevez par e-mail de la motivation pour votre journ\u00e9e - posez vos questions et recevez des r\u00e9ponses personnalis\u00e9es sur l&#039;alimentation, l&#039;exercice et la sant\u00e9 mentale.\" \/>\n<meta name=\"robots\" content=\"index, follow, max-snippet:-1, max-image-preview:large, max-video-preview:-1\" \/>\n<link rel=\"canonical\" href=\"https:\/\/www.salutacoach.ch\/fr\/produkt\/healthychat-motivation-personnelle-directement-de-votre-coach\/\" \/>\n<meta property=\"og:locale\" content=\"fr_FR\" \/>\n<meta property=\"og:type\" content=\"article\" \/>\n<meta property=\"og:title\" content=\"HealthyChat : motivation personnelle, directement de votre coach. - SalutaCoach\" \/>\n<meta property=\"og:description\" content=\"Recevez par e-mail de la motivation pour votre journ\u00e9e - posez vos questions et recevez des r\u00e9ponses personnalis\u00e9es sur l&#039;alimentation, l&#039;exercice et la sant\u00e9 mentale.\" \/>\n<meta property=\"og:url\" content=\"https:\/\/www.salutacoach.ch\/fr\/produkt\/healthychat-motivation-personnelle-directement-de-votre-coach\/\" \/>\n<meta property=\"og:site_name\" content=\"SalutaCoach\" \/>\n<meta property=\"article:publisher\" content=\"https:\/\/www.facebook.com\/salutacoach\" \/>\n<meta property=\"article:modified_time\" content=\"2026-02-13T12:41:47+00:00\" \/>\n<meta name=\"twitter:card\" content=\"summary_large_image\" \/>\n<meta name=\"twitter:label1\" content=\"Dur\u00e9e de lecture estim\u00e9e\" \/>\n\t<meta name=\"twitter:data1\" content=\"1 minute\" \/>\n<script type=\"application\/ld+json\" class=\"yoast-schema-graph\">{\"@context\":\"https:\\\/\\\/schema.org\",\"@graph\":[{\"@type\":\"WebPage\",\"@id\":\"https:\\\/\\\/www.salutacoach.ch\\\/fr\\\/produkt\\\/healthychat-motivation-personnelle-directement-de-votre-coach\\\/\",\"url\":\"https:\\\/\\\/www.salutacoach.ch\\\/fr\\\/produkt\\\/healthychat-motivation-personnelle-directement-de-votre-coach\\\/\",\"name\":\"HealthyChat : motivation personnelle, directement de votre coach. - SalutaCoach\",\"isPartOf\":{\"@id\":\"https:\\\/\\\/www.salutacoach.ch\\\/#website\"},\"primaryImageOfPage\":{\"@id\":\"https:\\\/\\\/www.salutacoach.ch\\\/fr\\\/produkt\\\/healthychat-motivation-personnelle-directement-de-votre-coach\\\/#primaryimage\"},\"image\":{\"@id\":\"https:\\\/\\\/www.salutacoach.ch\\\/fr\\\/produkt\\\/healthychat-motivation-personnelle-directement-de-votre-coach\\\/#primaryimage\"},\"thumbnailUrl\":\"https:\\\/\\\/www.salutacoach.ch\\\/wp-content\\\/uploads\\\/2024\\\/05\\\/Success-Streamline-Manchester.svg\",\"datePublished\":\"2024-05-28T12:45:18+00:00\",\"dateModified\":\"2026-02-13T12:41:47+00:00\",\"description\":\"Recevez par e-mail de la motivation pour votre journ\u00e9e - posez vos questions et recevez des r\u00e9ponses personnalis\u00e9es sur l'alimentation, l'exercice et la sant\u00e9 mentale.\",\"breadcrumb\":{\"@id\":\"https:\\\/\\\/www.salutacoach.ch\\\/fr\\\/produkt\\\/healthychat-motivation-personnelle-directement-de-votre-coach\\\/#breadcrumb\"},\"inLanguage\":\"fr-FR\",\"potentialAction\":[{\"@type\":\"ReadAction\",\"target\":[\"https:\\\/\\\/www.salutacoach.ch\\\/fr\\\/produkt\\\/healthychat-motivation-personnelle-directement-de-votre-coach\\\/\"]}]},{\"@type\":\"ImageObject\",\"inLanguage\":\"fr-FR\",\"@id\":\"https:\\\/\\\/www.salutacoach.ch\\\/fr\\\/produkt\\\/healthychat-motivation-personnelle-directement-de-votre-coach\\\/#primaryimage\",\"url\":\"https:\\\/\\\/www.salutacoach.ch\\\/wp-content\\\/uploads\\\/2024\\\/05\\\/Success-Streamline-Manchester.svg\",\"contentUrl\":\"https:\\\/\\\/www.salutacoach.ch\\\/wp-content\\\/uploads\\\/2024\\\/05\\\/Success-Streamline-Manchester.svg\",\"width\":512,\"height\":512},{\"@type\":\"BreadcrumbList\",\"@id\":\"https:\\\/\\\/www.salutacoach.ch\\\/fr\\\/produkt\\\/healthychat-motivation-personnelle-directement-de-votre-coach\\\/#breadcrumb\",\"itemListElement\":[{\"@type\":\"ListItem\",\"position\":1,\"name\":\"Startseite\",\"item\":\"https:\\\/\\\/www.salutacoach.ch\\\/\"},{\"@type\":\"ListItem\",\"position\":2,\"name\":\"Shop\",\"item\":\"https:\\\/\\\/www.salutacoach.ch\\\/?page_id=1866\"},{\"@type\":\"ListItem\",\"position\":3,\"name\":\"HealthyChat : motivation personnelle, directement de votre coach.\"}]},{\"@type\":\"WebSite\",\"@id\":\"https:\\\/\\\/www.salutacoach.ch\\\/#website\",\"url\":\"https:\\\/\\\/www.salutacoach.ch\\\/\",\"name\":\"SalutaCoach\",\"description\":\"Personal Health Coaching\",\"publisher\":{\"@id\":\"https:\\\/\\\/www.salutacoach.ch\\\/#organization\"},\"potentialAction\":[{\"@type\":\"SearchAction\",\"target\":{\"@type\":\"EntryPoint\",\"urlTemplate\":\"https:\\\/\\\/www.salutacoach.ch\\\/?s={search_term_string}\"},\"query-input\":{\"@type\":\"PropertyValueSpecification\",\"valueRequired\":true,\"valueName\":\"search_term_string\"}}],\"inLanguage\":\"fr-FR\"},{\"@type\":\"Organization\",\"@id\":\"https:\\\/\\\/www.salutacoach.ch\\\/#organization\",\"name\":\"Salutacoach AG\",\"url\":\"https:\\\/\\\/www.salutacoach.ch\\\/\",\"logo\":{\"@type\":\"ImageObject\",\"inLanguage\":\"fr-FR\",\"@id\":\"https:\\\/\\\/www.salutacoach.ch\\\/#\\\/schema\\\/logo\\\/image\\\/\",\"url\":\"https:\\\/\\\/www.salutacoach.ch\\\/wp-content\\\/uploads\\\/2021\\\/01\\\/saluta_logo.png\",\"contentUrl\":\"https:\\\/\\\/www.salutacoach.ch\\\/wp-content\\\/uploads\\\/2021\\\/01\\\/saluta_logo.png\",\"width\":900,\"height\":413,\"caption\":\"Salutacoach AG\"},\"image\":{\"@id\":\"https:\\\/\\\/www.salutacoach.ch\\\/#\\\/schema\\\/logo\\\/image\\\/\"},\"sameAs\":[\"https:\\\/\\\/www.facebook.com\\\/salutacoach\",\"https:\\\/\\\/www.instagram.com\\\/salutacoach\\\/\",\"https:\\\/\\\/www.linkedin.com\\\/company\\\/salutacoach-ag\"]}]}<\/script>\n<!-- \/ Yoast SEO plugin. -->","yoast_head_json":{"title":"HealthyChat : motivation personnelle, directement de votre coach. - SalutaCoach","description":"Recevez par e-mail de la motivation pour votre journ\u00e9e - posez vos questions et recevez des r\u00e9ponses personnalis\u00e9es sur l'alimentation, l'exercice et la sant\u00e9 mentale.","robots":{"index":"index","follow":"follow","max-snippet":"max-snippet:-1","max-image-preview":"max-image-preview:large","max-video-preview":"max-video-preview:-1"},"canonical":"https:\/\/www.salutacoach.ch\/fr\/produkt\/healthychat-motivation-personnelle-directement-de-votre-coach\/","og_locale":"fr_FR","og_type":"article","og_title":"HealthyChat : motivation personnelle, directement de votre coach. - SalutaCoach","og_description":"Recevez par e-mail de la motivation pour votre journ\u00e9e - posez vos questions et recevez des r\u00e9ponses personnalis\u00e9es sur l'alimentation, l'exercice et la sant\u00e9 mentale.","og_url":"https:\/\/www.salutacoach.ch\/fr\/produkt\/healthychat-motivation-personnelle-directement-de-votre-coach\/","og_site_name":"SalutaCoach","article_publisher":"https:\/\/www.facebook.com\/salutacoach","article_modified_time":"2026-02-13T12:41:47+00:00","twitter_card":"summary_large_image","twitter_misc":{"Dur\u00e9e de lecture estim\u00e9e":"1 minute"},"schema":{"@context":"https:\/\/schema.org","@graph":[{"@type":"WebPage","@id":"https:\/\/www.salutacoach.ch\/fr\/produkt\/healthychat-motivation-personnelle-directement-de-votre-coach\/","url":"https:\/\/www.salutacoach.ch\/fr\/produkt\/healthychat-motivation-personnelle-directement-de-votre-coach\/","name":"HealthyChat : motivation personnelle, directement de votre coach. - SalutaCoach","isPartOf":{"@id":"https:\/\/www.salutacoach.ch\/#website"},"primaryImageOfPage":{"@id":"https:\/\/www.salutacoach.ch\/fr\/produkt\/healthychat-motivation-personnelle-directement-de-votre-coach\/#primaryimage"},"image":{"@id":"https:\/\/www.salutacoach.ch\/fr\/produkt\/healthychat-motivation-personnelle-directement-de-votre-coach\/#primaryimage"},"thumbnailUrl":"https:\/\/www.salutacoach.ch\/wp-content\/uploads\/2024\/05\/Success-Streamline-Manchester.svg","datePublished":"2024-05-28T12:45:18+00:00","dateModified":"2026-02-13T12:41:47+00:00","description":"Recevez par e-mail de la motivation pour votre journ\u00e9e - posez vos questions et recevez des r\u00e9ponses personnalis\u00e9es sur l'alimentation, l'exercice et la sant\u00e9 mentale.","breadcrumb":{"@id":"https:\/\/www.salutacoach.ch\/fr\/produkt\/healthychat-motivation-personnelle-directement-de-votre-coach\/#breadcrumb"},"inLanguage":"fr-FR","potentialAction":[{"@type":"ReadAction","target":["https:\/\/www.salutacoach.ch\/fr\/produkt\/healthychat-motivation-personnelle-directement-de-votre-coach\/"]}]},{"@type":"ImageObject","inLanguage":"fr-FR","@id":"https:\/\/www.salutacoach.ch\/fr\/produkt\/healthychat-motivation-personnelle-directement-de-votre-coach\/#primaryimage","url":"https:\/\/www.salutacoach.ch\/wp-content\/uploads\/2024\/05\/Success-Streamline-Manchester.svg","contentUrl":"https:\/\/www.salutacoach.ch\/wp-content\/uploads\/2024\/05\/Success-Streamline-Manchester.svg","width":512,"height":512},{"@type":"BreadcrumbList","@id":"https:\/\/www.salutacoach.ch\/fr\/produkt\/healthychat-motivation-personnelle-directement-de-votre-coach\/#breadcrumb","itemListElement":[{"@type":"ListItem","position":1,"name":"Startseite","item":"https:\/\/www.salutacoach.ch\/"},{"@type":"ListItem","position":2,"name":"Shop","item":"https:\/\/www.salutacoach.ch\/?page_id=1866"},{"@type":"ListItem","position":3,"name":"HealthyChat : motivation personnelle, directement de votre coach."}]},{"@type":"WebSite","@id":"https:\/\/www.salutacoach.ch\/#website","url":"https:\/\/www.salutacoach.ch\/","name":"SalutaCoach","description":"Personal Health Coaching","publisher":{"@id":"https:\/\/www.salutacoach.ch\/#organization"},"potentialAction":[{"@type":"SearchAction","target":{"@type":"EntryPoint","urlTemplate":"https:\/\/www.salutacoach.ch\/?s={search_term_string}"},"query-input":{"@type":"PropertyValueSpecification","valueRequired":true,"valueName":"search_term_string"}}],"inLanguage":"fr-FR"},{"@type":"Organization","@id":"https:\/\/www.salutacoach.ch\/#organization","name":"Salutacoach AG","url":"https:\/\/www.salutacoach.ch\/","logo":{"@type":"ImageObject","inLanguage":"fr-FR","@id":"https:\/\/www.salutacoach.ch\/#\/schema\/logo\/image\/","url":"https:\/\/www.salutacoach.ch\/wp-content\/uploads\/2021\/01\/saluta_logo.png","contentUrl":"https:\/\/www.salutacoach.ch\/wp-content\/uploads\/2021\/01\/saluta_logo.png","width":900,"height":413,"caption":"Salutacoach AG"},"image":{"@id":"https:\/\/www.salutacoach.ch\/#\/schema\/logo\/image\/"},"sameAs":["https:\/\/www.facebook.com\/salutacoach","https:\/\/www.instagram.com\/salutacoach\/","https:\/\/www.linkedin.com\/company\/salutacoach-ag"]}]}},"_links":{"self":[{"href":"https:\/\/www.salutacoach.ch\/fr\/wp-json\/wp\/v2\/product\/37145","targetHints":{"allow":["GET"]}}],"collection":[{"href":"https:\/\/www.salutacoach.ch\/fr\/wp-json\/wp\/v2\/product"}],"about":[{"href":"https:\/\/www.salutacoach.ch\/fr\/wp-json\/wp\/v2\/types\/product"}],"replies":[{"embeddable":true,"href":"https:\/\/www.salutacoach.ch\/fr\/wp-json\/wp\/v2\/comments?post=37145"}],"wp:featuredmedia":[{"embeddable":true,"href":"https:\/\/www.salutacoach.ch\/fr\/wp-json\/wp\/v2\/media\/31196"}],"wp:attachment":[{"href":"https:\/\/www.salutacoach.ch\/fr\/wp-json\/wp\/v2\/media?parent=37145"}],"wp:term":[{"taxonomy":"product_brand","embeddable":true,"href":"https:\/\/www.salutacoach.ch\/fr\/wp-json\/wp\/v2\/product_brand?post=37145"},{"taxonomy":"product_cat","embeddable":true,"href":"https:\/\/www.salutacoach.ch\/fr\/wp-json\/wp\/v2\/product_cat?post=37145"},{"taxonomy":"product_tag","embeddable":true,"href":"https:\/\/www.salutacoach.ch\/fr\/wp-json\/wp\/v2\/product_tag?post=37145"}],"curies":[{"name":"wp","href":"https:\/\/api.w.org\/{rel}","templated":true}]}}